{"id":246,"date":"2025-04-24T22:16:26","date_gmt":"2025-04-24T20:16:26","guid":{"rendered":"https:\/\/www.josefbergs.com\/de\/?page_id=246"},"modified":"2025-04-24T23:46:13","modified_gmt":"2025-04-24T21:46:13","slug":"kontakt","status":"publish","type":"page","link":"https:\/\/www.josefbergs.com\/de\/kontakt\/","title":{"rendered":"Kontakt"},"content":{"rendered":"\t\t<div data-elementor-type=\"wp-page\" data-elementor-id=\"246\" class=\"elementor elementor-246\">\n\t\t\t\t<div class=\"elementor-element elementor-element-e9eb505 e-con-full e-flex e-con e-parent\" data-id=\"e9eb505\" data-element_type=\"container\">\n\t\t<div class=\"elementor-element elementor-element-a1eb958 e-con-full e-flex e-con e-child\" data-id=\"a1eb958\" data-element_type=\"container\">\n\t\t\t\t<div class=\"elementor-element elementor-element-d54273c elementor-widget elementor-widget-heading\" data-id=\"d54273c\" data-element_type=\"widget\" data-widget_type=\"heading.default\">\n\t\t\t\t<div class=\"elementor-widget-container\">\n\t\t\t\t\t<h4 class=\"elementor-heading-title elementor-size-default\">GERNE BEANTWORTEN WIR IHRE FRAGEN<\/h4>\t\t\t\t<\/div>\n\t\t\t\t<\/div>\n\t\t\t\t<div class=\"elementor-element elementor-element-d4e722c elementor-widget elementor-widget-text-editor\" data-id=\"d4e722c\" data-element_type=\"widget\" data-widget_type=\"text-editor.default\">\n\t\t\t\t<div class=\"elementor-widget-container\">\n\t\t\t\t\t\t\t\t\t<div class=\"wpb_text_column wpb_content_element  vc_custom_1529078260541\"><div class=\"wpb_wrapper\"><p>Bitte f\u00fcllen Sie dazu das nachfolgende Formular m\u00f6glichst vollst\u00e4ndig aus. Das Ausf\u00fcllen des Online-Formulars nimmt nur wenig Zeit in Anspruch.<\/p><p>Mit * markierte Felder sind Pflichtfelder.<\/p><\/div><\/div>\t\t\t\t\t\t\t\t<\/div>\n\t\t\t\t<\/div>\n\t\t\t\t<div class=\"elementor-element elementor-element-10d1f81 elementor-widget elementor-widget-shortcode\" data-id=\"10d1f81\" data-element_type=\"widget\" data-widget_type=\"shortcode.default\">\n\t\t\t\t<div class=\"elementor-widget-container\">\n\t\t\t\t\t\t\t<div class=\"elementor-shortcode\">\n<div class=\"wpcf7 no-js\" id=\"wpcf7-f255-o1\" lang=\"de-DE\" dir=\"ltr\" data-wpcf7-id=\"255\">\n<div class=\"screen-reader-response\"><p role=\"status\" aria-live=\"polite\" aria-atomic=\"true\"><\/p> <ul><\/ul><\/div>\n<form action=\"\/de\/wp-json\/wp\/v2\/pages\/246#wpcf7-f255-o1\" method=\"post\" class=\"wpcf7-form init\" aria-label=\"Kontaktformular\" novalidate=\"novalidate\" data-status=\"init\">\n<div style=\"display: none;\">\n<input type=\"hidden\" name=\"_wpcf7\" value=\"255\" \/>\n<input type=\"hidden\" name=\"_wpcf7_version\" value=\"6.0.3\" \/>\n<input type=\"hidden\" name=\"_wpcf7_locale\" value=\"de_DE\" \/>\n<input type=\"hidden\" name=\"_wpcf7_unit_tag\" value=\"wpcf7-f255-o1\" \/>\n<input type=\"hidden\" name=\"_wpcf7_container_post\" value=\"0\" \/>\n<input type=\"hidden\" name=\"_wpcf7_posted_data_hash\" value=\"\" \/>\n<\/div>\n<p>\n<label>Vor- und Nachname*<\/label>\n    <span class=\"wpcf7-form-control-wrap\" data-name=\"your-name\"><input size=\"40\" maxlength=\"400\" class=\"wpcf7-form-control wpcf7-text wpcf7-validates-as-required\" aria-required=\"true\" aria-invalid=\"false\" value=\"\" type=\"text\" name=\"your-name\" \/><\/span>\n<\/p>\n<p>\n<label>E-Mail-Adresse*<\/label>\n    <span class=\"wpcf7-form-control-wrap\" data-name=\"your-email\"><input size=\"40\" maxlength=\"400\" class=\"wpcf7-form-control wpcf7-email wpcf7-validates-as-required wpcf7-text wpcf7-validates-as-email\" aria-required=\"true\" aria-invalid=\"false\" value=\"\" type=\"email\" name=\"your-email\" \/><\/span>\n<\/p>\n<p>\n<label>Ihre Mitteilung an uns*<\/label>\n    <span class=\"wpcf7-form-control-wrap\" data-name=\"your-subject\"><input size=\"40\" maxlength=\"400\" class=\"wpcf7-form-control wpcf7-text wpcf7-validates-as-required\" aria-required=\"true\" aria-invalid=\"false\" value=\"\" type=\"text\" name=\"your-subject\" \/><\/span>\n<\/p>\n<label>Eine pers\u00f6nliche Mitteilung an uns<\/label>\n    <span class=\"wpcf7-form-control-wrap\" data-name=\"your-message\"><textarea cols=\"40\" rows=\"10\" maxlength=\"2000\" class=\"wpcf7-form-control wpcf7-textarea\" aria-invalid=\"false\" name=\"your-message\"><\/textarea><\/span> \n<p>\n<span class=\"wpcf7-form-control-wrap\" data-name=\"checkbox-privacy\"><span class=\"wpcf7-form-control wpcf7-checkbox wpcf7-validates-as-required\"><span class=\"wpcf7-list-item first last\"><input type=\"checkbox\" name=\"checkbox-privacy[]\" value=\"Ich willige ein, dass meine Angaben zur Kontaktaufnahme und Zuordnung f\u00fcr eventuelle R\u00fcckfragen dauerhaft gespeichert werden. Hinweis: Diese Einwilligung k\u00f6nnen Sie jederzeit mit Wirkung f\u00fcr die Zukunft widerrufen, indem Sie eine E-Mail an info@josefbergs.com senden.\" \/><span class=\"wpcf7-list-item-label\">Ich willige ein, dass meine Angaben zur Kontaktaufnahme und Zuordnung f\u00fcr eventuelle R\u00fcckfragen dauerhaft gespeichert werden. Hinweis: Diese Einwilligung k\u00f6nnen Sie jederzeit mit Wirkung f\u00fcr die Zukunft widerrufen, indem Sie eine E-Mail an info@josefbergs.com senden.<\/span><\/span><\/span><\/span>\n<\/p>\n<p>\n[recaptcha]\n<\/p>\n<p>\n<input class=\"wpcf7-form-control wpcf7-submit has-spinner\" type=\"submit\" value=\"Nachricht absenden\" \/>\n<\/p><p style=\"display: none !important;\" class=\"akismet-fields-container\" data-prefix=\"_wpcf7_ak_\"><label>&#916;<textarea name=\"_wpcf7_ak_hp_textarea\" cols=\"45\" rows=\"8\" maxlength=\"100\"><\/textarea><\/label><input type=\"hidden\" id=\"ak_js_1\" name=\"_wpcf7_ak_js\" value=\"245\"\/><script>document.getElementById( \"ak_js_1\" ).setAttribute( \"value\", ( new Date() ).getTime() );<\/script><\/p><div class=\"wpcf7-response-output\" aria-hidden=\"true\"><\/div>\n<\/form>\n<\/div>\n<\/div>\n\t\t\t\t\t\t<\/div>\n\t\t\t\t<\/div>\n\t\t\t\t<\/div>\n\t\t<div class=\"elementor-element elementor-element-8a782fc e-con-full e-flex e-con e-child\" data-id=\"8a782fc\" data-element_type=\"container\">\n\t\t\t\t<div class=\"elementor-element elementor-element-6f86b30 elementor-widget elementor-widget-heading\" data-id=\"6f86b30\" data-element_type=\"widget\" data-widget_type=\"heading.default\">\n\t\t\t\t<div class=\"elementor-widget-container\">\n\t\t\t\t\t<h4 class=\"elementor-heading-title elementor-size-default\">NEHMEN SIE KONTAKT ZU UNS AUF<\/h4>\t\t\t\t<\/div>\n\t\t\t\t<\/div>\n\t\t<div class=\"elementor-element elementor-element-1ccdc72 e-con-full e-flex e-con e-child\" data-id=\"1ccdc72\" data-element_type=\"container\">\n\t\t\t\t<div class=\"elementor-element elementor-element-15b2aad elementor-widget elementor-widget-image\" data-id=\"15b2aad\" data-element_type=\"widget\" data-widget_type=\"image.default\">\n\t\t\t\t<div class=\"elementor-widget-container\">\n\t\t\t\t\t\t\t\t\t\t\t\t\t\t\t<img decoding=\"async\" src=\"https:\/\/www.josefbergs.com\/de\/wp-content\/uploads\/sites\/2\/elementor\/thumbs\/Mateja_Babic_BW_400x400-ricg6322kl5z3chdfi8tpdxtx0so951e9rkk49obm8.jpg\" title=\"Mateja Babic\" alt=\"Mateja Babic\" loading=\"lazy\" \/>\t\t\t\t\t\t\t\t\t\t\t\t\t\t\t<\/div>\n\t\t\t\t<\/div>\n\t\t\t\t<div class=\"elementor-element elementor-element-ef73e60 elementor-widget elementor-widget-text-editor\" data-id=\"ef73e60\" data-element_type=\"widget\" data-widget_type=\"text-editor.default\">\n\t\t\t\t<div class=\"elementor-widget-container\">\n\t\t\t\t\t\t\t\t\t<div class=\"wpb_text_column wpb_content_element \"><h5 class=\"wpb_wrapper\">Mateja Babic<\/h5><p><em>Kundenbetreuung<\/em><br \/>T: 08341 979 70<br \/><a href=\"mailto:info@josefbergs.com\"><span style=\"color: #9e7256;\">info@josefbergs.com<\/span><\/a><\/p><\/div>\t\t\t\t\t\t\t\t<\/div>\n\t\t\t\t<\/div>\n\t\t\t\t<div class=\"elementor-element elementor-element-49d9118 elementor-widget-divider--view-line elementor-widget elementor-widget-divider\" data-id=\"49d9118\" data-element_type=\"widget\" data-widget_type=\"divider.default\">\n\t\t\t\t<div class=\"elementor-widget-container\">\n\t\t\t\t\t\t\t<div class=\"elementor-divider\">\n\t\t\t<span class=\"elementor-divider-separator\">\n\t\t\t\t\t\t<\/span>\n\t\t<\/div>\n\t\t\t\t\t\t<\/div>\n\t\t\t\t<\/div>\n\t\t\t\t<\/div>\n\t\t<div class=\"elementor-element elementor-element-6bbe005 e-con-full e-flex e-con e-child\" data-id=\"6bbe005\" data-element_type=\"container\">\n\t\t\t\t<div class=\"elementor-element elementor-element-94079ac elementor-widget elementor-widget-image\" data-id=\"94079ac\" data-element_type=\"widget\" data-widget_type=\"image.default\">\n\t\t\t\t<div class=\"elementor-widget-container\">\n\t\t\t\t\t\t\t\t\t\t\t\t\t\t\t<img decoding=\"async\" src=\"https:\/\/www.josefbergs.com\/de\/wp-content\/uploads\/sites\/2\/elementor\/thumbs\/Anne_Lechner_BW_400x400-ricg6322kl5z3chdfi8tpdxtx0so951e9rkk49obm8.jpg\" title=\"Anne Lechner\" alt=\"Anne Lechner\" loading=\"lazy\" \/>\t\t\t\t\t\t\t\t\t\t\t\t\t\t\t<\/div>\n\t\t\t\t<\/div>\n\t\t\t\t<div class=\"elementor-element elementor-element-5a2e4b4 elementor-widget elementor-widget-text-editor\" data-id=\"5a2e4b4\" data-element_type=\"widget\" data-widget_type=\"text-editor.default\">\n\t\t\t\t<div class=\"elementor-widget-container\">\n\t\t\t\t\t\t\t\t\t<div class=\"wpb_text_column wpb_content_element \"><h5>Anne Lechner<\/h5><p><em>Kundenbetreuung<\/em><br \/><a href=\"mailto:info@josefbergs.com\"><span style=\"color: #9e7256;\">info@josefbergs.com<\/span><\/a><\/p><\/div>\t\t\t\t\t\t\t\t<\/div>\n\t\t\t\t<\/div>\n\t\t\t\t<div class=\"elementor-element elementor-element-1e4307f elementor-widget-divider--view-line elementor-widget elementor-widget-divider\" data-id=\"1e4307f\" data-element_type=\"widget\" data-widget_type=\"divider.default\">\n\t\t\t\t<div class=\"elementor-widget-container\">\n\t\t\t\t\t\t\t<div class=\"elementor-divider\">\n\t\t\t<span class=\"elementor-divider-separator\">\n\t\t\t\t\t\t<\/span>\n\t\t<\/div>\n\t\t\t\t\t\t<\/div>\n\t\t\t\t<\/div>\n\t\t\t\t<\/div>\n\t\t<div class=\"elementor-element elementor-element-e21e42c e-con-full e-flex e-con e-child\" data-id=\"e21e42c\" data-element_type=\"container\">\n\t\t\t\t<div class=\"elementor-element elementor-element-476910d elementor-widget elementor-widget-image\" data-id=\"476910d\" data-element_type=\"widget\" data-widget_type=\"image.default\">\n\t\t\t\t<div class=\"elementor-widget-container\">\n\t\t\t\t\t\t\t\t\t\t\t\t\t\t\t<img decoding=\"async\" src=\"https:\/\/www.josefbergs.com\/de\/wp-content\/uploads\/sites\/2\/elementor\/thumbs\/Martina_Fischer_BW_400x400-ricg6322kl5z3chdfi8tpdxtx0so951e9rkk49obm8.jpg\" title=\"Martina Fischer\" alt=\"Martina Fischer\" loading=\"lazy\" \/>\t\t\t\t\t\t\t\t\t\t\t\t\t\t\t<\/div>\n\t\t\t\t<\/div>\n\t\t\t\t<div class=\"elementor-element elementor-element-ef26bc8 elementor-widget elementor-widget-text-editor\" data-id=\"ef26bc8\" data-element_type=\"widget\" data-widget_type=\"text-editor.default\">\n\t\t\t\t<div class=\"elementor-widget-container\">\n\t\t\t\t\t\t\t\t\t<div class=\"wpb_text_column wpb_content_element \"><h5>Martina Fischer<\/h5><p><em>Gesch\u00e4ftsleitung<\/em><br \/>T: 08341 979 719<br \/><a href=\"mailto:m.fischer@josefbergs.com\"><span style=\"color: #9e7256;\">m.fischer@josefbergs.com<\/span><\/a><\/p><\/div>\t\t\t\t\t\t\t\t<\/div>\n\t\t\t\t<\/div>\n\t\t\t\t<\/div>\n\t\t\t\t<\/div>\n\t\t\t\t<\/div>\n\t\t\t\t<\/div>\n\t\t","protected":false},"excerpt":{"rendered":"<p>GERNE BEANTWORTEN WIR IHRE FRAGEN Bitte f\u00fcllen Sie dazu das nachfolgende Formular m\u00f6glichst vollst\u00e4ndig aus. Das Ausf\u00fcllen des Online-Formulars nimmt nur wenig Zeit in Anspruch. Mit * markierte Felder sind Pflichtfelder. NEHMEN SIE KONTAKT ZU UNS AUF Mateja Babic KundenbetreuungT: 08341 979 70info@josefbergs.com Anne Lechner Kundenbetreuunginfo@josefbergs.com Martina Fischer Gesch\u00e4ftsleitungT: 08341 979 719m.fischer@josefbergs.com<\/p>\n","protected":false},"author":1,"featured_media":0,"parent":0,"menu_order":0,"comment_status":"closed","ping_status":"closed","template":"","meta":{"footnotes":""},"categories":[],"tags":[],"class_list":["post-246","page","type-page","status-publish","hentry"],"yoast_head":"<!-- This site is optimized with the Yoast SEO plugin v24.4 - https:\/\/yoast.com\/wordpress\/plugins\/seo\/ -->\n<title>Kontakt - Josef Bergs DE<\/title>\n<meta name=\"robots\" content=\"noindex, follow, max-snippet:-1, max-image-preview:large, max-video-preview:-1\" \/>\n<meta property=\"og:locale\" content=\"de_DE\" \/>\n<meta property=\"og:type\" content=\"article\" \/>\n<meta property=\"og:title\" content=\"Kontakt - Josef Bergs DE\" \/>\n<meta property=\"og:description\" content=\"GERNE BEANTWORTEN WIR IHRE FRAGEN Bitte f\u00fcllen Sie dazu das nachfolgende Formular m\u00f6glichst vollst\u00e4ndig aus. Das Ausf\u00fcllen des Online-Formulars nimmt nur wenig Zeit in Anspruch. Mit * markierte Felder sind Pflichtfelder. NEHMEN SIE KONTAKT ZU UNS AUF Mateja Babic KundenbetreuungT: 08341 979 70info@josefbergs.com Anne Lechner Kundenbetreuunginfo@josefbergs.com Martina Fischer Gesch\u00e4ftsleitungT: 08341 979 719m.fischer@josefbergs.com\" \/>\n<meta property=\"og:url\" content=\"https:\/\/www.josefbergs.com\/de\/kontakt\/\" \/>\n<meta property=\"og:site_name\" content=\"Josef Bergs DE\" \/>\n<meta property=\"article:modified_time\" content=\"2025-04-24T21:46:13+00:00\" \/>\n<meta property=\"og:image\" content=\"https:\/\/www.josefbergs.com\/de\/wp-content\/uploads\/sites\/2\/elementor\/thumbs\/Mateja_Babic_BW_400x400-r4ujf3ur6bz9xvherda99tovv828pgy577uii9xo7k.jpg\" \/>\n<meta name=\"twitter:card\" content=\"summary_large_image\" \/>\n<meta name=\"twitter:label1\" content=\"Gesch\u00e4tzte Lesezeit\" \/>\n\t<meta name=\"twitter:data1\" content=\"1\u00a0Minute\" \/>\n<script type=\"application\/ld+json\" class=\"yoast-schema-graph\">{\"@context\":\"https:\/\/schema.org\",\"@graph\":[{\"@type\":\"WebPage\",\"@id\":\"https:\/\/www.josefbergs.com\/de\/kontakt\/\",\"url\":\"https:\/\/www.josefbergs.com\/de\/kontakt\/\",\"name\":\"Kontakt - Josef Bergs DE\",\"isPartOf\":{\"@id\":\"https:\/\/www.josefbergs.com\/de\/#website\"},\"primaryImageOfPage\":{\"@id\":\"https:\/\/www.josefbergs.com\/de\/kontakt\/#primaryimage\"},\"image\":{\"@id\":\"https:\/\/www.josefbergs.com\/de\/kontakt\/#primaryimage\"},\"thumbnailUrl\":\"https:\/\/www.josefbergs.com\/de\/wp-content\/uploads\/sites\/2\/elementor\/thumbs\/Mateja_Babic_BW_400x400-r4ujf3ur6bz9xvherda99tovv828pgy577uii9xo7k.jpg\",\"datePublished\":\"2025-04-24T20:16:26+00:00\",\"dateModified\":\"2025-04-24T21:46:13+00:00\",\"breadcrumb\":{\"@id\":\"https:\/\/www.josefbergs.com\/de\/kontakt\/#breadcrumb\"},\"inLanguage\":\"de\",\"potentialAction\":[{\"@type\":\"ReadAction\",\"target\":[\"https:\/\/www.josefbergs.com\/de\/kontakt\/\"]}]},{\"@type\":\"ImageObject\",\"inLanguage\":\"de\",\"@id\":\"https:\/\/www.josefbergs.com\/de\/kontakt\/#primaryimage\",\"url\":\"https:\/\/www.josefbergs.com\/de\/wp-content\/uploads\/sites\/2\/elementor\/thumbs\/Mateja_Babic_BW_400x400-r4ujf3ur6bz9xvherda99tovv828pgy577uii9xo7k.jpg\",\"contentUrl\":\"https:\/\/www.josefbergs.com\/de\/wp-content\/uploads\/sites\/2\/elementor\/thumbs\/Mateja_Babic_BW_400x400-r4ujf3ur6bz9xvherda99tovv828pgy577uii9xo7k.jpg\"},{\"@type\":\"BreadcrumbList\",\"@id\":\"https:\/\/www.josefbergs.com\/de\/kontakt\/#breadcrumb\",\"itemListElement\":[{\"@type\":\"ListItem\",\"position\":1,\"name\":\"Home\",\"item\":\"https:\/\/www.josefbergs.com\/de\/\"},{\"@type\":\"ListItem\",\"position\":2,\"name\":\"Kontakt\"}]},{\"@type\":\"WebSite\",\"@id\":\"https:\/\/www.josefbergs.com\/de\/#website\",\"url\":\"https:\/\/www.josefbergs.com\/de\/\",\"name\":\"Josef Bergs DE\",\"description\":\"The Original Metal Findings\",\"publisher\":{\"@id\":\"https:\/\/www.josefbergs.com\/de\/#organization\"},\"potentialAction\":[{\"@type\":\"SearchAction\",\"target\":{\"@type\":\"EntryPoint\",\"urlTemplate\":\"https:\/\/www.josefbergs.com\/de\/?s={search_term_string}\"},\"query-input\":{\"@type\":\"PropertyValueSpecification\",\"valueRequired\":true,\"valueName\":\"search_term_string\"}}],\"inLanguage\":\"de\"},{\"@type\":\"Organization\",\"@id\":\"https:\/\/www.josefbergs.com\/de\/#organization\",\"name\":\"Josef Bergs DE\",\"url\":\"https:\/\/www.josefbergs.com\/de\/\",\"logo\":{\"@type\":\"ImageObject\",\"inLanguage\":\"de\",\"@id\":\"https:\/\/www.josefbergs.com\/de\/#\/schema\/logo\/image\/\",\"url\":\"https:\/\/www.josefbergs.com\/de\/wp-content\/uploads\/sites\/2\/2025\/04\/josef-bergs-logo.png\",\"contentUrl\":\"https:\/\/www.josefbergs.com\/de\/wp-content\/uploads\/sites\/2\/2025\/04\/josef-bergs-logo.png\",\"width\":218,\"height\":82,\"caption\":\"Josef Bergs DE\"},\"image\":{\"@id\":\"https:\/\/www.josefbergs.com\/de\/#\/schema\/logo\/image\/\"}}]}<\/script>\n<!-- \/ Yoast SEO plugin. -->","yoast_head_json":{"title":"Kontakt - Josef Bergs DE","robots":{"index":"noindex","follow":"follow","max-snippet":"max-snippet:-1","max-image-preview":"max-image-preview:large","max-video-preview":"max-video-preview:-1"},"og_locale":"de_DE","og_type":"article","og_title":"Kontakt - Josef Bergs DE","og_description":"GERNE BEANTWORTEN WIR IHRE FRAGEN Bitte f\u00fcllen Sie dazu das nachfolgende Formular m\u00f6glichst vollst\u00e4ndig aus. Das Ausf\u00fcllen des Online-Formulars nimmt nur wenig Zeit in Anspruch. Mit * markierte Felder sind Pflichtfelder. NEHMEN SIE KONTAKT ZU UNS AUF Mateja Babic KundenbetreuungT: 08341 979 70info@josefbergs.com Anne Lechner Kundenbetreuunginfo@josefbergs.com Martina Fischer Gesch\u00e4ftsleitungT: 08341 979 719m.fischer@josefbergs.com","og_url":"https:\/\/www.josefbergs.com\/de\/kontakt\/","og_site_name":"Josef Bergs DE","article_modified_time":"2025-04-24T21:46:13+00:00","og_image":[{"url":"https:\/\/www.josefbergs.com\/de\/wp-content\/uploads\/sites\/2\/elementor\/thumbs\/Mateja_Babic_BW_400x400-r4ujf3ur6bz9xvherda99tovv828pgy577uii9xo7k.jpg","type":"","width":"","height":""}],"twitter_card":"summary_large_image","twitter_misc":{"Gesch\u00e4tzte Lesezeit":"1\u00a0Minute"},"schema":{"@context":"https:\/\/schema.org","@graph":[{"@type":"WebPage","@id":"https:\/\/www.josefbergs.com\/de\/kontakt\/","url":"https:\/\/www.josefbergs.com\/de\/kontakt\/","name":"Kontakt - Josef Bergs DE","isPartOf":{"@id":"https:\/\/www.josefbergs.com\/de\/#website"},"primaryImageOfPage":{"@id":"https:\/\/www.josefbergs.com\/de\/kontakt\/#primaryimage"},"image":{"@id":"https:\/\/www.josefbergs.com\/de\/kontakt\/#primaryimage"},"thumbnailUrl":"https:\/\/www.josefbergs.com\/de\/wp-content\/uploads\/sites\/2\/elementor\/thumbs\/Mateja_Babic_BW_400x400-r4ujf3ur6bz9xvherda99tovv828pgy577uii9xo7k.jpg","datePublished":"2025-04-24T20:16:26+00:00","dateModified":"2025-04-24T21:46:13+00:00","breadcrumb":{"@id":"https:\/\/www.josefbergs.com\/de\/kontakt\/#breadcrumb"},"inLanguage":"de","potentialAction":[{"@type":"ReadAction","target":["https:\/\/www.josefbergs.com\/de\/kontakt\/"]}]},{"@type":"ImageObject","inLanguage":"de","@id":"https:\/\/www.josefbergs.com\/de\/kontakt\/#primaryimage","url":"https:\/\/www.josefbergs.com\/de\/wp-content\/uploads\/sites\/2\/elementor\/thumbs\/Mateja_Babic_BW_400x400-r4ujf3ur6bz9xvherda99tovv828pgy577uii9xo7k.jpg","contentUrl":"https:\/\/www.josefbergs.com\/de\/wp-content\/uploads\/sites\/2\/elementor\/thumbs\/Mateja_Babic_BW_400x400-r4ujf3ur6bz9xvherda99tovv828pgy577uii9xo7k.jpg"},{"@type":"BreadcrumbList","@id":"https:\/\/www.josefbergs.com\/de\/kontakt\/#breadcrumb","itemListElement":[{"@type":"ListItem","position":1,"name":"Home","item":"https:\/\/www.josefbergs.com\/de\/"},{"@type":"ListItem","position":2,"name":"Kontakt"}]},{"@type":"WebSite","@id":"https:\/\/www.josefbergs.com\/de\/#website","url":"https:\/\/www.josefbergs.com\/de\/","name":"Josef Bergs DE","description":"The Original Metal Findings","publisher":{"@id":"https:\/\/www.josefbergs.com\/de\/#organization"},"potentialAction":[{"@type":"SearchAction","target":{"@type":"EntryPoint","urlTemplate":"https:\/\/www.josefbergs.com\/de\/?s={search_term_string}"},"query-input":{"@type":"PropertyValueSpecification","valueRequired":true,"valueName":"search_term_string"}}],"inLanguage":"de"},{"@type":"Organization","@id":"https:\/\/www.josefbergs.com\/de\/#organization","name":"Josef Bergs DE","url":"https:\/\/www.josefbergs.com\/de\/","logo":{"@type":"ImageObject","inLanguage":"de","@id":"https:\/\/www.josefbergs.com\/de\/#\/schema\/logo\/image\/","url":"https:\/\/www.josefbergs.com\/de\/wp-content\/uploads\/sites\/2\/2025\/04\/josef-bergs-logo.png","contentUrl":"https:\/\/www.josefbergs.com\/de\/wp-content\/uploads\/sites\/2\/2025\/04\/josef-bergs-logo.png","width":218,"height":82,"caption":"Josef Bergs DE"},"image":{"@id":"https:\/\/www.josefbergs.com\/de\/#\/schema\/logo\/image\/"}}]}},"_links":{"self":[{"href":"https:\/\/www.josefbergs.com\/de\/wp-json\/wp\/v2\/pages\/246","targetHints":{"allow":["GET"]}}],"collection":[{"href":"https:\/\/www.josefbergs.com\/de\/wp-json\/wp\/v2\/pages"}],"about":[{"href":"https:\/\/www.josefbergs.com\/de\/wp-json\/wp\/v2\/types\/page"}],"author":[{"embeddable":true,"href":"https:\/\/www.josefbergs.com\/de\/wp-json\/wp\/v2\/users\/1"}],"replies":[{"embeddable":true,"href":"https:\/\/www.josefbergs.com\/de\/wp-json\/wp\/v2\/comments?post=246"}],"version-history":[{"count":37,"href":"https:\/\/www.josefbergs.com\/de\/wp-json\/wp\/v2\/pages\/246\/revisions"}],"predecessor-version":[{"id":295,"href":"https:\/\/www.josefbergs.com\/de\/wp-json\/wp\/v2\/pages\/246\/revisions\/295"}],"wp:attachment":[{"href":"https:\/\/www.josefbergs.com\/de\/wp-json\/wp\/v2\/media?parent=246"}],"wp:term":[{"taxonomy":"category","embeddable":true,"href":"https:\/\/www.josefbergs.com\/de\/wp-json\/wp\/v2\/categories?post=246"},{"taxonomy":"post_tag","embeddable":true,"href":"https:\/\/www.josefbergs.com\/de\/wp-json\/wp\/v2\/tags?post=246"}],"curies":[{"name":"wp","href":"https:\/\/api.w.org\/{rel}","templated":true}]}}