{"id":336,"date":"2025-04-25T21:47:51","date_gmt":"2025-04-25T19:47:51","guid":{"rendered":"https:\/\/www.josefbergs.com\/de\/?page_id=336"},"modified":"2025-04-25T22:13:58","modified_gmt":"2025-04-25T20:13:58","slug":"services","status":"publish","type":"page","link":"https:\/\/www.josefbergs.com\/de\/services\/","title":{"rendered":"Services"},"content":{"rendered":"\t\t<div data-elementor-type=\"wp-page\" data-elementor-id=\"336\" class=\"elementor elementor-336\">\n\t\t\t\t<div class=\"elementor-element elementor-element-302c337 e-flex e-con-boxed e-con e-parent\" data-id=\"302c337\" data-element_type=\"container\">\n\t\t\t\t\t<div class=\"e-con-inner\">\n\t\t\t\t<div class=\"elementor-element elementor-element-88ddaaf elementor-widget elementor-widget-heading\" data-id=\"88ddaaf\" data-element_type=\"widget\" data-widget_type=\"heading.default\">\n\t\t\t\t<div class=\"elementor-widget-container\">\n\t\t\t\t\t<h5 class=\"elementor-heading-title elementor-size-default\">L\u00f6ten, Galvanisieren &amp; Fassen<\/h5>\t\t\t\t<\/div>\n\t\t\t\t<\/div>\n\t\t\t\t<div class=\"elementor-element elementor-element-d54273c elementor-widget elementor-widget-heading\" data-id=\"d54273c\" data-element_type=\"widget\" data-widget_type=\"heading.default\">\n\t\t\t\t<div class=\"elementor-widget-container\">\n\t\t\t\t\t<h4 class=\"elementor-heading-title elementor-size-default\">UNSER SERVICE F\u00dcR SIE<\/h4>\t\t\t\t<\/div>\n\t\t\t\t<\/div>\n\t\t\t\t\t<\/div>\n\t\t\t\t<\/div>\n\t\t<div class=\"elementor-element elementor-element-e9eb505 e-con-full e-flex e-con e-parent\" data-id=\"e9eb505\" data-element_type=\"container\">\n\t\t\t\t<div class=\"elementor-element elementor-element-d8d0f13 elementor-widget elementor-widget-text-editor\" data-id=\"d8d0f13\" data-element_type=\"widget\" data-widget_type=\"text-editor.default\">\n\t\t\t\t<div class=\"elementor-widget-container\">\n\t\t\t\t\t\t\t\t\t<div class=\"wpb_column vc_column_container vc_col-sm-12\"><div class=\"vc_column-inner\"><div class=\"wpb_wrapper\"><div class=\"wpb_text_column wpb_content_element \"><div class=\"wpb_wrapper\"><p>Neben unserem gro\u00dfen Angebot an Fassungen, Kessel und Kesselketten bieten wir dar\u00fcber hinaus erg\u00e4nzende Serviceleistungen an. Auf Wunsch l\u00f6ten, galvanisieren oder fassen wir Ihre bestellten Produkte zu fertigen Halbfabrikaten und Schmuckst\u00fccken. Alle unsere Serviceangebote werden vor Ort, in Kaufbeuren, durchgef\u00fchrt. In Zusammenarbeit mit lokalen Schmuckg\u00fcrtlern und Galvaniken realisieren wir ein nach Ihren Vorstellungen fertiges Endprodukt. Nur so k\u00f6nnen wir sicherstellen, dass die Produkte in gewohnt hoher Qualit\u00e4t schnell und individuell zu Ihrer Kundenzufriedenheit weiterverarbeitet werden.<\/p><\/div><\/div><\/div><\/div><\/div><div class=\"vc_parallax-inner skrollable skrollable-between\" data-bottom-top=\"top: -50%;\" data-top-bottom=\"top: 0%;\">\u00a0<\/div>\t\t\t\t\t\t\t\t<\/div>\n\t\t\t\t<\/div>\n\t\t\t\t<\/div>\n\t\t<div class=\"elementor-element elementor-element-7846dfa e-con-full e-flex e-con e-parent\" data-id=\"7846dfa\" data-element_type=\"container\">\n\t\t<div class=\"elementor-element elementor-element-bb93e6b e-con-full e-flex e-con e-child\" data-id=\"bb93e6b\" data-element_type=\"container\">\n\t\t\t\t<div class=\"elementor-element elementor-element-9df8ddb elementor-widget elementor-widget-heading\" data-id=\"9df8ddb\" data-element_type=\"widget\" data-widget_type=\"heading.default\">\n\t\t\t\t<div class=\"elementor-widget-container\">\n\t\t\t\t\t<h5 class=\"elementor-heading-title elementor-size-default\">L\u00f6ten<\/h5>\t\t\t\t<\/div>\n\t\t\t\t<\/div>\n\t\t\t\t<div class=\"elementor-element elementor-element-6b23654 elementor-widget elementor-widget-text-editor\" data-id=\"6b23654\" data-element_type=\"widget\" data-widget_type=\"text-editor.default\">\n\t\t\t\t<div class=\"elementor-widget-container\">\n\t\t\t\t\t\t\t\t\t<div class=\"wpb_text_column wpb_content_element \"><div class=\"wpb_wrapper\">Schmuckg\u00fcrtler bearbeiten das rohe Produkt zu einem fertigen Schmuckst\u00fcck. In m\u00fchevoller Handarbeit werden die einzelnen Bestandteile zu einem individuellen Modest\u00fcck weiterverarbeitet. So entstehen streng nach Ihren Vorstellungen beispielsweise Colliers, Armb\u00e4nder, Ohrringe oder auch Broschen.<\/div><div>\u00a0<\/div><div class=\"wpb_wrapper\">Die Bearbeitung findet in Kaufbeuren statt, was eine hohe Fertigungsflexibilit\u00e4t, eine schnelle Bearbeitungszeit sowie eine hohe Gablonzer-Spitzenqualit\u00e4t mit sich bringt.<\/div><\/div>\t\t\t\t\t\t\t\t<\/div>\n\t\t\t\t<\/div>\n\t\t\t\t<\/div>\n\t\t<div class=\"elementor-element elementor-element-6b7248a e-con-full e-flex e-con e-child\" data-id=\"6b7248a\" data-element_type=\"container\">\n\t\t\t\t<div class=\"elementor-element elementor-element-53a511f elementor-widget elementor-widget-heading\" data-id=\"53a511f\" data-element_type=\"widget\" data-widget_type=\"heading.default\">\n\t\t\t\t<div class=\"elementor-widget-container\">\n\t\t\t\t\t<h5 class=\"elementor-heading-title elementor-size-default\">Steine Fassen<\/h5>\t\t\t\t<\/div>\n\t\t\t\t<\/div>\n\t\t\t\t<div class=\"elementor-element elementor-element-83d5c4e elementor-widget elementor-widget-text-editor\" data-id=\"83d5c4e\" data-element_type=\"widget\" data-widget_type=\"text-editor.default\">\n\t\t\t\t<div class=\"elementor-widget-container\">\n\t\t\t\t\t\t\t\t\t<div class=\"wpb_text_column wpb_content_element \">\n<div class=\"wpb_wrapper\">Unsere angebotenen Produkte k\u00f6nnen auf Wunsch mit Steinen vor Ort gefasst werden. In Zusammenarbeit mit unserem Partnerunternehmen G\u00f6rlach Besatzschmuck GmbH ist es m\u00f6glich auf ein gro\u00dfes Sortiment an Schmuck- bzw. Strass-Steinen zur\u00fcck zu greifen. Neben namhaften Marken, wie Swarovski und Preciosa, vertreibt G\u00f6rlach zudem Schmucksteine und Textilfabrikate in preisg\u00fcnstigere Qualit\u00e4tsstufen. Auf der Unternehmensseite <a href=\"https:\/\/www.strass-steine.com\/\">www.strass-steine.com<\/a> k\u00f6nnen Sie sich selbst einen ersten Eindruck von dem Sortiment machen. Unsere erfahrenen Mitarbeiter beraten Sie dazu gerne!<\/div>\n<\/div>\t\t\t\t\t\t\t\t<\/div>\n\t\t\t\t<\/div>\n\t\t\t\t<\/div>\n\t\t\t\t<\/div>\n\t\t<div class=\"elementor-element elementor-element-1e0dd60 e-con-full e-flex e-con e-parent\" data-id=\"1e0dd60\" data-element_type=\"container\">\n\t\t\t\t<div class=\"elementor-element elementor-element-e1c6d21 elementor-widget-divider--view-line elementor-widget elementor-widget-divider\" data-id=\"e1c6d21\" data-element_type=\"widget\" data-widget_type=\"divider.default\">\n\t\t\t\t<div class=\"elementor-widget-container\">\n\t\t\t\t\t\t\t<div class=\"elementor-divider\">\n\t\t\t<span class=\"elementor-divider-separator\">\n\t\t\t\t\t\t<\/span>\n\t\t<\/div>\n\t\t\t\t\t\t<\/div>\n\t\t\t\t<\/div>\n\t\t\t\t<\/div>\n\t\t<div class=\"elementor-element elementor-element-891fb5b e-con-full e-flex e-con e-parent\" data-id=\"891fb5b\" data-element_type=\"container\">\n\t\t<div class=\"elementor-element elementor-element-ad7e84d e-con-full e-flex e-con e-child\" data-id=\"ad7e84d\" data-element_type=\"container\">\n\t\t\t\t<div class=\"elementor-element elementor-element-e3bf658 elementor-widget elementor-widget-image\" data-id=\"e3bf658\" data-element_type=\"widget\" data-widget_type=\"image.default\">\n\t\t\t\t<div class=\"elementor-widget-container\">\n\t\t\t\t\t\t\t\t\t\t\t\t\t\t\t\t<a href=\"https:\/\/www.josefbergs.com\/de\/wp-content\/uploads\/sites\/2\/2025\/04\/jb-settings-and-stampings.jpg\" data-elementor-open-lightbox=\"yes\" data-elementor-lightbox-title=\"Josef Bergs Settings &amp; Stampings\" data-e-action-hash=\"#elementor-action%3Aaction%3Dlightbox%26settings%3DeyJpZCI6MzU0LCJ1cmwiOiJodHRwczpcL1wvd3d3Lmpvc2VmYmVyZ3MuY29tXC9kZVwvd3AtY29udGVudFwvdXBsb2Fkc1wvc2l0ZXNcLzJcLzIwMjVcLzA0XC9qYi1zZXR0aW5ncy1hbmQtc3RhbXBpbmdzLmpwZyJ9\">\n\t\t\t\t\t\t\t<img fetchpriority=\"high\" decoding=\"async\" width=\"201\" height=\"300\" src=\"https:\/\/www.josefbergs.com\/de\/wp-content\/uploads\/sites\/2\/2025\/04\/jb-settings-and-stampings-201x300.jpg\" class=\"attachment-medium size-medium wp-image-354\" alt=\"Josef Bergs Settings &amp; Stampings\" srcset=\"https:\/\/www.josefbergs.com\/de\/wp-content\/uploads\/sites\/2\/2025\/04\/jb-settings-and-stampings-201x300.jpg 201w, https:\/\/www.josefbergs.com\/de\/wp-content\/uploads\/sites\/2\/2025\/04\/jb-settings-and-stampings.jpg 687w\" sizes=\"(max-width: 201px) 100vw, 201px\" \/>\t\t\t\t\t\t\t\t<\/a>\n\t\t\t\t\t\t\t\t\t\t\t\t\t\t\t<\/div>\n\t\t\t\t<\/div>\n\t\t\t\t<\/div>\n\t\t<div class=\"elementor-element elementor-element-854dd1c e-con-full e-flex e-con e-child\" data-id=\"854dd1c\" data-element_type=\"container\">\n\t\t\t\t<div class=\"elementor-element elementor-element-895af21 elementor-widget elementor-widget-heading\" data-id=\"895af21\" data-element_type=\"widget\" data-widget_type=\"heading.default\">\n\t\t\t\t<div class=\"elementor-widget-container\">\n\t\t\t\t\t<h5 class=\"elementor-heading-title elementor-size-default\">Galvanisieren<\/h5>\t\t\t\t<\/div>\n\t\t\t\t<\/div>\n\t\t\t\t<div class=\"elementor-element elementor-element-31a522a elementor-widget elementor-widget-text-editor\" data-id=\"31a522a\" data-element_type=\"widget\" data-widget_type=\"text-editor.default\">\n\t\t\t\t<div class=\"elementor-widget-container\">\n\t\t\t\t\t\t\t\t\t<div class=\"wpb_text_column wpb_content_element \"><div class=\"wpb_wrapper\"><div class=\"wpb_column vc_column_container vc_col-sm-9\"><div class=\"vc_column-inner\"><div class=\"wpb_wrapper\"><div class=\"wpb_text_column wpb_content_element \"><div class=\"wpb_wrapper\"><p>Erfahrene Galvanotechniker veredeln mit einer ausgereiften Technik die rohe Produktoberfl\u00e4che zu einem hochwertigen Meisterst\u00fcck.<br \/>Abh\u00e4ngig vom Verwendungszweck bieten wir eine Vielzahl von Standard-Galvaniken an. Je nach Ausgangsprodukt wird das nickelfreie Grundmaterial Tombak, beispielsweise mit einem gl\u00e4nzenden Gold- oder Silberton, versehen. Sollten Sie einen individuellen Wunsch haben, ist es uns m\u00f6glich Sonder-Galvaniken zu realisieren.<\/p><p>Die Galvanik wird lokal in Kaufbeuren vorgenommen. Auch hier legen wir einen gro\u00dfen Wert auf eine konstant hohe Qualit\u00e4t, eine individuelle Beratung und Produktion sowie eine schnelle Bestellabwicklung.<\/p><\/div><\/div><\/div><\/div><\/div><div class=\"vc_parallax-inner skrollable skrollable-between\" data-bottom-top=\"top: -50%;\" data-top-bottom=\"top: 0%;\">\u00a0<\/div><\/div><\/div>\t\t\t\t\t\t\t\t<\/div>\n\t\t\t\t<\/div>\n\t\t\t\t<\/div>\n\t\t\t\t<\/div>\n\t\t<div class=\"elementor-element elementor-element-837d9cc e-con-full e-flex e-con e-parent\" data-id=\"837d9cc\" data-element_type=\"container\">\n\t\t\t\t<div class=\"elementor-element elementor-element-b722a4e elementor-widget-divider--view-line elementor-widget elementor-widget-divider\" data-id=\"b722a4e\" data-element_type=\"widget\" data-widget_type=\"divider.default\">\n\t\t\t\t<div class=\"elementor-widget-container\">\n\t\t\t\t\t\t\t<div class=\"elementor-divider\">\n\t\t\t<span class=\"elementor-divider-separator\">\n\t\t\t\t\t\t<\/span>\n\t\t<\/div>\n\t\t\t\t\t\t<\/div>\n\t\t\t\t<\/div>\n\t\t\t\t<\/div>\n\t\t<div class=\"elementor-element elementor-element-7d5f45b e-con-full e-flex e-con e-parent\" data-id=\"7d5f45b\" data-element_type=\"container\">\n\t\t\t\t<div class=\"elementor-element elementor-element-16d3ded gallery-spacing-custom elementor-widget elementor-widget-image-gallery\" data-id=\"16d3ded\" data-element_type=\"widget\" data-widget_type=\"image-gallery.default\">\n\t\t\t\t<div class=\"elementor-widget-container\">\n\t\t\t\t\t\t\t<div class=\"elementor-image-gallery\">\n\t\t\t<div id='gallery-1' class='gallery galleryid-336 gallery-columns-3 gallery-size-medium_large'><figure class='gallery-item'>\n\t\t\t<div class='gallery-icon landscape'>\n\t\t\t\t<a data-elementor-open-lightbox=\"yes\" data-elementor-lightbox-slideshow=\"16d3ded\" data-elementor-lightbox-title=\"Kessel L\u00f6ten\" data-e-action-hash=\"#elementor-action%3Aaction%3Dlightbox%26settings%3DeyJpZCI6MzYyLCJ1cmwiOiJodHRwczpcL1wvd3d3Lmpvc2VmYmVyZ3MuY29tXC9kZVwvd3AtY29udGVudFwvdXBsb2Fkc1wvc2l0ZXNcLzJcLzIwMjVcLzA0XC9LZXNzZWwtTG9ldGVuLTEwMjR4NzY4LTEuanBnIiwic2xpZGVzaG93IjoiMTZkM2RlZCJ9\" href='https:\/\/www.josefbergs.com\/de\/wp-content\/uploads\/sites\/2\/2025\/04\/Kessel-Loeten-1024x768-1.jpg'><img decoding=\"async\" width=\"768\" height=\"576\" src=\"https:\/\/www.josefbergs.com\/de\/wp-content\/uploads\/sites\/2\/2025\/04\/Kessel-Loeten-1024x768-1-768x576.jpg\" class=\"attachment-medium_large size-medium_large\" alt=\"Kessel L\u00f6ten\" srcset=\"https:\/\/www.josefbergs.com\/de\/wp-content\/uploads\/sites\/2\/2025\/04\/Kessel-Loeten-1024x768-1-768x576.jpg 768w, https:\/\/www.josefbergs.com\/de\/wp-content\/uploads\/sites\/2\/2025\/04\/Kessel-Loeten-1024x768-1-300x225.jpg 300w, https:\/\/www.josefbergs.com\/de\/wp-content\/uploads\/sites\/2\/2025\/04\/Kessel-Loeten-1024x768-1.jpg 1024w\" sizes=\"(max-width: 768px) 100vw, 768px\" \/><\/a>\n\t\t\t<\/div><\/figure><figure class='gallery-item'>\n\t\t\t<div class='gallery-icon landscape'>\n\t\t\t\t<a data-elementor-open-lightbox=\"yes\" data-elementor-lightbox-slideshow=\"16d3ded\" data-elementor-lightbox-title=\"Steine fassen\" data-e-action-hash=\"#elementor-action%3Aaction%3Dlightbox%26settings%3DeyJpZCI6MzYzLCJ1cmwiOiJodHRwczpcL1wvd3d3Lmpvc2VmYmVyZ3MuY29tXC9kZVwvd3AtY29udGVudFwvdXBsb2Fkc1wvc2l0ZXNcLzJcLzIwMjVcLzA0XC9TdGVpbmUtRmFzc2VuLTEwMjR4NzY4LTEuanBnIiwic2xpZGVzaG93IjoiMTZkM2RlZCJ9\" href='https:\/\/www.josefbergs.com\/de\/wp-content\/uploads\/sites\/2\/2025\/04\/Steine-Fassen-1024x768-1.jpg'><img decoding=\"async\" width=\"768\" height=\"576\" src=\"https:\/\/www.josefbergs.com\/de\/wp-content\/uploads\/sites\/2\/2025\/04\/Steine-Fassen-1024x768-1-768x576.jpg\" class=\"attachment-medium_large size-medium_large\" alt=\"Steine fassen\" srcset=\"https:\/\/www.josefbergs.com\/de\/wp-content\/uploads\/sites\/2\/2025\/04\/Steine-Fassen-1024x768-1-768x576.jpg 768w, https:\/\/www.josefbergs.com\/de\/wp-content\/uploads\/sites\/2\/2025\/04\/Steine-Fassen-1024x768-1-300x225.jpg 300w, https:\/\/www.josefbergs.com\/de\/wp-content\/uploads\/sites\/2\/2025\/04\/Steine-Fassen-1024x768-1.jpg 1024w\" sizes=\"(max-width: 768px) 100vw, 768px\" \/><\/a>\n\t\t\t<\/div><\/figure><figure class='gallery-item'>\n\t\t\t<div class='gallery-icon landscape'>\n\t\t\t\t<a data-elementor-open-lightbox=\"yes\" data-elementor-lightbox-slideshow=\"16d3ded\" data-elementor-lightbox-title=\"Fuchs Galvano\" data-e-action-hash=\"#elementor-action%3Aaction%3Dlightbox%26settings%3DeyJpZCI6MzYxLCJ1cmwiOiJodHRwczpcL1wvd3d3Lmpvc2VmYmVyZ3MuY29tXC9kZVwvd3AtY29udGVudFwvdXBsb2Fkc1wvc2l0ZXNcLzJcLzIwMjVcLzA0XC9GdWNocy1HYWx2YW5vLTEtMTAyNHg3NjgtMS5qcGciLCJzbGlkZXNob3ciOiIxNmQzZGVkIn0%3D\" href='https:\/\/www.josefbergs.com\/de\/wp-content\/uploads\/sites\/2\/2025\/04\/Fuchs-Galvano-1-1024x768-1.jpg'><img loading=\"lazy\" decoding=\"async\" width=\"768\" height=\"576\" src=\"https:\/\/www.josefbergs.com\/de\/wp-content\/uploads\/sites\/2\/2025\/04\/Fuchs-Galvano-1-1024x768-1-768x576.jpg\" class=\"attachment-medium_large size-medium_large\" alt=\"Fuchs Galvano\" srcset=\"https:\/\/www.josefbergs.com\/de\/wp-content\/uploads\/sites\/2\/2025\/04\/Fuchs-Galvano-1-1024x768-1-768x576.jpg 768w, https:\/\/www.josefbergs.com\/de\/wp-content\/uploads\/sites\/2\/2025\/04\/Fuchs-Galvano-1-1024x768-1-300x225.jpg 300w, https:\/\/www.josefbergs.com\/de\/wp-content\/uploads\/sites\/2\/2025\/04\/Fuchs-Galvano-1-1024x768-1.jpg 1024w\" sizes=\"(max-width: 768px) 100vw, 768px\" \/><\/a>\n\t\t\t<\/div><\/figure>\n\t\t<\/div>\n\t\t<\/div>\n\t\t\t\t\t\t<\/div>\n\t\t\t\t<\/div>\n\t\t\t\t<\/div>\n\t\t\t\t<\/div>\n\t\t","protected":false},"excerpt":{"rendered":"<p>L\u00f6ten, Galvanisieren &amp; Fassen UNSER SERVICE F\u00dcR SIE Neben unserem gro\u00dfen Angebot an Fassungen, Kessel und Kesselketten bieten wir dar\u00fcber hinaus erg\u00e4nzende Serviceleistungen an. Auf Wunsch l\u00f6ten, galvanisieren oder fassen wir Ihre bestellten Produkte zu fertigen Halbfabrikaten und Schmuckst\u00fccken. Alle unsere Serviceangebote werden vor Ort, in Kaufbeuren, durchgef\u00fchrt. In Zusammenarbeit mit lokalen Schmuckg\u00fcrtlern und Galvaniken [&hellip;]<\/p>\n","protected":false},"author":1,"featured_media":0,"parent":0,"menu_order":0,"comment_status":"closed","ping_status":"closed","template":"","meta":{"footnotes":""},"categories":[],"tags":[],"class_list":["post-336","page","type-page","status-publish","hentry"],"yoast_head":"<!-- This site is optimized with the Yoast SEO plugin v24.4 - https:\/\/yoast.com\/wordpress\/plugins\/seo\/ -->\n<title>Services - Josef Bergs DE<\/title>\n<meta name=\"robots\" content=\"noindex, follow, max-snippet:-1, max-image-preview:large, max-video-preview:-1\" \/>\n<meta property=\"og:locale\" content=\"de_DE\" \/>\n<meta property=\"og:type\" content=\"article\" \/>\n<meta property=\"og:title\" content=\"Services - Josef Bergs DE\" \/>\n<meta property=\"og:description\" content=\"L\u00f6ten, Galvanisieren &amp; Fassen UNSER SERVICE F\u00dcR SIE Neben unserem gro\u00dfen Angebot an Fassungen, Kessel und Kesselketten bieten wir dar\u00fcber hinaus erg\u00e4nzende Serviceleistungen an. Auf Wunsch l\u00f6ten, galvanisieren oder fassen wir Ihre bestellten Produkte zu fertigen Halbfabrikaten und Schmuckst\u00fccken. Alle unsere Serviceangebote werden vor Ort, in Kaufbeuren, durchgef\u00fchrt. In Zusammenarbeit mit lokalen Schmuckg\u00fcrtlern und Galvaniken [&hellip;]\" \/>\n<meta property=\"og:url\" content=\"https:\/\/www.josefbergs.com\/de\/services\/\" \/>\n<meta property=\"og:site_name\" content=\"Josef Bergs DE\" \/>\n<meta property=\"article:modified_time\" content=\"2025-04-25T20:13:58+00:00\" \/>\n<meta property=\"og:image\" content=\"https:\/\/www.josefbergs.com\/de\/wp-content\/uploads\/sites\/2\/2025\/04\/jb-settings-and-stampings-201x300.jpg\" \/>\n<meta name=\"twitter:card\" content=\"summary_large_image\" \/>\n<meta name=\"twitter:label1\" content=\"Gesch\u00e4tzte Lesezeit\" \/>\n\t<meta name=\"twitter:data1\" content=\"3\u00a0Minuten\" \/>\n<script type=\"application\/ld+json\" class=\"yoast-schema-graph\">{\"@context\":\"https:\/\/schema.org\",\"@graph\":[{\"@type\":\"WebPage\",\"@id\":\"https:\/\/www.josefbergs.com\/de\/services\/\",\"url\":\"https:\/\/www.josefbergs.com\/de\/services\/\",\"name\":\"Services - Josef Bergs DE\",\"isPartOf\":{\"@id\":\"https:\/\/www.josefbergs.com\/de\/#website\"},\"primaryImageOfPage\":{\"@id\":\"https:\/\/www.josefbergs.com\/de\/services\/#primaryimage\"},\"image\":{\"@id\":\"https:\/\/www.josefbergs.com\/de\/services\/#primaryimage\"},\"thumbnailUrl\":\"https:\/\/www.josefbergs.com\/de\/wp-content\/uploads\/sites\/2\/2025\/04\/jb-settings-and-stampings-201x300.jpg\",\"datePublished\":\"2025-04-25T19:47:51+00:00\",\"dateModified\":\"2025-04-25T20:13:58+00:00\",\"breadcrumb\":{\"@id\":\"https:\/\/www.josefbergs.com\/de\/services\/#breadcrumb\"},\"inLanguage\":\"de\",\"potentialAction\":[{\"@type\":\"ReadAction\",\"target\":[\"https:\/\/www.josefbergs.com\/de\/services\/\"]}]},{\"@type\":\"ImageObject\",\"inLanguage\":\"de\",\"@id\":\"https:\/\/www.josefbergs.com\/de\/services\/#primaryimage\",\"url\":\"https:\/\/www.josefbergs.com\/de\/wp-content\/uploads\/sites\/2\/2025\/04\/jb-settings-and-stampings.jpg\",\"contentUrl\":\"https:\/\/www.josefbergs.com\/de\/wp-content\/uploads\/sites\/2\/2025\/04\/jb-settings-and-stampings.jpg\",\"width\":687,\"height\":1024,\"caption\":\"Josef Bergs Settings & Stampings\"},{\"@type\":\"BreadcrumbList\",\"@id\":\"https:\/\/www.josefbergs.com\/de\/services\/#breadcrumb\",\"itemListElement\":[{\"@type\":\"ListItem\",\"position\":1,\"name\":\"Home\",\"item\":\"https:\/\/www.josefbergs.com\/de\/\"},{\"@type\":\"ListItem\",\"position\":2,\"name\":\"Services\"}]},{\"@type\":\"WebSite\",\"@id\":\"https:\/\/www.josefbergs.com\/de\/#website\",\"url\":\"https:\/\/www.josefbergs.com\/de\/\",\"name\":\"Josef Bergs DE\",\"description\":\"The Original Metal Findings\",\"publisher\":{\"@id\":\"https:\/\/www.josefbergs.com\/de\/#organization\"},\"potentialAction\":[{\"@type\":\"SearchAction\",\"target\":{\"@type\":\"EntryPoint\",\"urlTemplate\":\"https:\/\/www.josefbergs.com\/de\/?s={search_term_string}\"},\"query-input\":{\"@type\":\"PropertyValueSpecification\",\"valueRequired\":true,\"valueName\":\"search_term_string\"}}],\"inLanguage\":\"de\"},{\"@type\":\"Organization\",\"@id\":\"https:\/\/www.josefbergs.com\/de\/#organization\",\"name\":\"Josef Bergs DE\",\"url\":\"https:\/\/www.josefbergs.com\/de\/\",\"logo\":{\"@type\":\"ImageObject\",\"inLanguage\":\"de\",\"@id\":\"https:\/\/www.josefbergs.com\/de\/#\/schema\/logo\/image\/\",\"url\":\"https:\/\/www.josefbergs.com\/de\/wp-content\/uploads\/sites\/2\/2025\/04\/josef-bergs-logo.png\",\"contentUrl\":\"https:\/\/www.josefbergs.com\/de\/wp-content\/uploads\/sites\/2\/2025\/04\/josef-bergs-logo.png\",\"width\":218,\"height\":82,\"caption\":\"Josef Bergs DE\"},\"image\":{\"@id\":\"https:\/\/www.josefbergs.com\/de\/#\/schema\/logo\/image\/\"}}]}<\/script>\n<!-- \/ Yoast SEO plugin. -->","yoast_head_json":{"title":"Services - Josef Bergs DE","robots":{"index":"noindex","follow":"follow","max-snippet":"max-snippet:-1","max-image-preview":"max-image-preview:large","max-video-preview":"max-video-preview:-1"},"og_locale":"de_DE","og_type":"article","og_title":"Services - Josef Bergs DE","og_description":"L\u00f6ten, Galvanisieren &amp; Fassen UNSER SERVICE F\u00dcR SIE Neben unserem gro\u00dfen Angebot an Fassungen, Kessel und Kesselketten bieten wir dar\u00fcber hinaus erg\u00e4nzende Serviceleistungen an. Auf Wunsch l\u00f6ten, galvanisieren oder fassen wir Ihre bestellten Produkte zu fertigen Halbfabrikaten und Schmuckst\u00fccken. Alle unsere Serviceangebote werden vor Ort, in Kaufbeuren, durchgef\u00fchrt. In Zusammenarbeit mit lokalen Schmuckg\u00fcrtlern und Galvaniken [&hellip;]","og_url":"https:\/\/www.josefbergs.com\/de\/services\/","og_site_name":"Josef Bergs DE","article_modified_time":"2025-04-25T20:13:58+00:00","og_image":[{"url":"https:\/\/www.josefbergs.com\/de\/wp-content\/uploads\/sites\/2\/2025\/04\/jb-settings-and-stampings-201x300.jpg","type":"","width":"","height":""}],"twitter_card":"summary_large_image","twitter_misc":{"Gesch\u00e4tzte Lesezeit":"3\u00a0Minuten"},"schema":{"@context":"https:\/\/schema.org","@graph":[{"@type":"WebPage","@id":"https:\/\/www.josefbergs.com\/de\/services\/","url":"https:\/\/www.josefbergs.com\/de\/services\/","name":"Services - Josef Bergs DE","isPartOf":{"@id":"https:\/\/www.josefbergs.com\/de\/#website"},"primaryImageOfPage":{"@id":"https:\/\/www.josefbergs.com\/de\/services\/#primaryimage"},"image":{"@id":"https:\/\/www.josefbergs.com\/de\/services\/#primaryimage"},"thumbnailUrl":"https:\/\/www.josefbergs.com\/de\/wp-content\/uploads\/sites\/2\/2025\/04\/jb-settings-and-stampings-201x300.jpg","datePublished":"2025-04-25T19:47:51+00:00","dateModified":"2025-04-25T20:13:58+00:00","breadcrumb":{"@id":"https:\/\/www.josefbergs.com\/de\/services\/#breadcrumb"},"inLanguage":"de","potentialAction":[{"@type":"ReadAction","target":["https:\/\/www.josefbergs.com\/de\/services\/"]}]},{"@type":"ImageObject","inLanguage":"de","@id":"https:\/\/www.josefbergs.com\/de\/services\/#primaryimage","url":"https:\/\/www.josefbergs.com\/de\/wp-content\/uploads\/sites\/2\/2025\/04\/jb-settings-and-stampings.jpg","contentUrl":"https:\/\/www.josefbergs.com\/de\/wp-content\/uploads\/sites\/2\/2025\/04\/jb-settings-and-stampings.jpg","width":687,"height":1024,"caption":"Josef Bergs Settings & Stampings"},{"@type":"BreadcrumbList","@id":"https:\/\/www.josefbergs.com\/de\/services\/#breadcrumb","itemListElement":[{"@type":"ListItem","position":1,"name":"Home","item":"https:\/\/www.josefbergs.com\/de\/"},{"@type":"ListItem","position":2,"name":"Services"}]},{"@type":"WebSite","@id":"https:\/\/www.josefbergs.com\/de\/#website","url":"https:\/\/www.josefbergs.com\/de\/","name":"Josef Bergs DE","description":"The Original Metal Findings","publisher":{"@id":"https:\/\/www.josefbergs.com\/de\/#organization"},"potentialAction":[{"@type":"SearchAction","target":{"@type":"EntryPoint","urlTemplate":"https:\/\/www.josefbergs.com\/de\/?s={search_term_string}"},"query-input":{"@type":"PropertyValueSpecification","valueRequired":true,"valueName":"search_term_string"}}],"inLanguage":"de"},{"@type":"Organization","@id":"https:\/\/www.josefbergs.com\/de\/#organization","name":"Josef Bergs DE","url":"https:\/\/www.josefbergs.com\/de\/","logo":{"@type":"ImageObject","inLanguage":"de","@id":"https:\/\/www.josefbergs.com\/de\/#\/schema\/logo\/image\/","url":"https:\/\/www.josefbergs.com\/de\/wp-content\/uploads\/sites\/2\/2025\/04\/josef-bergs-logo.png","contentUrl":"https:\/\/www.josefbergs.com\/de\/wp-content\/uploads\/sites\/2\/2025\/04\/josef-bergs-logo.png","width":218,"height":82,"caption":"Josef Bergs DE"},"image":{"@id":"https:\/\/www.josefbergs.com\/de\/#\/schema\/logo\/image\/"}}]}},"_links":{"self":[{"href":"https:\/\/www.josefbergs.com\/de\/wp-json\/wp\/v2\/pages\/336","targetHints":{"allow":["GET"]}}],"collection":[{"href":"https:\/\/www.josefbergs.com\/de\/wp-json\/wp\/v2\/pages"}],"about":[{"href":"https:\/\/www.josefbergs.com\/de\/wp-json\/wp\/v2\/types\/page"}],"author":[{"embeddable":true,"href":"https:\/\/www.josefbergs.com\/de\/wp-json\/wp\/v2\/users\/1"}],"replies":[{"embeddable":true,"href":"https:\/\/www.josefbergs.com\/de\/wp-json\/wp\/v2\/comments?post=336"}],"version-history":[{"count":28,"href":"https:\/\/www.josefbergs.com\/de\/wp-json\/wp\/v2\/pages\/336\/revisions"}],"predecessor-version":[{"id":369,"href":"https:\/\/www.josefbergs.com\/de\/wp-json\/wp\/v2\/pages\/336\/revisions\/369"}],"wp:attachment":[{"href":"https:\/\/www.josefbergs.com\/de\/wp-json\/wp\/v2\/media?parent=336"}],"wp:term":[{"taxonomy":"category","embeddable":true,"href":"https:\/\/www.josefbergs.com\/de\/wp-json\/wp\/v2\/categories?post=336"},{"taxonomy":"post_tag","embeddable":true,"href":"https:\/\/www.josefbergs.com\/de\/wp-json\/wp\/v2\/tags?post=336"}],"curies":[{"name":"wp","href":"https:\/\/api.w.org\/{rel}","templated":true}]}}