{"id":370,"date":"2025-04-25T22:17:12","date_gmt":"2025-04-25T20:17:12","guid":{"rendered":"https:\/\/www.josefbergs.com\/de\/?page_id=370"},"modified":"2026-03-02T11:13:12","modified_gmt":"2026-03-02T10:13:12","slug":"zertifizierungen","status":"publish","type":"page","link":"https:\/\/www.josefbergs.com\/de\/zertifizierungen\/","title":{"rendered":"Zertifizierungen"},"content":{"rendered":"\t\t<div data-elementor-type=\"wp-page\" data-elementor-id=\"370\" class=\"elementor elementor-370\">\n\t\t\t\t<div class=\"elementor-element elementor-element-891fb5b e-con-full e-flex e-con e-parent\" data-id=\"891fb5b\" data-element_type=\"container\">\n\t\t<div class=\"elementor-element elementor-element-ad7e84d e-con-full e-flex e-con e-child\" data-id=\"ad7e84d\" data-element_type=\"container\">\n\t\t\t\t<div class=\"elementor-element elementor-element-e3bf658 elementor-widget elementor-widget-image\" data-id=\"e3bf658\" data-element_type=\"widget\" data-widget_type=\"image.default\">\n\t\t\t\t<div class=\"elementor-widget-container\">\n\t\t\t\t\t\t\t\t\t\t\t\t\t\t\t\t<a href=\"https:\/\/www.josefbergs.com\/de\/wp-content\/uploads\/sites\/2\/2026\/03\/Bergs_Reach_Zertifikat-2026.jpg\" data-elementor-open-lightbox=\"yes\" data-elementor-lightbox-title=\"Bergs_Reach_Zertifikat-2026\" data-e-action-hash=\"#elementor-action%3Aaction%3Dlightbox%26settings%3DeyJpZCI6IjE2NjkiLCJ1cmwiOiJodHRwczpcL1wvd3d3Lmpvc2VmYmVyZ3MuY29tXC9kZVwvd3AtY29udGVudFwvdXBsb2Fkc1wvc2l0ZXNcLzJcLzIwMjZcLzAzXC9CZXJnc19SZWFjaF9aZXJ0aWZpa2F0LTIwMjYuanBnIn0%3D\">\n\t\t\t\t\t\t\t<img fetchpriority=\"high\" decoding=\"async\" width=\"212\" height=\"300\" src=\"https:\/\/www.josefbergs.com\/de\/wp-content\/uploads\/sites\/2\/2026\/03\/Bergs_Reach_Zertifikat-2026-212x300.jpg\" class=\"attachment-medium size-medium wp-image-1669\" alt=\"\" srcset=\"https:\/\/www.josefbergs.com\/de\/wp-content\/uploads\/sites\/2\/2026\/03\/Bergs_Reach_Zertifikat-2026-212x300.jpg 212w, https:\/\/www.josefbergs.com\/de\/wp-content\/uploads\/sites\/2\/2026\/03\/Bergs_Reach_Zertifikat-2026.jpg 724w\" sizes=\"(max-width: 212px) 100vw, 212px\" \/>\t\t\t\t\t\t\t\t<\/a>\n\t\t\t\t\t\t\t\t\t\t\t\t\t\t\t<\/div>\n\t\t\t\t<\/div>\n\t\t\t\t<\/div>\n\t\t<div class=\"elementor-element elementor-element-e675750 e-con-full e-flex e-con e-child\" data-id=\"e675750\" data-element_type=\"container\">\n\t\t\t\t<div class=\"elementor-element elementor-element-ea71c25 elementor-widget elementor-widget-image\" data-id=\"ea71c25\" data-element_type=\"widget\" data-widget_type=\"image.default\">\n\t\t\t\t<div class=\"elementor-widget-container\">\n\t\t\t\t\t\t\t\t\t\t\t\t\t\t\t\t<a href=\"https:\/\/www.josefbergs.com\/de\/wp-content\/uploads\/sites\/2\/2026\/03\/Oeko-Tex-2026_de.jpg\" data-elementor-open-lightbox=\"yes\" data-elementor-lightbox-title=\"\u00d6ko-Tex 2026_de\" data-e-action-hash=\"#elementor-action%3Aaction%3Dlightbox%26settings%3DeyJpZCI6IjE2NzAiLCJ1cmwiOiJodHRwczpcL1wvd3d3Lmpvc2VmYmVyZ3MuY29tXC9kZVwvd3AtY29udGVudFwvdXBsb2Fkc1wvc2l0ZXNcLzJcLzIwMjZcLzAzXC9PZWtvLVRleC0yMDI2X2RlLmpwZyJ9\">\n\t\t\t\t\t\t\t<img decoding=\"async\" width=\"212\" height=\"300\" src=\"https:\/\/www.josefbergs.com\/de\/wp-content\/uploads\/sites\/2\/2026\/03\/Oeko-Tex-2026_de-212x300.jpg\" class=\"attachment-medium size-medium wp-image-1670\" alt=\"\" srcset=\"https:\/\/www.josefbergs.com\/de\/wp-content\/uploads\/sites\/2\/2026\/03\/Oeko-Tex-2026_de-212x300.jpg 212w, https:\/\/www.josefbergs.com\/de\/wp-content\/uploads\/sites\/2\/2026\/03\/Oeko-Tex-2026_de.jpg 724w\" sizes=\"(max-width: 212px) 100vw, 212px\" \/>\t\t\t\t\t\t\t\t<\/a>\n\t\t\t\t\t\t\t\t\t\t\t\t\t\t\t<\/div>\n\t\t\t\t<\/div>\n\t\t\t\t<\/div>\n\t\t<div class=\"elementor-element elementor-element-854dd1c e-con-full e-flex e-con e-child\" data-id=\"854dd1c\" data-element_type=\"container\">\n\t\t\t\t<div class=\"elementor-element elementor-element-895af21 elementor-widget elementor-widget-heading\" data-id=\"895af21\" data-element_type=\"widget\" data-widget_type=\"heading.default\">\n\t\t\t\t<div class=\"elementor-widget-container\">\n\t\t\t\t\t<h5 class=\"elementor-heading-title elementor-size-default\">Zertifizierungen<\/h5>\t\t\t\t<\/div>\n\t\t\t\t<\/div>\n\t\t\t\t<div class=\"elementor-element elementor-element-31a522a elementor-widget elementor-widget-text-editor\" data-id=\"31a522a\" data-element_type=\"widget\" data-widget_type=\"text-editor.default\">\n\t\t\t\t<div class=\"elementor-widget-container\">\n\t\t\t\t\t\t\t\t\t<div class=\"wpb_text_column wpb_content_element \"><div class=\"wpb_wrapper\">Einer der Grundlagen f\u00fcr unseren hohen Standard bildet das in Deutschland hergestellte und beschaffte Produktmaterial TOMBAK. Die hochwertige und haltbare Messingsorte ist nach der EU-Richtlinie 94\/27\/EC und der Verordnung 197\/2006 (REACH) garantiert schadstoff- und nickelfrei. Zertifiziert nach DIN EN 10204 besteht das Rohmaterial mit circa 85 Prozent gr\u00f6\u00dftenteils aus Kupfer. Um eine dauerhaft hohe Qualit\u00e4t zu gew\u00e4hrleisten, ist das Material zudem nach Oeko-Tex Standard 100 zertifiziert.<\/div><\/div>\t\t\t\t\t\t\t\t<\/div>\n\t\t\t\t<\/div>\n\t\t\t\t<\/div>\n\t\t\t\t<\/div>\n\t\t\t\t<\/div>\n\t\t","protected":false},"excerpt":{"rendered":"<p>Zertifizierungen Einer der Grundlagen f\u00fcr unseren hohen Standard bildet das in Deutschland hergestellte und beschaffte Produktmaterial TOMBAK. Die hochwertige und haltbare Messingsorte ist nach der EU-Richtlinie 94\/27\/EC und der Verordnung 197\/2006 (REACH) garantiert schadstoff- und nickelfrei. Zertifiziert nach DIN EN 10204 besteht das Rohmaterial mit circa 85 Prozent gr\u00f6\u00dftenteils aus Kupfer. Um eine dauerhaft hohe [&hellip;]<\/p>\n","protected":false},"author":1,"featured_media":0,"parent":0,"menu_order":0,"comment_status":"closed","ping_status":"closed","template":"","meta":{"footnotes":""},"categories":[],"tags":[],"class_list":["post-370","page","type-page","status-publish","hentry"],"yoast_head":"<!-- This site is optimized with the Yoast SEO plugin v24.4 - https:\/\/yoast.com\/wordpress\/plugins\/seo\/ -->\n<title>Zertifizierungen - Josef Bergs DE<\/title>\n<meta name=\"robots\" content=\"noindex, follow, max-snippet:-1, max-image-preview:large, max-video-preview:-1\" \/>\n<meta property=\"og:locale\" content=\"de_DE\" \/>\n<meta property=\"og:type\" content=\"article\" \/>\n<meta property=\"og:title\" content=\"Zertifizierungen - Josef Bergs DE\" \/>\n<meta property=\"og:description\" content=\"Zertifizierungen Einer der Grundlagen f\u00fcr unseren hohen Standard bildet das in Deutschland hergestellte und beschaffte Produktmaterial TOMBAK. Die hochwertige und haltbare Messingsorte ist nach der EU-Richtlinie 94\/27\/EC und der Verordnung 197\/2006 (REACH) garantiert schadstoff- und nickelfrei. Zertifiziert nach DIN EN 10204 besteht das Rohmaterial mit circa 85 Prozent gr\u00f6\u00dftenteils aus Kupfer. Um eine dauerhaft hohe [&hellip;]\" \/>\n<meta property=\"og:url\" content=\"https:\/\/www.josefbergs.com\/de\/zertifizierungen\/\" \/>\n<meta property=\"og:site_name\" content=\"Josef Bergs DE\" \/>\n<meta property=\"article:modified_time\" content=\"2026-03-02T10:13:12+00:00\" \/>\n<meta property=\"og:image\" content=\"https:\/\/www.josefbergs.com\/de\/wp-content\/uploads\/sites\/2\/2026\/03\/Bergs_Reach_Zertifikat-2026-212x300.jpg\" \/>\n<meta name=\"twitter:card\" content=\"summary_large_image\" \/>\n<meta name=\"twitter:label1\" content=\"Gesch\u00e4tzte Lesezeit\" \/>\n\t<meta name=\"twitter:data1\" content=\"1\u00a0Minute\" \/>\n<script type=\"application\/ld+json\" class=\"yoast-schema-graph\">{\"@context\":\"https:\/\/schema.org\",\"@graph\":[{\"@type\":\"WebPage\",\"@id\":\"https:\/\/www.josefbergs.com\/de\/zertifizierungen\/\",\"url\":\"https:\/\/www.josefbergs.com\/de\/zertifizierungen\/\",\"name\":\"Zertifizierungen - Josef Bergs DE\",\"isPartOf\":{\"@id\":\"https:\/\/www.josefbergs.com\/de\/#website\"},\"primaryImageOfPage\":{\"@id\":\"https:\/\/www.josefbergs.com\/de\/zertifizierungen\/#primaryimage\"},\"image\":{\"@id\":\"https:\/\/www.josefbergs.com\/de\/zertifizierungen\/#primaryimage\"},\"thumbnailUrl\":\"https:\/\/www.josefbergs.com\/de\/wp-content\/uploads\/sites\/2\/2026\/03\/Bergs_Reach_Zertifikat-2026-212x300.jpg\",\"datePublished\":\"2025-04-25T20:17:12+00:00\",\"dateModified\":\"2026-03-02T10:13:12+00:00\",\"breadcrumb\":{\"@id\":\"https:\/\/www.josefbergs.com\/de\/zertifizierungen\/#breadcrumb\"},\"inLanguage\":\"de\",\"potentialAction\":[{\"@type\":\"ReadAction\",\"target\":[\"https:\/\/www.josefbergs.com\/de\/zertifizierungen\/\"]}]},{\"@type\":\"ImageObject\",\"inLanguage\":\"de\",\"@id\":\"https:\/\/www.josefbergs.com\/de\/zertifizierungen\/#primaryimage\",\"url\":\"https:\/\/www.josefbergs.com\/de\/wp-content\/uploads\/sites\/2\/2026\/03\/Bergs_Reach_Zertifikat-2026.jpg\",\"contentUrl\":\"https:\/\/www.josefbergs.com\/de\/wp-content\/uploads\/sites\/2\/2026\/03\/Bergs_Reach_Zertifikat-2026.jpg\",\"width\":724,\"height\":1024},{\"@type\":\"BreadcrumbList\",\"@id\":\"https:\/\/www.josefbergs.com\/de\/zertifizierungen\/#breadcrumb\",\"itemListElement\":[{\"@type\":\"ListItem\",\"position\":1,\"name\":\"Home\",\"item\":\"https:\/\/www.josefbergs.com\/de\/\"},{\"@type\":\"ListItem\",\"position\":2,\"name\":\"Zertifizierungen\"}]},{\"@type\":\"WebSite\",\"@id\":\"https:\/\/www.josefbergs.com\/de\/#website\",\"url\":\"https:\/\/www.josefbergs.com\/de\/\",\"name\":\"Josef Bergs DE\",\"description\":\"The Original Metal Findings\",\"publisher\":{\"@id\":\"https:\/\/www.josefbergs.com\/de\/#organization\"},\"potentialAction\":[{\"@type\":\"SearchAction\",\"target\":{\"@type\":\"EntryPoint\",\"urlTemplate\":\"https:\/\/www.josefbergs.com\/de\/?s={search_term_string}\"},\"query-input\":{\"@type\":\"PropertyValueSpecification\",\"valueRequired\":true,\"valueName\":\"search_term_string\"}}],\"inLanguage\":\"de\"},{\"@type\":\"Organization\",\"@id\":\"https:\/\/www.josefbergs.com\/de\/#organization\",\"name\":\"Josef Bergs DE\",\"url\":\"https:\/\/www.josefbergs.com\/de\/\",\"logo\":{\"@type\":\"ImageObject\",\"inLanguage\":\"de\",\"@id\":\"https:\/\/www.josefbergs.com\/de\/#\/schema\/logo\/image\/\",\"url\":\"https:\/\/www.josefbergs.com\/de\/wp-content\/uploads\/sites\/2\/2025\/04\/josef-bergs-logo.png\",\"contentUrl\":\"https:\/\/www.josefbergs.com\/de\/wp-content\/uploads\/sites\/2\/2025\/04\/josef-bergs-logo.png\",\"width\":218,\"height\":82,\"caption\":\"Josef Bergs DE\"},\"image\":{\"@id\":\"https:\/\/www.josefbergs.com\/de\/#\/schema\/logo\/image\/\"}}]}<\/script>\n<!-- \/ Yoast SEO plugin. -->","yoast_head_json":{"title":"Zertifizierungen - Josef Bergs DE","robots":{"index":"noindex","follow":"follow","max-snippet":"max-snippet:-1","max-image-preview":"max-image-preview:large","max-video-preview":"max-video-preview:-1"},"og_locale":"de_DE","og_type":"article","og_title":"Zertifizierungen - Josef Bergs DE","og_description":"Zertifizierungen Einer der Grundlagen f\u00fcr unseren hohen Standard bildet das in Deutschland hergestellte und beschaffte Produktmaterial TOMBAK. Die hochwertige und haltbare Messingsorte ist nach der EU-Richtlinie 94\/27\/EC und der Verordnung 197\/2006 (REACH) garantiert schadstoff- und nickelfrei. Zertifiziert nach DIN EN 10204 besteht das Rohmaterial mit circa 85 Prozent gr\u00f6\u00dftenteils aus Kupfer. Um eine dauerhaft hohe [&hellip;]","og_url":"https:\/\/www.josefbergs.com\/de\/zertifizierungen\/","og_site_name":"Josef Bergs DE","article_modified_time":"2026-03-02T10:13:12+00:00","og_image":[{"url":"https:\/\/www.josefbergs.com\/de\/wp-content\/uploads\/sites\/2\/2026\/03\/Bergs_Reach_Zertifikat-2026-212x300.jpg","type":"","width":"","height":""}],"twitter_card":"summary_large_image","twitter_misc":{"Gesch\u00e4tzte Lesezeit":"1\u00a0Minute"},"schema":{"@context":"https:\/\/schema.org","@graph":[{"@type":"WebPage","@id":"https:\/\/www.josefbergs.com\/de\/zertifizierungen\/","url":"https:\/\/www.josefbergs.com\/de\/zertifizierungen\/","name":"Zertifizierungen - Josef Bergs DE","isPartOf":{"@id":"https:\/\/www.josefbergs.com\/de\/#website"},"primaryImageOfPage":{"@id":"https:\/\/www.josefbergs.com\/de\/zertifizierungen\/#primaryimage"},"image":{"@id":"https:\/\/www.josefbergs.com\/de\/zertifizierungen\/#primaryimage"},"thumbnailUrl":"https:\/\/www.josefbergs.com\/de\/wp-content\/uploads\/sites\/2\/2026\/03\/Bergs_Reach_Zertifikat-2026-212x300.jpg","datePublished":"2025-04-25T20:17:12+00:00","dateModified":"2026-03-02T10:13:12+00:00","breadcrumb":{"@id":"https:\/\/www.josefbergs.com\/de\/zertifizierungen\/#breadcrumb"},"inLanguage":"de","potentialAction":[{"@type":"ReadAction","target":["https:\/\/www.josefbergs.com\/de\/zertifizierungen\/"]}]},{"@type":"ImageObject","inLanguage":"de","@id":"https:\/\/www.josefbergs.com\/de\/zertifizierungen\/#primaryimage","url":"https:\/\/www.josefbergs.com\/de\/wp-content\/uploads\/sites\/2\/2026\/03\/Bergs_Reach_Zertifikat-2026.jpg","contentUrl":"https:\/\/www.josefbergs.com\/de\/wp-content\/uploads\/sites\/2\/2026\/03\/Bergs_Reach_Zertifikat-2026.jpg","width":724,"height":1024},{"@type":"BreadcrumbList","@id":"https:\/\/www.josefbergs.com\/de\/zertifizierungen\/#breadcrumb","itemListElement":[{"@type":"ListItem","position":1,"name":"Home","item":"https:\/\/www.josefbergs.com\/de\/"},{"@type":"ListItem","position":2,"name":"Zertifizierungen"}]},{"@type":"WebSite","@id":"https:\/\/www.josefbergs.com\/de\/#website","url":"https:\/\/www.josefbergs.com\/de\/","name":"Josef Bergs DE","description":"The Original Metal Findings","publisher":{"@id":"https:\/\/www.josefbergs.com\/de\/#organization"},"potentialAction":[{"@type":"SearchAction","target":{"@type":"EntryPoint","urlTemplate":"https:\/\/www.josefbergs.com\/de\/?s={search_term_string}"},"query-input":{"@type":"PropertyValueSpecification","valueRequired":true,"valueName":"search_term_string"}}],"inLanguage":"de"},{"@type":"Organization","@id":"https:\/\/www.josefbergs.com\/de\/#organization","name":"Josef Bergs DE","url":"https:\/\/www.josefbergs.com\/de\/","logo":{"@type":"ImageObject","inLanguage":"de","@id":"https:\/\/www.josefbergs.com\/de\/#\/schema\/logo\/image\/","url":"https:\/\/www.josefbergs.com\/de\/wp-content\/uploads\/sites\/2\/2025\/04\/josef-bergs-logo.png","contentUrl":"https:\/\/www.josefbergs.com\/de\/wp-content\/uploads\/sites\/2\/2025\/04\/josef-bergs-logo.png","width":218,"height":82,"caption":"Josef Bergs DE"},"image":{"@id":"https:\/\/www.josefbergs.com\/de\/#\/schema\/logo\/image\/"}}]}},"_links":{"self":[{"href":"https:\/\/www.josefbergs.com\/de\/wp-json\/wp\/v2\/pages\/370","targetHints":{"allow":["GET"]}}],"collection":[{"href":"https:\/\/www.josefbergs.com\/de\/wp-json\/wp\/v2\/pages"}],"about":[{"href":"https:\/\/www.josefbergs.com\/de\/wp-json\/wp\/v2\/types\/page"}],"author":[{"embeddable":true,"href":"https:\/\/www.josefbergs.com\/de\/wp-json\/wp\/v2\/users\/1"}],"replies":[{"embeddable":true,"href":"https:\/\/www.josefbergs.com\/de\/wp-json\/wp\/v2\/comments?post=370"}],"version-history":[{"count":7,"href":"https:\/\/www.josefbergs.com\/de\/wp-json\/wp\/v2\/pages\/370\/revisions"}],"predecessor-version":[{"id":1673,"href":"https:\/\/www.josefbergs.com\/de\/wp-json\/wp\/v2\/pages\/370\/revisions\/1673"}],"wp:attachment":[{"href":"https:\/\/www.josefbergs.com\/de\/wp-json\/wp\/v2\/media?parent=370"}],"wp:term":[{"taxonomy":"category","embeddable":true,"href":"https:\/\/www.josefbergs.com\/de\/wp-json\/wp\/v2\/categories?post=370"},{"taxonomy":"post_tag","embeddable":true,"href":"https:\/\/www.josefbergs.com\/de\/wp-json\/wp\/v2\/tags?post=370"}],"curies":[{"name":"wp","href":"https:\/\/api.w.org\/{rel}","templated":true}]}}