{"id":487,"date":"2025-05-06T23:49:12","date_gmt":"2025-05-06T21:49:12","guid":{"rendered":"https:\/\/www.josefbergs.com\/de\/?page_id=487"},"modified":"2025-06-07T23:04:11","modified_gmt":"2025-06-07T21:04:11","slug":"kesselketten-fuer-schmucksteine","status":"publish","type":"page","link":"https:\/\/www.josefbergs.com\/de\/kesselketten-fuer-schmucksteine\/","title":{"rendered":"Kesselketten f\u00fcr Schmucksteine"},"content":{"rendered":"\t\t<div data-elementor-type=\"wp-page\" data-elementor-id=\"487\" class=\"elementor elementor-487\">\n\t\t\t\t<div class=\"elementor-element elementor-element-8e72376 e-con-full e-flex e-con e-parent\" data-id=\"8e72376\" data-element_type=\"container\">\n\t\t<div class=\"elementor-element elementor-element-8c23e60 e-con-full e-flex e-con e-child\" data-id=\"8c23e60\" data-element_type=\"container\">\n\t\t\t\t<div class=\"elementor-element elementor-element-8cc3e4c elementor-widget elementor-widget-image\" data-id=\"8cc3e4c\" data-element_type=\"widget\" data-widget_type=\"image.default\">\n\t\t\t\t<div class=\"elementor-widget-container\">\n\t\t\t\t\t\t\t\t\t\t\t\t\t\t\t\t<a href=\"\/de\/kesselketten-fuer-schmucksteine\/standard-kesselketten\/\">\n\t\t\t\t\t\t\t<img fetchpriority=\"high\" decoding=\"async\" width=\"570\" height=\"570\" src=\"https:\/\/www.josefbergs.com\/de\/wp-content\/uploads\/sites\/2\/2025\/05\/standard-chains.jpg\" class=\"attachment-large size-large wp-image-471\" alt=\"Standard Kesselketten\" srcset=\"https:\/\/www.josefbergs.com\/de\/wp-content\/uploads\/sites\/2\/2025\/05\/standard-chains.jpg 570w, https:\/\/www.josefbergs.com\/de\/wp-content\/uploads\/sites\/2\/2025\/05\/standard-chains-300x300.jpg 300w, https:\/\/www.josefbergs.com\/de\/wp-content\/uploads\/sites\/2\/2025\/05\/standard-chains-150x150.jpg 150w\" sizes=\"(max-width: 570px) 100vw, 570px\" \/>\t\t\t\t\t\t\t\t<\/a>\n\t\t\t\t\t\t\t\t\t\t\t\t\t\t\t<\/div>\n\t\t\t\t<\/div>\n\t\t\t\t<div class=\"elementor-element elementor-element-09731c9 elementor-widget elementor-widget-heading\" data-id=\"09731c9\" data-element_type=\"widget\" data-widget_type=\"heading.default\">\n\t\t\t\t<div class=\"elementor-widget-container\">\n\t\t\t\t\t<h4 class=\"elementor-heading-title elementor-size-default\">Standard-Kesselketten<\/h4>\t\t\t\t<\/div>\n\t\t\t\t<\/div>\n\t\t\t\t<div class=\"elementor-element elementor-element-c6d34e1 elementor-widget elementor-widget-text-editor\" data-id=\"c6d34e1\" data-element_type=\"widget\" data-widget_type=\"text-editor.default\">\n\t\t\t\t<div class=\"elementor-widget-container\">\n\t\t\t\t\t\t\t\t\t<div class=\"vc_custom_heading vc_gitem-post-data vc_gitem-post-data-source-post_excerpt\"><p>Unsere Standard-Kesselketten setzten sich aus den Krallenfassungen, als Hauptkomponente, und einem sogenannten F\u00e4deldraht, als Verbindungsst\u00fcck zwischen den Kesseln, zusammen. Entlang der Fassungen befinden sich zwei seitliche Schlitze, wonach in diese [&#8230;]<\/p><\/div>\t\t\t\t\t\t\t\t<\/div>\n\t\t\t\t<\/div>\n\t\t\t\t<div class=\"elementor-element elementor-element-79ae1ec elementor-align-left elementor-widget elementor-widget-button\" data-id=\"79ae1ec\" data-element_type=\"widget\" data-widget_type=\"button.default\">\n\t\t\t\t<div class=\"elementor-widget-container\">\n\t\t\t\t\t\t\t\t\t<div class=\"elementor-button-wrapper\">\n\t\t\t\t\t<a class=\"elementor-button elementor-button-link elementor-size-sm\" href=\"\/de\/kesselketten-fuer-schmucksteine\/standard-kesselketten\/\">\n\t\t\t\t\t\t<span class=\"elementor-button-content-wrapper\">\n\t\t\t\t\t\t\t\t\t<span class=\"elementor-button-text\">WEITERLESEN<\/span>\n\t\t\t\t\t<\/span>\n\t\t\t\t\t<\/a>\n\t\t\t\t<\/div>\n\t\t\t\t\t\t\t\t<\/div>\n\t\t\t\t<\/div>\n\t\t\t\t<\/div>\n\t\t<div class=\"elementor-element elementor-element-2f29968 e-con-full e-flex e-con e-child\" data-id=\"2f29968\" data-element_type=\"container\">\n\t\t\t\t<div class=\"elementor-element elementor-element-fcbf198 elementor-widget elementor-widget-image\" data-id=\"fcbf198\" data-element_type=\"widget\" data-widget_type=\"image.default\">\n\t\t\t\t<div class=\"elementor-widget-container\">\n\t\t\t\t\t\t\t\t\t\t\t\t\t\t\t\t<a href=\"\/de\/kesselketten-fuer-schmucksteine\/kombinations-kesselketten\/\">\n\t\t\t\t\t\t\t<img decoding=\"async\" width=\"570\" height=\"570\" src=\"https:\/\/www.josefbergs.com\/de\/wp-content\/uploads\/sites\/2\/2025\/05\/combination-chains.jpg\" class=\"attachment-large size-large wp-image-453\" alt=\"\" srcset=\"https:\/\/www.josefbergs.com\/de\/wp-content\/uploads\/sites\/2\/2025\/05\/combination-chains.jpg 570w, https:\/\/www.josefbergs.com\/de\/wp-content\/uploads\/sites\/2\/2025\/05\/combination-chains-300x300.jpg 300w, https:\/\/www.josefbergs.com\/de\/wp-content\/uploads\/sites\/2\/2025\/05\/combination-chains-150x150.jpg 150w\" sizes=\"(max-width: 570px) 100vw, 570px\" \/>\t\t\t\t\t\t\t\t<\/a>\n\t\t\t\t\t\t\t\t\t\t\t\t\t\t\t<\/div>\n\t\t\t\t<\/div>\n\t\t\t\t<div class=\"elementor-element elementor-element-550ca65 elementor-widget elementor-widget-heading\" data-id=\"550ca65\" data-element_type=\"widget\" data-widget_type=\"heading.default\">\n\t\t\t\t<div class=\"elementor-widget-container\">\n\t\t\t\t\t<h4 class=\"elementor-heading-title elementor-size-default\">Kombinations-Kesselketten<\/h4>\t\t\t\t<\/div>\n\t\t\t\t<\/div>\n\t\t\t\t<div class=\"elementor-element elementor-element-8e05d05 elementor-widget elementor-widget-text-editor\" data-id=\"8e05d05\" data-element_type=\"widget\" data-widget_type=\"text-editor.default\">\n\t\t\t\t<div class=\"elementor-widget-container\">\n\t\t\t\t\t\t\t\t\t<div class=\"vc_custom_heading vc_gitem-post-data vc_gitem-post-data-source-post_excerpt\"><p>Mit unseren Kombinations-Kesselketten, ihren Hauptkomponenten, den Krappenfassungen, und den entsprechenden Zwischenst\u00fccken als Verbindungsglieder, haben Sie eine Vielzahl an verschiedenen Kombinationsm\u00f6glichkeiten. Ganz nach Ihren W\u00fcnschen k\u00f6nnen dabei unterschiedlich viele Elemente eingesetzt [&#8230;]<\/p><\/div>\t\t\t\t\t\t\t\t<\/div>\n\t\t\t\t<\/div>\n\t\t\t\t<div class=\"elementor-element elementor-element-66bf158 elementor-align-left elementor-widget elementor-widget-button\" data-id=\"66bf158\" data-element_type=\"widget\" data-widget_type=\"button.default\">\n\t\t\t\t<div class=\"elementor-widget-container\">\n\t\t\t\t\t\t\t\t\t<div class=\"elementor-button-wrapper\">\n\t\t\t\t\t<a class=\"elementor-button elementor-button-link elementor-size-sm\" href=\"\/de\/kesselketten-fuer-schmucksteine\/kombinations-kesselketten\/\">\n\t\t\t\t\t\t<span class=\"elementor-button-content-wrapper\">\n\t\t\t\t\t\t\t\t\t<span class=\"elementor-button-text\">WEITERLESEN<\/span>\n\t\t\t\t\t<\/span>\n\t\t\t\t\t<\/a>\n\t\t\t\t<\/div>\n\t\t\t\t\t\t\t\t<\/div>\n\t\t\t\t<\/div>\n\t\t\t\t<\/div>\n\t\t<div class=\"elementor-element elementor-element-a2a50ae e-con-full e-flex e-con e-child\" data-id=\"a2a50ae\" data-element_type=\"container\">\n\t\t\t\t<\/div>\n\t\t\t\t<\/div>\n\t\t\t\t<\/div>\n\t\t","protected":false},"excerpt":{"rendered":"<p>Standard-Kesselketten Unsere Standard-Kesselketten setzten sich aus den Krallenfassungen, als Hauptkomponente, und einem sogenannten F\u00e4deldraht, als Verbindungsst\u00fcck zwischen den Kesseln, zusammen. Entlang der Fassungen befinden sich zwei seitliche Schlitze, wonach in diese [&#8230;] WEITERLESEN Kombinations-Kesselketten Mit unseren Kombinations-Kesselketten, ihren Hauptkomponenten, den Krappenfassungen, und den entsprechenden Zwischenst\u00fccken als Verbindungsglieder, haben Sie eine Vielzahl an verschiedenen Kombinationsm\u00f6glichkeiten. Ganz [&hellip;]<\/p>\n","protected":false},"author":1,"featured_media":0,"parent":0,"menu_order":0,"comment_status":"closed","ping_status":"closed","template":"","meta":{"footnotes":""},"categories":[],"tags":[],"class_list":["post-487","page","type-page","status-publish","hentry"],"yoast_head":"<!-- This site is optimized with the Yoast SEO plugin v24.4 - https:\/\/yoast.com\/wordpress\/plugins\/seo\/ -->\n<title>Kesselketten f\u00fcr Schmucksteine - Josef Bergs DE<\/title>\n<meta name=\"robots\" content=\"noindex, follow, max-snippet:-1, max-image-preview:large, max-video-preview:-1\" \/>\n<meta property=\"og:locale\" content=\"de_DE\" \/>\n<meta property=\"og:type\" content=\"article\" \/>\n<meta property=\"og:title\" content=\"Kesselketten f\u00fcr Schmucksteine - Josef Bergs DE\" \/>\n<meta property=\"og:description\" content=\"Standard-Kesselketten Unsere Standard-Kesselketten setzten sich aus den Krallenfassungen, als Hauptkomponente, und einem sogenannten F\u00e4deldraht, als Verbindungsst\u00fcck zwischen den Kesseln, zusammen. Entlang der Fassungen befinden sich zwei seitliche Schlitze, wonach in diese [&#8230;] WEITERLESEN Kombinations-Kesselketten Mit unseren Kombinations-Kesselketten, ihren Hauptkomponenten, den Krappenfassungen, und den entsprechenden Zwischenst\u00fccken als Verbindungsglieder, haben Sie eine Vielzahl an verschiedenen Kombinationsm\u00f6glichkeiten. Ganz [&hellip;]\" \/>\n<meta property=\"og:url\" content=\"https:\/\/www.josefbergs.com\/de\/kesselketten-fuer-schmucksteine\/\" \/>\n<meta property=\"og:site_name\" content=\"Josef Bergs DE\" \/>\n<meta property=\"article:modified_time\" content=\"2025-06-07T21:04:11+00:00\" \/>\n<meta property=\"og:image\" content=\"https:\/\/www.josefbergs.com\/de\/wp-content\/uploads\/sites\/2\/2025\/05\/standard-chains.jpg\" \/>\n<meta name=\"twitter:card\" content=\"summary_large_image\" \/>\n<meta name=\"twitter:label1\" content=\"Gesch\u00e4tzte Lesezeit\" \/>\n\t<meta name=\"twitter:data1\" content=\"1\u00a0Minute\" \/>\n<script type=\"application\/ld+json\" class=\"yoast-schema-graph\">{\"@context\":\"https:\/\/schema.org\",\"@graph\":[{\"@type\":\"WebPage\",\"@id\":\"https:\/\/www.josefbergs.com\/de\/kesselketten-fuer-schmucksteine\/\",\"url\":\"https:\/\/www.josefbergs.com\/de\/kesselketten-fuer-schmucksteine\/\",\"name\":\"Kesselketten f\u00fcr Schmucksteine - Josef Bergs DE\",\"isPartOf\":{\"@id\":\"https:\/\/www.josefbergs.com\/de\/#website\"},\"primaryImageOfPage\":{\"@id\":\"https:\/\/www.josefbergs.com\/de\/kesselketten-fuer-schmucksteine\/#primaryimage\"},\"image\":{\"@id\":\"https:\/\/www.josefbergs.com\/de\/kesselketten-fuer-schmucksteine\/#primaryimage\"},\"thumbnailUrl\":\"https:\/\/www.josefbergs.com\/de\/wp-content\/uploads\/sites\/2\/2025\/05\/standard-chains.jpg\",\"datePublished\":\"2025-05-06T21:49:12+00:00\",\"dateModified\":\"2025-06-07T21:04:11+00:00\",\"breadcrumb\":{\"@id\":\"https:\/\/www.josefbergs.com\/de\/kesselketten-fuer-schmucksteine\/#breadcrumb\"},\"inLanguage\":\"de\",\"potentialAction\":[{\"@type\":\"ReadAction\",\"target\":[\"https:\/\/www.josefbergs.com\/de\/kesselketten-fuer-schmucksteine\/\"]}]},{\"@type\":\"ImageObject\",\"inLanguage\":\"de\",\"@id\":\"https:\/\/www.josefbergs.com\/de\/kesselketten-fuer-schmucksteine\/#primaryimage\",\"url\":\"https:\/\/www.josefbergs.com\/de\/wp-content\/uploads\/sites\/2\/2025\/05\/standard-chains.jpg\",\"contentUrl\":\"https:\/\/www.josefbergs.com\/de\/wp-content\/uploads\/sites\/2\/2025\/05\/standard-chains.jpg\",\"width\":570,\"height\":570,\"caption\":\"Standard Kesselketten\"},{\"@type\":\"BreadcrumbList\",\"@id\":\"https:\/\/www.josefbergs.com\/de\/kesselketten-fuer-schmucksteine\/#breadcrumb\",\"itemListElement\":[{\"@type\":\"ListItem\",\"position\":1,\"name\":\"Home\",\"item\":\"https:\/\/www.josefbergs.com\/de\/\"},{\"@type\":\"ListItem\",\"position\":2,\"name\":\"Kesselketten f\u00fcr Schmucksteine\"}]},{\"@type\":\"WebSite\",\"@id\":\"https:\/\/www.josefbergs.com\/de\/#website\",\"url\":\"https:\/\/www.josefbergs.com\/de\/\",\"name\":\"Josef Bergs DE\",\"description\":\"The Original Metal Findings\",\"publisher\":{\"@id\":\"https:\/\/www.josefbergs.com\/de\/#organization\"},\"potentialAction\":[{\"@type\":\"SearchAction\",\"target\":{\"@type\":\"EntryPoint\",\"urlTemplate\":\"https:\/\/www.josefbergs.com\/de\/?s={search_term_string}\"},\"query-input\":{\"@type\":\"PropertyValueSpecification\",\"valueRequired\":true,\"valueName\":\"search_term_string\"}}],\"inLanguage\":\"de\"},{\"@type\":\"Organization\",\"@id\":\"https:\/\/www.josefbergs.com\/de\/#organization\",\"name\":\"Josef Bergs DE\",\"url\":\"https:\/\/www.josefbergs.com\/de\/\",\"logo\":{\"@type\":\"ImageObject\",\"inLanguage\":\"de\",\"@id\":\"https:\/\/www.josefbergs.com\/de\/#\/schema\/logo\/image\/\",\"url\":\"https:\/\/www.josefbergs.com\/de\/wp-content\/uploads\/sites\/2\/2025\/04\/josef-bergs-logo.png\",\"contentUrl\":\"https:\/\/www.josefbergs.com\/de\/wp-content\/uploads\/sites\/2\/2025\/04\/josef-bergs-logo.png\",\"width\":218,\"height\":82,\"caption\":\"Josef Bergs DE\"},\"image\":{\"@id\":\"https:\/\/www.josefbergs.com\/de\/#\/schema\/logo\/image\/\"}}]}<\/script>\n<!-- \/ Yoast SEO plugin. -->","yoast_head_json":{"title":"Kesselketten f\u00fcr Schmucksteine - Josef Bergs DE","robots":{"index":"noindex","follow":"follow","max-snippet":"max-snippet:-1","max-image-preview":"max-image-preview:large","max-video-preview":"max-video-preview:-1"},"og_locale":"de_DE","og_type":"article","og_title":"Kesselketten f\u00fcr Schmucksteine - Josef Bergs DE","og_description":"Standard-Kesselketten Unsere Standard-Kesselketten setzten sich aus den Krallenfassungen, als Hauptkomponente, und einem sogenannten F\u00e4deldraht, als Verbindungsst\u00fcck zwischen den Kesseln, zusammen. Entlang der Fassungen befinden sich zwei seitliche Schlitze, wonach in diese [&#8230;] WEITERLESEN Kombinations-Kesselketten Mit unseren Kombinations-Kesselketten, ihren Hauptkomponenten, den Krappenfassungen, und den entsprechenden Zwischenst\u00fccken als Verbindungsglieder, haben Sie eine Vielzahl an verschiedenen Kombinationsm\u00f6glichkeiten. Ganz [&hellip;]","og_url":"https:\/\/www.josefbergs.com\/de\/kesselketten-fuer-schmucksteine\/","og_site_name":"Josef Bergs DE","article_modified_time":"2025-06-07T21:04:11+00:00","og_image":[{"url":"https:\/\/www.josefbergs.com\/de\/wp-content\/uploads\/sites\/2\/2025\/05\/standard-chains.jpg","type":"","width":"","height":""}],"twitter_card":"summary_large_image","twitter_misc":{"Gesch\u00e4tzte Lesezeit":"1\u00a0Minute"},"schema":{"@context":"https:\/\/schema.org","@graph":[{"@type":"WebPage","@id":"https:\/\/www.josefbergs.com\/de\/kesselketten-fuer-schmucksteine\/","url":"https:\/\/www.josefbergs.com\/de\/kesselketten-fuer-schmucksteine\/","name":"Kesselketten f\u00fcr Schmucksteine - Josef Bergs DE","isPartOf":{"@id":"https:\/\/www.josefbergs.com\/de\/#website"},"primaryImageOfPage":{"@id":"https:\/\/www.josefbergs.com\/de\/kesselketten-fuer-schmucksteine\/#primaryimage"},"image":{"@id":"https:\/\/www.josefbergs.com\/de\/kesselketten-fuer-schmucksteine\/#primaryimage"},"thumbnailUrl":"https:\/\/www.josefbergs.com\/de\/wp-content\/uploads\/sites\/2\/2025\/05\/standard-chains.jpg","datePublished":"2025-05-06T21:49:12+00:00","dateModified":"2025-06-07T21:04:11+00:00","breadcrumb":{"@id":"https:\/\/www.josefbergs.com\/de\/kesselketten-fuer-schmucksteine\/#breadcrumb"},"inLanguage":"de","potentialAction":[{"@type":"ReadAction","target":["https:\/\/www.josefbergs.com\/de\/kesselketten-fuer-schmucksteine\/"]}]},{"@type":"ImageObject","inLanguage":"de","@id":"https:\/\/www.josefbergs.com\/de\/kesselketten-fuer-schmucksteine\/#primaryimage","url":"https:\/\/www.josefbergs.com\/de\/wp-content\/uploads\/sites\/2\/2025\/05\/standard-chains.jpg","contentUrl":"https:\/\/www.josefbergs.com\/de\/wp-content\/uploads\/sites\/2\/2025\/05\/standard-chains.jpg","width":570,"height":570,"caption":"Standard Kesselketten"},{"@type":"BreadcrumbList","@id":"https:\/\/www.josefbergs.com\/de\/kesselketten-fuer-schmucksteine\/#breadcrumb","itemListElement":[{"@type":"ListItem","position":1,"name":"Home","item":"https:\/\/www.josefbergs.com\/de\/"},{"@type":"ListItem","position":2,"name":"Kesselketten f\u00fcr Schmucksteine"}]},{"@type":"WebSite","@id":"https:\/\/www.josefbergs.com\/de\/#website","url":"https:\/\/www.josefbergs.com\/de\/","name":"Josef Bergs DE","description":"The Original Metal Findings","publisher":{"@id":"https:\/\/www.josefbergs.com\/de\/#organization"},"potentialAction":[{"@type":"SearchAction","target":{"@type":"EntryPoint","urlTemplate":"https:\/\/www.josefbergs.com\/de\/?s={search_term_string}"},"query-input":{"@type":"PropertyValueSpecification","valueRequired":true,"valueName":"search_term_string"}}],"inLanguage":"de"},{"@type":"Organization","@id":"https:\/\/www.josefbergs.com\/de\/#organization","name":"Josef Bergs DE","url":"https:\/\/www.josefbergs.com\/de\/","logo":{"@type":"ImageObject","inLanguage":"de","@id":"https:\/\/www.josefbergs.com\/de\/#\/schema\/logo\/image\/","url":"https:\/\/www.josefbergs.com\/de\/wp-content\/uploads\/sites\/2\/2025\/04\/josef-bergs-logo.png","contentUrl":"https:\/\/www.josefbergs.com\/de\/wp-content\/uploads\/sites\/2\/2025\/04\/josef-bergs-logo.png","width":218,"height":82,"caption":"Josef Bergs DE"},"image":{"@id":"https:\/\/www.josefbergs.com\/de\/#\/schema\/logo\/image\/"}}]}},"_links":{"self":[{"href":"https:\/\/www.josefbergs.com\/de\/wp-json\/wp\/v2\/pages\/487","targetHints":{"allow":["GET"]}}],"collection":[{"href":"https:\/\/www.josefbergs.com\/de\/wp-json\/wp\/v2\/pages"}],"about":[{"href":"https:\/\/www.josefbergs.com\/de\/wp-json\/wp\/v2\/types\/page"}],"author":[{"embeddable":true,"href":"https:\/\/www.josefbergs.com\/de\/wp-json\/wp\/v2\/users\/1"}],"replies":[{"embeddable":true,"href":"https:\/\/www.josefbergs.com\/de\/wp-json\/wp\/v2\/comments?post=487"}],"version-history":[{"count":10,"href":"https:\/\/www.josefbergs.com\/de\/wp-json\/wp\/v2\/pages\/487\/revisions"}],"predecessor-version":[{"id":1372,"href":"https:\/\/www.josefbergs.com\/de\/wp-json\/wp\/v2\/pages\/487\/revisions\/1372"}],"wp:attachment":[{"href":"https:\/\/www.josefbergs.com\/de\/wp-json\/wp\/v2\/media?parent=487"}],"wp:term":[{"taxonomy":"category","embeddable":true,"href":"https:\/\/www.josefbergs.com\/de\/wp-json\/wp\/v2\/categories?post=487"},{"taxonomy":"post_tag","embeddable":true,"href":"https:\/\/www.josefbergs.com\/de\/wp-json\/wp\/v2\/tags?post=487"}],"curies":[{"name":"wp","href":"https:\/\/api.w.org\/{rel}","templated":true}]}}