{"id":501,"date":"2025-05-06T23:53:42","date_gmt":"2025-05-06T21:53:42","guid":{"rendered":"https:\/\/www.josefbergs.com\/de\/?page_id=501"},"modified":"2025-06-07T23:05:46","modified_gmt":"2025-06-07T21:05:46","slug":"filigrane-und-praegeteile","status":"publish","type":"page","link":"https:\/\/www.josefbergs.com\/de\/filigrane-und-praegeteile\/","title":{"rendered":"Filigrane und Pr\u00e4geteile"},"content":{"rendered":"\t\t<div data-elementor-type=\"wp-page\" data-elementor-id=\"501\" class=\"elementor elementor-501\">\n\t\t\t\t<div class=\"elementor-element elementor-element-8e72376 e-con-full e-flex e-con e-parent\" data-id=\"8e72376\" data-element_type=\"container\">\n\t\t<div class=\"elementor-element elementor-element-8c23e60 e-con-full e-flex e-con e-child\" data-id=\"8c23e60\" data-element_type=\"container\">\n\t\t\t\t<div class=\"elementor-element elementor-element-8cc3e4c elementor-widget elementor-widget-image\" data-id=\"8cc3e4c\" data-element_type=\"widget\" data-widget_type=\"image.default\">\n\t\t\t\t<div class=\"elementor-widget-container\">\n\t\t\t\t\t\t\t\t\t\t\t\t\t\t\t\t<a href=\"\/de\/filigrane-und-praegeteile\/schmuck-praegungen\/\">\n\t\t\t\t\t\t\t<img fetchpriority=\"high\" decoding=\"async\" width=\"570\" height=\"570\" src=\"https:\/\/www.josefbergs.com\/de\/wp-content\/uploads\/sites\/2\/2025\/05\/stampings.jpg\" class=\"attachment-large size-large wp-image-503\" alt=\"Schmuck-Pr\u00e4gungen\" srcset=\"https:\/\/www.josefbergs.com\/de\/wp-content\/uploads\/sites\/2\/2025\/05\/stampings.jpg 570w, https:\/\/www.josefbergs.com\/de\/wp-content\/uploads\/sites\/2\/2025\/05\/stampings-300x300.jpg 300w, https:\/\/www.josefbergs.com\/de\/wp-content\/uploads\/sites\/2\/2025\/05\/stampings-150x150.jpg 150w\" sizes=\"(max-width: 570px) 100vw, 570px\" \/>\t\t\t\t\t\t\t\t<\/a>\n\t\t\t\t\t\t\t\t\t\t\t\t\t\t\t<\/div>\n\t\t\t\t<\/div>\n\t\t\t\t<div class=\"elementor-element elementor-element-09731c9 elementor-widget elementor-widget-heading\" data-id=\"09731c9\" data-element_type=\"widget\" data-widget_type=\"heading.default\">\n\t\t\t\t<div class=\"elementor-widget-container\">\n\t\t\t\t\t<h4 class=\"elementor-heading-title elementor-size-default\">Schmuck-Pr\u00e4gungen<\/h4>\t\t\t\t<\/div>\n\t\t\t\t<\/div>\n\t\t\t\t<div class=\"elementor-element elementor-element-c6d34e1 elementor-widget elementor-widget-text-editor\" data-id=\"c6d34e1\" data-element_type=\"widget\" data-widget_type=\"text-editor.default\">\n\t\t\t\t<div class=\"elementor-widget-container\">\n\t\t\t\t\t\t\t\t\t<div class=\"vc_custom_heading vc_gitem-post-data vc_gitem-post-data-source-post_excerpt\"><p>Liebevoll designte Pressungen lassen die Betrachter in verschiedenste Welten abtauchen. Sie sind schlie\u00dflich das finale Ergebnis von vorhergehenden Ideen und Vorstellungen, die der Designer an den Tr\u00e4ger weitergeben m\u00f6chte. Bestimmen [&#8230;]<\/p><\/div>\t\t\t\t\t\t\t\t<\/div>\n\t\t\t\t<\/div>\n\t\t\t\t<div class=\"elementor-element elementor-element-79ae1ec elementor-align-left elementor-widget elementor-widget-button\" data-id=\"79ae1ec\" data-element_type=\"widget\" data-widget_type=\"button.default\">\n\t\t\t\t<div class=\"elementor-widget-container\">\n\t\t\t\t\t\t\t\t\t<div class=\"elementor-button-wrapper\">\n\t\t\t\t\t<a class=\"elementor-button elementor-button-link elementor-size-sm\" href=\"\/de\/filigrane-und-praegeteile\/schmuck-praegungen\/\">\n\t\t\t\t\t\t<span class=\"elementor-button-content-wrapper\">\n\t\t\t\t\t\t\t\t\t<span class=\"elementor-button-text\">WEITERLESEN<\/span>\n\t\t\t\t\t<\/span>\n\t\t\t\t\t<\/a>\n\t\t\t\t<\/div>\n\t\t\t\t\t\t\t\t<\/div>\n\t\t\t\t<\/div>\n\t\t\t\t<\/div>\n\t\t<div class=\"elementor-element elementor-element-2f29968 e-con-full e-flex e-con e-child\" data-id=\"2f29968\" data-element_type=\"container\">\n\t\t\t\t<div class=\"elementor-element elementor-element-fcbf198 elementor-widget elementor-widget-image\" data-id=\"fcbf198\" data-element_type=\"widget\" data-widget_type=\"image.default\">\n\t\t\t\t<div class=\"elementor-widget-container\">\n\t\t\t\t\t\t\t\t\t\t\t\t\t\t\t\t<a href=\"\/de\/filigrane-und-praegeteile\/strass-pressungen-similipressungen\/\">\n\t\t\t\t\t\t\t<img decoding=\"async\" width=\"570\" height=\"570\" src=\"https:\/\/www.josefbergs.com\/de\/wp-content\/uploads\/sites\/2\/2025\/05\/simili-stampings.jpg\" class=\"attachment-large size-large wp-image-469\" alt=\"Strass-Pr\u00e4gungen\" srcset=\"https:\/\/www.josefbergs.com\/de\/wp-content\/uploads\/sites\/2\/2025\/05\/simili-stampings.jpg 570w, https:\/\/www.josefbergs.com\/de\/wp-content\/uploads\/sites\/2\/2025\/05\/simili-stampings-300x300.jpg 300w, https:\/\/www.josefbergs.com\/de\/wp-content\/uploads\/sites\/2\/2025\/05\/simili-stampings-150x150.jpg 150w\" sizes=\"(max-width: 570px) 100vw, 570px\" \/>\t\t\t\t\t\t\t\t<\/a>\n\t\t\t\t\t\t\t\t\t\t\t\t\t\t\t<\/div>\n\t\t\t\t<\/div>\n\t\t\t\t<div class=\"elementor-element elementor-element-550ca65 elementor-widget elementor-widget-heading\" data-id=\"550ca65\" data-element_type=\"widget\" data-widget_type=\"heading.default\">\n\t\t\t\t<div class=\"elementor-widget-container\">\n\t\t\t\t\t<h4 class=\"elementor-heading-title elementor-size-default\">Strass Pressungen und Similipressungen<\/h4>\t\t\t\t<\/div>\n\t\t\t\t<\/div>\n\t\t\t\t<div class=\"elementor-element elementor-element-8e05d05 elementor-widget elementor-widget-text-editor\" data-id=\"8e05d05\" data-element_type=\"widget\" data-widget_type=\"text-editor.default\">\n\t\t\t\t<div class=\"elementor-widget-container\">\n\t\t\t\t\t\t\t\t\t<div class=\"vc_custom_heading vc_gitem-post-data vc_gitem-post-data-source-post_excerpt\"><p>Strass Pressungen sind Motivpressungen, die mit einem oder mehreren Strasssteinen veredelt werden. Daf\u00fcr werden die zuvor sorgf\u00e4ltig ausgesuchten Strass-Steine in die bereits eingearbeiteten Steineins\u00e4tze der Schmuck Pr\u00e4gung eingesetzt und mit [&#8230;]<\/p><\/div>\t\t\t\t\t\t\t\t<\/div>\n\t\t\t\t<\/div>\n\t\t\t\t<div class=\"elementor-element elementor-element-66bf158 elementor-align-left elementor-widget elementor-widget-button\" data-id=\"66bf158\" data-element_type=\"widget\" data-widget_type=\"button.default\">\n\t\t\t\t<div class=\"elementor-widget-container\">\n\t\t\t\t\t\t\t\t\t<div class=\"elementor-button-wrapper\">\n\t\t\t\t\t<a class=\"elementor-button elementor-button-link elementor-size-sm\" href=\"\/de\/filigrane-und-praegeteile\/strass-pressungen-similipressungen\/\">\n\t\t\t\t\t\t<span class=\"elementor-button-content-wrapper\">\n\t\t\t\t\t\t\t\t\t<span class=\"elementor-button-text\">WEITERLESEN<\/span>\n\t\t\t\t\t<\/span>\n\t\t\t\t\t<\/a>\n\t\t\t\t<\/div>\n\t\t\t\t\t\t\t\t<\/div>\n\t\t\t\t<\/div>\n\t\t\t\t<\/div>\n\t\t<div class=\"elementor-element elementor-element-a2a50ae e-con-full e-flex e-con e-child\" data-id=\"a2a50ae\" data-element_type=\"container\">\n\t\t\t\t<div class=\"elementor-element elementor-element-a68be21 elementor-widget elementor-widget-image\" data-id=\"a68be21\" data-element_type=\"widget\" data-widget_type=\"image.default\">\n\t\t\t\t<div class=\"elementor-widget-container\">\n\t\t\t\t\t\t\t\t\t\t\t\t\t\t\t\t<a href=\"\/de\/filigrane-und-praegeteile\/filigrane-praegungen\/\">\n\t\t\t\t\t\t\t<img decoding=\"async\" width=\"570\" height=\"570\" src=\"https:\/\/www.josefbergs.com\/de\/wp-content\/uploads\/sites\/2\/2025\/05\/filigree-stampings.jpg\" class=\"attachment-large size-large wp-image-456\" alt=\"Filigrane Pr\u00e4gungen\" srcset=\"https:\/\/www.josefbergs.com\/de\/wp-content\/uploads\/sites\/2\/2025\/05\/filigree-stampings.jpg 570w, https:\/\/www.josefbergs.com\/de\/wp-content\/uploads\/sites\/2\/2025\/05\/filigree-stampings-300x300.jpg 300w, https:\/\/www.josefbergs.com\/de\/wp-content\/uploads\/sites\/2\/2025\/05\/filigree-stampings-150x150.jpg 150w\" sizes=\"(max-width: 570px) 100vw, 570px\" \/>\t\t\t\t\t\t\t\t<\/a>\n\t\t\t\t\t\t\t\t\t\t\t\t\t\t\t<\/div>\n\t\t\t\t<\/div>\n\t\t\t\t<div class=\"elementor-element elementor-element-b8e30bf elementor-widget elementor-widget-heading\" data-id=\"b8e30bf\" data-element_type=\"widget\" data-widget_type=\"heading.default\">\n\t\t\t\t<div class=\"elementor-widget-container\">\n\t\t\t\t\t<h4 class=\"elementor-heading-title elementor-size-default\">Filigrane Pr\u00e4gungen<\/h4>\t\t\t\t<\/div>\n\t\t\t\t<\/div>\n\t\t\t\t<div class=\"elementor-element elementor-element-d3febaa elementor-widget elementor-widget-text-editor\" data-id=\"d3febaa\" data-element_type=\"widget\" data-widget_type=\"text-editor.default\">\n\t\t\t\t<div class=\"elementor-widget-container\">\n\t\t\t\t\t\t\t\t\t<p>Filigrane Pr\u00e4gungen setzten sich aus feinen und stilvollen Metallornamenten zusammen. Bereits jedes Motiv an sich gleicht einem eigenen Kunstwerk. Mit viel Hingabe entstehen in einer zeitintensiven und aufwendigen mehrstufigen Entwicklung, [&#8230;]<\/p>\t\t\t\t\t\t\t\t<\/div>\n\t\t\t\t<\/div>\n\t\t\t\t<div class=\"elementor-element elementor-element-b107679 elementor-align-left elementor-widget elementor-widget-button\" data-id=\"b107679\" data-element_type=\"widget\" data-widget_type=\"button.default\">\n\t\t\t\t<div class=\"elementor-widget-container\">\n\t\t\t\t\t\t\t\t\t<div class=\"elementor-button-wrapper\">\n\t\t\t\t\t<a class=\"elementor-button elementor-button-link elementor-size-sm\" href=\"\/de\/filigrane-und-praegeteile\/filigrane-praegungen\/\">\n\t\t\t\t\t\t<span class=\"elementor-button-content-wrapper\">\n\t\t\t\t\t\t\t\t\t<span class=\"elementor-button-text\">WEITERLESEN<\/span>\n\t\t\t\t\t<\/span>\n\t\t\t\t\t<\/a>\n\t\t\t\t<\/div>\n\t\t\t\t\t\t\t\t<\/div>\n\t\t\t\t<\/div>\n\t\t\t\t<\/div>\n\t\t<div class=\"elementor-element elementor-element-b592b6f e-con-full e-flex e-con e-child\" data-id=\"b592b6f\" data-element_type=\"container\">\n\t\t\t\t<div class=\"elementor-element elementor-element-b02a5a6 elementor-widget elementor-widget-image\" data-id=\"b02a5a6\" data-element_type=\"widget\" data-widget_type=\"image.default\">\n\t\t\t\t<div class=\"elementor-widget-container\">\n\t\t\t\t\t\t\t\t\t\t\t\t\t\t\t\t<a href=\"\/de\/filigrane-und-praegeteile\/perlkappen\/\">\n\t\t\t\t\t\t\t<img loading=\"lazy\" decoding=\"async\" width=\"570\" height=\"570\" src=\"https:\/\/www.josefbergs.com\/de\/wp-content\/uploads\/sites\/2\/2025\/05\/bead-caps.jpg\" class=\"attachment-large size-large wp-image-448\" alt=\"Perlkappen\" srcset=\"https:\/\/www.josefbergs.com\/de\/wp-content\/uploads\/sites\/2\/2025\/05\/bead-caps.jpg 570w, https:\/\/www.josefbergs.com\/de\/wp-content\/uploads\/sites\/2\/2025\/05\/bead-caps-300x300.jpg 300w, https:\/\/www.josefbergs.com\/de\/wp-content\/uploads\/sites\/2\/2025\/05\/bead-caps-150x150.jpg 150w\" sizes=\"(max-width: 570px) 100vw, 570px\" \/>\t\t\t\t\t\t\t\t<\/a>\n\t\t\t\t\t\t\t\t\t\t\t\t\t\t\t<\/div>\n\t\t\t\t<\/div>\n\t\t\t\t<div class=\"elementor-element elementor-element-ebbade7 elementor-widget elementor-widget-heading\" data-id=\"ebbade7\" data-element_type=\"widget\" data-widget_type=\"heading.default\">\n\t\t\t\t<div class=\"elementor-widget-container\">\n\t\t\t\t\t<h4 class=\"elementor-heading-title elementor-size-default\">Perlkappen<\/h4>\t\t\t\t<\/div>\n\t\t\t\t<\/div>\n\t\t\t\t<div class=\"elementor-element elementor-element-656e7dd elementor-widget elementor-widget-text-editor\" data-id=\"656e7dd\" data-element_type=\"widget\" data-widget_type=\"text-editor.default\">\n\t\t\t\t<div class=\"elementor-widget-container\">\n\t\t\t\t\t\t\t\t\t<div class=\"vc_custom_heading vc_gitem-post-data vc_gitem-post-data-source-post_excerpt\"><p>Perlkappen bilden die edle Erg\u00e4nzung zu Schmuckperlen. Die Metall-Kappen \u00fcbernehmen dabei viele verschiedene Aufgaben. Zum einen sch\u00fctzen sie die Perlen und geben ihnen sicheren Halt, zum anderen dienen sie als [&#8230;]<\/p><\/div>\t\t\t\t\t\t\t\t<\/div>\n\t\t\t\t<\/div>\n\t\t\t\t<div class=\"elementor-element elementor-element-eb36963 elementor-align-left elementor-widget elementor-widget-button\" data-id=\"eb36963\" data-element_type=\"widget\" data-widget_type=\"button.default\">\n\t\t\t\t<div class=\"elementor-widget-container\">\n\t\t\t\t\t\t\t\t\t<div class=\"elementor-button-wrapper\">\n\t\t\t\t\t<a class=\"elementor-button elementor-button-link elementor-size-sm\" href=\"\/de\/filigrane-und-praegeteile\/perlkappen\/\">\n\t\t\t\t\t\t<span class=\"elementor-button-content-wrapper\">\n\t\t\t\t\t\t\t\t\t<span class=\"elementor-button-text\">WEITERLESEN<\/span>\n\t\t\t\t\t<\/span>\n\t\t\t\t\t<\/a>\n\t\t\t\t<\/div>\n\t\t\t\t\t\t\t\t<\/div>\n\t\t\t\t<\/div>\n\t\t\t\t<\/div>\n\t\t<div class=\"elementor-element elementor-element-8361011 e-con-full e-flex e-con e-child\" data-id=\"8361011\" data-element_type=\"container\">\n\t\t\t\t<\/div>\n\t\t<div class=\"elementor-element elementor-element-486fbeb e-con-full e-flex e-con e-child\" data-id=\"486fbeb\" data-element_type=\"container\">\n\t\t\t\t<\/div>\n\t\t\t\t<\/div>\n\t\t\t\t<\/div>\n\t\t","protected":false},"excerpt":{"rendered":"<p>Schmuck-Pr\u00e4gungen Liebevoll designte Pressungen lassen die Betrachter in verschiedenste Welten abtauchen. Sie sind schlie\u00dflich das finale Ergebnis von vorhergehenden Ideen und Vorstellungen, die der Designer an den Tr\u00e4ger weitergeben m\u00f6chte. Bestimmen [&#8230;] WEITERLESEN Strass Pressungen und Similipressungen Strass Pressungen sind Motivpressungen, die mit einem oder mehreren Strasssteinen veredelt werden. Daf\u00fcr werden die zuvor sorgf\u00e4ltig ausgesuchten [&hellip;]<\/p>\n","protected":false},"author":1,"featured_media":0,"parent":0,"menu_order":0,"comment_status":"closed","ping_status":"closed","template":"","meta":{"footnotes":""},"categories":[],"tags":[],"class_list":["post-501","page","type-page","status-publish","hentry"],"yoast_head":"<!-- This site is optimized with the Yoast SEO plugin v24.4 - https:\/\/yoast.com\/wordpress\/plugins\/seo\/ -->\n<title>Filigrane und Pr\u00e4geteile - Josef Bergs DE<\/title>\n<meta name=\"robots\" content=\"noindex, follow, max-snippet:-1, max-image-preview:large, max-video-preview:-1\" \/>\n<meta property=\"og:locale\" content=\"de_DE\" \/>\n<meta property=\"og:type\" content=\"article\" \/>\n<meta property=\"og:title\" content=\"Filigrane und Pr\u00e4geteile - Josef Bergs DE\" \/>\n<meta property=\"og:description\" content=\"Schmuck-Pr\u00e4gungen Liebevoll designte Pressungen lassen die Betrachter in verschiedenste Welten abtauchen. Sie sind schlie\u00dflich das finale Ergebnis von vorhergehenden Ideen und Vorstellungen, die der Designer an den Tr\u00e4ger weitergeben m\u00f6chte. Bestimmen [&#8230;] WEITERLESEN Strass Pressungen und Similipressungen Strass Pressungen sind Motivpressungen, die mit einem oder mehreren Strasssteinen veredelt werden. Daf\u00fcr werden die zuvor sorgf\u00e4ltig ausgesuchten [&hellip;]\" \/>\n<meta property=\"og:url\" content=\"https:\/\/www.josefbergs.com\/de\/filigrane-und-praegeteile\/\" \/>\n<meta property=\"og:site_name\" content=\"Josef Bergs DE\" \/>\n<meta property=\"article:modified_time\" content=\"2025-06-07T21:05:46+00:00\" \/>\n<meta property=\"og:image\" content=\"https:\/\/www.josefbergs.com\/de\/wp-content\/uploads\/sites\/2\/2025\/05\/stampings.jpg\" \/>\n<meta name=\"twitter:card\" content=\"summary_large_image\" \/>\n<meta name=\"twitter:label1\" content=\"Gesch\u00e4tzte Lesezeit\" \/>\n\t<meta name=\"twitter:data1\" content=\"2\u00a0Minuten\" \/>\n<script type=\"application\/ld+json\" class=\"yoast-schema-graph\">{\"@context\":\"https:\/\/schema.org\",\"@graph\":[{\"@type\":\"WebPage\",\"@id\":\"https:\/\/www.josefbergs.com\/de\/filigrane-und-praegeteile\/\",\"url\":\"https:\/\/www.josefbergs.com\/de\/filigrane-und-praegeteile\/\",\"name\":\"Filigrane und Pr\u00e4geteile - Josef Bergs DE\",\"isPartOf\":{\"@id\":\"https:\/\/www.josefbergs.com\/de\/#website\"},\"primaryImageOfPage\":{\"@id\":\"https:\/\/www.josefbergs.com\/de\/filigrane-und-praegeteile\/#primaryimage\"},\"image\":{\"@id\":\"https:\/\/www.josefbergs.com\/de\/filigrane-und-praegeteile\/#primaryimage\"},\"thumbnailUrl\":\"https:\/\/www.josefbergs.com\/de\/wp-content\/uploads\/sites\/2\/2025\/05\/stampings.jpg\",\"datePublished\":\"2025-05-06T21:53:42+00:00\",\"dateModified\":\"2025-06-07T21:05:46+00:00\",\"breadcrumb\":{\"@id\":\"https:\/\/www.josefbergs.com\/de\/filigrane-und-praegeteile\/#breadcrumb\"},\"inLanguage\":\"de\",\"potentialAction\":[{\"@type\":\"ReadAction\",\"target\":[\"https:\/\/www.josefbergs.com\/de\/filigrane-und-praegeteile\/\"]}]},{\"@type\":\"ImageObject\",\"inLanguage\":\"de\",\"@id\":\"https:\/\/www.josefbergs.com\/de\/filigrane-und-praegeteile\/#primaryimage\",\"url\":\"https:\/\/www.josefbergs.com\/de\/wp-content\/uploads\/sites\/2\/2025\/05\/stampings.jpg\",\"contentUrl\":\"https:\/\/www.josefbergs.com\/de\/wp-content\/uploads\/sites\/2\/2025\/05\/stampings.jpg\",\"width\":570,\"height\":570,\"caption\":\"Schmuck-Pr\u00e4gungen\"},{\"@type\":\"BreadcrumbList\",\"@id\":\"https:\/\/www.josefbergs.com\/de\/filigrane-und-praegeteile\/#breadcrumb\",\"itemListElement\":[{\"@type\":\"ListItem\",\"position\":1,\"name\":\"Home\",\"item\":\"https:\/\/www.josefbergs.com\/de\/\"},{\"@type\":\"ListItem\",\"position\":2,\"name\":\"Filigrane und Pr\u00e4geteile\"}]},{\"@type\":\"WebSite\",\"@id\":\"https:\/\/www.josefbergs.com\/de\/#website\",\"url\":\"https:\/\/www.josefbergs.com\/de\/\",\"name\":\"Josef Bergs DE\",\"description\":\"The Original Metal Findings\",\"publisher\":{\"@id\":\"https:\/\/www.josefbergs.com\/de\/#organization\"},\"potentialAction\":[{\"@type\":\"SearchAction\",\"target\":{\"@type\":\"EntryPoint\",\"urlTemplate\":\"https:\/\/www.josefbergs.com\/de\/?s={search_term_string}\"},\"query-input\":{\"@type\":\"PropertyValueSpecification\",\"valueRequired\":true,\"valueName\":\"search_term_string\"}}],\"inLanguage\":\"de\"},{\"@type\":\"Organization\",\"@id\":\"https:\/\/www.josefbergs.com\/de\/#organization\",\"name\":\"Josef Bergs DE\",\"url\":\"https:\/\/www.josefbergs.com\/de\/\",\"logo\":{\"@type\":\"ImageObject\",\"inLanguage\":\"de\",\"@id\":\"https:\/\/www.josefbergs.com\/de\/#\/schema\/logo\/image\/\",\"url\":\"https:\/\/www.josefbergs.com\/de\/wp-content\/uploads\/sites\/2\/2025\/04\/josef-bergs-logo.png\",\"contentUrl\":\"https:\/\/www.josefbergs.com\/de\/wp-content\/uploads\/sites\/2\/2025\/04\/josef-bergs-logo.png\",\"width\":218,\"height\":82,\"caption\":\"Josef Bergs DE\"},\"image\":{\"@id\":\"https:\/\/www.josefbergs.com\/de\/#\/schema\/logo\/image\/\"}}]}<\/script>\n<!-- \/ Yoast SEO plugin. -->","yoast_head_json":{"title":"Filigrane und Pr\u00e4geteile - Josef Bergs DE","robots":{"index":"noindex","follow":"follow","max-snippet":"max-snippet:-1","max-image-preview":"max-image-preview:large","max-video-preview":"max-video-preview:-1"},"og_locale":"de_DE","og_type":"article","og_title":"Filigrane und Pr\u00e4geteile - Josef Bergs DE","og_description":"Schmuck-Pr\u00e4gungen Liebevoll designte Pressungen lassen die Betrachter in verschiedenste Welten abtauchen. Sie sind schlie\u00dflich das finale Ergebnis von vorhergehenden Ideen und Vorstellungen, die der Designer an den Tr\u00e4ger weitergeben m\u00f6chte. Bestimmen [&#8230;] WEITERLESEN Strass Pressungen und Similipressungen Strass Pressungen sind Motivpressungen, die mit einem oder mehreren Strasssteinen veredelt werden. Daf\u00fcr werden die zuvor sorgf\u00e4ltig ausgesuchten [&hellip;]","og_url":"https:\/\/www.josefbergs.com\/de\/filigrane-und-praegeteile\/","og_site_name":"Josef Bergs DE","article_modified_time":"2025-06-07T21:05:46+00:00","og_image":[{"url":"https:\/\/www.josefbergs.com\/de\/wp-content\/uploads\/sites\/2\/2025\/05\/stampings.jpg","type":"","width":"","height":""}],"twitter_card":"summary_large_image","twitter_misc":{"Gesch\u00e4tzte Lesezeit":"2\u00a0Minuten"},"schema":{"@context":"https:\/\/schema.org","@graph":[{"@type":"WebPage","@id":"https:\/\/www.josefbergs.com\/de\/filigrane-und-praegeteile\/","url":"https:\/\/www.josefbergs.com\/de\/filigrane-und-praegeteile\/","name":"Filigrane und Pr\u00e4geteile - Josef Bergs DE","isPartOf":{"@id":"https:\/\/www.josefbergs.com\/de\/#website"},"primaryImageOfPage":{"@id":"https:\/\/www.josefbergs.com\/de\/filigrane-und-praegeteile\/#primaryimage"},"image":{"@id":"https:\/\/www.josefbergs.com\/de\/filigrane-und-praegeteile\/#primaryimage"},"thumbnailUrl":"https:\/\/www.josefbergs.com\/de\/wp-content\/uploads\/sites\/2\/2025\/05\/stampings.jpg","datePublished":"2025-05-06T21:53:42+00:00","dateModified":"2025-06-07T21:05:46+00:00","breadcrumb":{"@id":"https:\/\/www.josefbergs.com\/de\/filigrane-und-praegeteile\/#breadcrumb"},"inLanguage":"de","potentialAction":[{"@type":"ReadAction","target":["https:\/\/www.josefbergs.com\/de\/filigrane-und-praegeteile\/"]}]},{"@type":"ImageObject","inLanguage":"de","@id":"https:\/\/www.josefbergs.com\/de\/filigrane-und-praegeteile\/#primaryimage","url":"https:\/\/www.josefbergs.com\/de\/wp-content\/uploads\/sites\/2\/2025\/05\/stampings.jpg","contentUrl":"https:\/\/www.josefbergs.com\/de\/wp-content\/uploads\/sites\/2\/2025\/05\/stampings.jpg","width":570,"height":570,"caption":"Schmuck-Pr\u00e4gungen"},{"@type":"BreadcrumbList","@id":"https:\/\/www.josefbergs.com\/de\/filigrane-und-praegeteile\/#breadcrumb","itemListElement":[{"@type":"ListItem","position":1,"name":"Home","item":"https:\/\/www.josefbergs.com\/de\/"},{"@type":"ListItem","position":2,"name":"Filigrane und Pr\u00e4geteile"}]},{"@type":"WebSite","@id":"https:\/\/www.josefbergs.com\/de\/#website","url":"https:\/\/www.josefbergs.com\/de\/","name":"Josef Bergs DE","description":"The Original Metal Findings","publisher":{"@id":"https:\/\/www.josefbergs.com\/de\/#organization"},"potentialAction":[{"@type":"SearchAction","target":{"@type":"EntryPoint","urlTemplate":"https:\/\/www.josefbergs.com\/de\/?s={search_term_string}"},"query-input":{"@type":"PropertyValueSpecification","valueRequired":true,"valueName":"search_term_string"}}],"inLanguage":"de"},{"@type":"Organization","@id":"https:\/\/www.josefbergs.com\/de\/#organization","name":"Josef Bergs DE","url":"https:\/\/www.josefbergs.com\/de\/","logo":{"@type":"ImageObject","inLanguage":"de","@id":"https:\/\/www.josefbergs.com\/de\/#\/schema\/logo\/image\/","url":"https:\/\/www.josefbergs.com\/de\/wp-content\/uploads\/sites\/2\/2025\/04\/josef-bergs-logo.png","contentUrl":"https:\/\/www.josefbergs.com\/de\/wp-content\/uploads\/sites\/2\/2025\/04\/josef-bergs-logo.png","width":218,"height":82,"caption":"Josef Bergs DE"},"image":{"@id":"https:\/\/www.josefbergs.com\/de\/#\/schema\/logo\/image\/"}}]}},"_links":{"self":[{"href":"https:\/\/www.josefbergs.com\/de\/wp-json\/wp\/v2\/pages\/501","targetHints":{"allow":["GET"]}}],"collection":[{"href":"https:\/\/www.josefbergs.com\/de\/wp-json\/wp\/v2\/pages"}],"about":[{"href":"https:\/\/www.josefbergs.com\/de\/wp-json\/wp\/v2\/types\/page"}],"author":[{"embeddable":true,"href":"https:\/\/www.josefbergs.com\/de\/wp-json\/wp\/v2\/users\/1"}],"replies":[{"embeddable":true,"href":"https:\/\/www.josefbergs.com\/de\/wp-json\/wp\/v2\/comments?post=501"}],"version-history":[{"count":7,"href":"https:\/\/www.josefbergs.com\/de\/wp-json\/wp\/v2\/pages\/501\/revisions"}],"predecessor-version":[{"id":1375,"href":"https:\/\/www.josefbergs.com\/de\/wp-json\/wp\/v2\/pages\/501\/revisions\/1375"}],"wp:attachment":[{"href":"https:\/\/www.josefbergs.com\/de\/wp-json\/wp\/v2\/media?parent=501"}],"wp:term":[{"taxonomy":"category","embeddable":true,"href":"https:\/\/www.josefbergs.com\/de\/wp-json\/wp\/v2\/categories?post=501"},{"taxonomy":"post_tag","embeddable":true,"href":"https:\/\/www.josefbergs.com\/de\/wp-json\/wp\/v2\/tags?post=501"}],"curies":[{"name":"wp","href":"https:\/\/api.w.org\/{rel}","templated":true}]}}