{"id":512,"date":"2025-05-07T00:04:53","date_gmt":"2025-05-06T22:04:53","guid":{"rendered":"https:\/\/www.josefbergs.com\/de\/?page_id=512"},"modified":"2025-06-07T23:09:13","modified_gmt":"2025-06-07T21:09:13","slug":"schmuck-zubehoer","status":"publish","type":"page","link":"https:\/\/www.josefbergs.com\/de\/schmuck-zubehoer\/","title":{"rendered":"Schmuck-Zubeh\u00f6r"},"content":{"rendered":"\t\t<div data-elementor-type=\"wp-page\" data-elementor-id=\"512\" class=\"elementor elementor-512\">\n\t\t\t\t<div class=\"elementor-element elementor-element-8e72376 e-con-full e-flex e-con e-parent\" data-id=\"8e72376\" data-element_type=\"container\">\n\t\t<div class=\"elementor-element elementor-element-8c23e60 e-con-full e-flex e-con e-child\" data-id=\"8c23e60\" data-element_type=\"container\">\n\t\t\t\t<div class=\"elementor-element elementor-element-8cc3e4c elementor-widget elementor-widget-image\" data-id=\"8cc3e4c\" data-element_type=\"widget\" data-widget_type=\"image.default\">\n\t\t\t\t<div class=\"elementor-widget-container\">\n\t\t\t\t\t\t\t\t\t\t\t\t\t\t\t\t<a href=\"\/de\/schmuck-zubehoer\/band-verschluss\/\">\n\t\t\t\t\t\t\t<img fetchpriority=\"high\" decoding=\"async\" width=\"570\" height=\"570\" src=\"https:\/\/www.josefbergs.com\/de\/wp-content\/uploads\/sites\/2\/2025\/05\/belt-ends.jpg\" class=\"attachment-large size-large wp-image-449\" alt=\"Bandenden\" srcset=\"https:\/\/www.josefbergs.com\/de\/wp-content\/uploads\/sites\/2\/2025\/05\/belt-ends.jpg 570w, https:\/\/www.josefbergs.com\/de\/wp-content\/uploads\/sites\/2\/2025\/05\/belt-ends-300x300.jpg 300w, https:\/\/www.josefbergs.com\/de\/wp-content\/uploads\/sites\/2\/2025\/05\/belt-ends-150x150.jpg 150w\" sizes=\"(max-width: 570px) 100vw, 570px\" \/>\t\t\t\t\t\t\t\t<\/a>\n\t\t\t\t\t\t\t\t\t\t\t\t\t\t\t<\/div>\n\t\t\t\t<\/div>\n\t\t\t\t<div class=\"elementor-element elementor-element-09731c9 elementor-widget elementor-widget-heading\" data-id=\"09731c9\" data-element_type=\"widget\" data-widget_type=\"heading.default\">\n\t\t\t\t<div class=\"elementor-widget-container\">\n\t\t\t\t\t<h4 class=\"elementor-heading-title elementor-size-default\">Band-Verschluss<\/h4>\t\t\t\t<\/div>\n\t\t\t\t<\/div>\n\t\t\t\t<div class=\"elementor-element elementor-element-c6d34e1 elementor-widget elementor-widget-text-editor\" data-id=\"c6d34e1\" data-element_type=\"widget\" data-widget_type=\"text-editor.default\">\n\t\t\t\t<div class=\"elementor-widget-container\">\n\t\t\t\t\t\t\t\t\t<div class=\"vc_custom_heading vc_gitem-post-data vc_gitem-post-data-source-post_excerpt\"><p>Der Band Verschluss bildet stets Anfang und Ende eines Halsbandes oder eines Armbands. So selbstverst\u00e4ndlich dieser auch ist, desto unerl\u00e4sslicher ist er f\u00fcr jedes Schmuckst\u00fcck. Besonders hier ist ein starker [&#8230;]<\/p><\/div>\t\t\t\t\t\t\t\t<\/div>\n\t\t\t\t<\/div>\n\t\t\t\t<div class=\"elementor-element elementor-element-79ae1ec elementor-align-left elementor-widget elementor-widget-button\" data-id=\"79ae1ec\" data-element_type=\"widget\" data-widget_type=\"button.default\">\n\t\t\t\t<div class=\"elementor-widget-container\">\n\t\t\t\t\t\t\t\t\t<div class=\"elementor-button-wrapper\">\n\t\t\t\t\t<a class=\"elementor-button elementor-button-link elementor-size-sm\" href=\"\/de\/schmuck-zubehoer\/band-verschluss\/\">\n\t\t\t\t\t\t<span class=\"elementor-button-content-wrapper\">\n\t\t\t\t\t\t\t\t\t<span class=\"elementor-button-text\">WEITERLESEN<\/span>\n\t\t\t\t\t<\/span>\n\t\t\t\t\t<\/a>\n\t\t\t\t<\/div>\n\t\t\t\t\t\t\t\t<\/div>\n\t\t\t\t<\/div>\n\t\t\t\t<\/div>\n\t\t<div class=\"elementor-element elementor-element-2f29968 e-con-full e-flex e-con e-child\" data-id=\"2f29968\" data-element_type=\"container\">\n\t\t\t\t<div class=\"elementor-element elementor-element-fcbf198 elementor-widget elementor-widget-image\" data-id=\"fcbf198\" data-element_type=\"widget\" data-widget_type=\"image.default\">\n\t\t\t\t<div class=\"elementor-widget-container\">\n\t\t\t\t\t\t\t\t\t\t\t\t\t\t\t\t<a href=\"\/de\/schmuck-zubehoer\/ringschienen\/\">\n\t\t\t\t\t\t\t<img decoding=\"async\" width=\"570\" height=\"570\" src=\"https:\/\/www.josefbergs.com\/de\/wp-content\/uploads\/sites\/2\/2025\/05\/rings.jpg\" class=\"attachment-large size-large wp-image-462\" alt=\"Ringschienen\" srcset=\"https:\/\/www.josefbergs.com\/de\/wp-content\/uploads\/sites\/2\/2025\/05\/rings.jpg 570w, https:\/\/www.josefbergs.com\/de\/wp-content\/uploads\/sites\/2\/2025\/05\/rings-300x300.jpg 300w, https:\/\/www.josefbergs.com\/de\/wp-content\/uploads\/sites\/2\/2025\/05\/rings-150x150.jpg 150w\" sizes=\"(max-width: 570px) 100vw, 570px\" \/>\t\t\t\t\t\t\t\t<\/a>\n\t\t\t\t\t\t\t\t\t\t\t\t\t\t\t<\/div>\n\t\t\t\t<\/div>\n\t\t\t\t<div class=\"elementor-element elementor-element-550ca65 elementor-widget elementor-widget-heading\" data-id=\"550ca65\" data-element_type=\"widget\" data-widget_type=\"heading.default\">\n\t\t\t\t<div class=\"elementor-widget-container\">\n\t\t\t\t\t<h4 class=\"elementor-heading-title elementor-size-default\">Ringschienen<\/h4>\t\t\t\t<\/div>\n\t\t\t\t<\/div>\n\t\t\t\t<div class=\"elementor-element elementor-element-8e05d05 elementor-widget elementor-widget-text-editor\" data-id=\"8e05d05\" data-element_type=\"widget\" data-widget_type=\"text-editor.default\">\n\t\t\t\t<div class=\"elementor-widget-container\">\n\t\t\t\t\t\t\t\t\t<div class=\"vc_custom_heading vc_gitem-post-data vc_gitem-post-data-source-post_excerpt\"><p>Die Ringschienen bieten wir in unterschiedlichen Grundmodellen und verschiedenen Breiten an. Der Ring ist dabei nicht verschwei\u00dft, folglich flexibel sowie anpassungsf\u00e4hig. Je nach Verwendungszweck, kann die Oberfl\u00e4che der Ringschienen glatt [&#8230;]<\/p><\/div>\t\t\t\t\t\t\t\t<\/div>\n\t\t\t\t<\/div>\n\t\t\t\t<div class=\"elementor-element elementor-element-66bf158 elementor-align-left elementor-widget elementor-widget-button\" data-id=\"66bf158\" data-element_type=\"widget\" data-widget_type=\"button.default\">\n\t\t\t\t<div class=\"elementor-widget-container\">\n\t\t\t\t\t\t\t\t\t<div class=\"elementor-button-wrapper\">\n\t\t\t\t\t<a class=\"elementor-button elementor-button-link elementor-size-sm\" href=\"\/de\/schmuck-zubehoer\/ringschienen\/\">\n\t\t\t\t\t\t<span class=\"elementor-button-content-wrapper\">\n\t\t\t\t\t\t\t\t\t<span class=\"elementor-button-text\">WEITERLESEN<\/span>\n\t\t\t\t\t<\/span>\n\t\t\t\t\t<\/a>\n\t\t\t\t<\/div>\n\t\t\t\t\t\t\t\t<\/div>\n\t\t\t\t<\/div>\n\t\t\t\t<\/div>\n\t\t<div class=\"elementor-element elementor-element-a2a50ae e-con-full e-flex e-con e-child\" data-id=\"a2a50ae\" data-element_type=\"container\">\n\t\t\t\t<div class=\"elementor-element elementor-element-a68be21 elementor-widget elementor-widget-image\" data-id=\"a68be21\" data-element_type=\"widget\" data-widget_type=\"image.default\">\n\t\t\t\t<div class=\"elementor-widget-container\">\n\t\t\t\t\t\t\t\t\t\t\t\t\t\t\t\t<a href=\"\/de\/schmuck-zubehoer\/armreifen\/\">\n\t\t\t\t\t\t\t<img decoding=\"async\" width=\"570\" height=\"570\" src=\"https:\/\/www.josefbergs.com\/de\/wp-content\/uploads\/sites\/2\/2025\/05\/bracelets.jpg\" class=\"attachment-large size-large wp-image-451\" alt=\"Armreifen\" srcset=\"https:\/\/www.josefbergs.com\/de\/wp-content\/uploads\/sites\/2\/2025\/05\/bracelets.jpg 570w, https:\/\/www.josefbergs.com\/de\/wp-content\/uploads\/sites\/2\/2025\/05\/bracelets-300x300.jpg 300w, https:\/\/www.josefbergs.com\/de\/wp-content\/uploads\/sites\/2\/2025\/05\/bracelets-150x150.jpg 150w\" sizes=\"(max-width: 570px) 100vw, 570px\" \/>\t\t\t\t\t\t\t\t<\/a>\n\t\t\t\t\t\t\t\t\t\t\t\t\t\t\t<\/div>\n\t\t\t\t<\/div>\n\t\t\t\t<div class=\"elementor-element elementor-element-b8e30bf elementor-widget elementor-widget-heading\" data-id=\"b8e30bf\" data-element_type=\"widget\" data-widget_type=\"heading.default\">\n\t\t\t\t<div class=\"elementor-widget-container\">\n\t\t\t\t\t<h4 class=\"elementor-heading-title elementor-size-default\">Armreifen, Armspangen<\/h4>\t\t\t\t<\/div>\n\t\t\t\t<\/div>\n\t\t\t\t<div class=\"elementor-element elementor-element-d3febaa elementor-widget elementor-widget-text-editor\" data-id=\"d3febaa\" data-element_type=\"widget\" data-widget_type=\"text-editor.default\">\n\t\t\t\t<div class=\"elementor-widget-container\">\n\t\t\t\t\t\t\t\t\t<p>Ob schmal oder breit, ob gold- silber- oder kupferfarben &#8211; Armreifen sind schon immer ein wichtiges Schmuckaccessoire f\u00fcr trendbewusste Damen und Herren. Mit ihnen werden nicht nur Ober- oder Unterarm [&#8230;]<\/p>\t\t\t\t\t\t\t\t<\/div>\n\t\t\t\t<\/div>\n\t\t\t\t<div class=\"elementor-element elementor-element-b107679 elementor-align-left elementor-widget elementor-widget-button\" data-id=\"b107679\" data-element_type=\"widget\" data-widget_type=\"button.default\">\n\t\t\t\t<div class=\"elementor-widget-container\">\n\t\t\t\t\t\t\t\t\t<div class=\"elementor-button-wrapper\">\n\t\t\t\t\t<a class=\"elementor-button elementor-button-link elementor-size-sm\" href=\"\/de\/schmuck-zubehoer\/armreifen\/\">\n\t\t\t\t\t\t<span class=\"elementor-button-content-wrapper\">\n\t\t\t\t\t\t\t\t\t<span class=\"elementor-button-text\">WEITERLESEN<\/span>\n\t\t\t\t\t<\/span>\n\t\t\t\t\t<\/a>\n\t\t\t\t<\/div>\n\t\t\t\t\t\t\t\t<\/div>\n\t\t\t\t<\/div>\n\t\t\t\t<\/div>\n\t\t<div class=\"elementor-element elementor-element-b592b6f e-con-full e-flex e-con e-child\" data-id=\"b592b6f\" data-element_type=\"container\">\n\t\t\t\t<div class=\"elementor-element elementor-element-b02a5a6 elementor-widget elementor-widget-image\" data-id=\"b02a5a6\" data-element_type=\"widget\" data-widget_type=\"image.default\">\n\t\t\t\t<div class=\"elementor-widget-container\">\n\t\t\t\t\t\t\t\t\t\t\t\t\t\t\t\t<a href=\"\/de\/schmuck-zubehoer\/verschlusssysteme\/\">\n\t\t\t\t\t\t\t<img loading=\"lazy\" decoding=\"async\" width=\"570\" height=\"570\" src=\"https:\/\/www.josefbergs.com\/de\/wp-content\/uploads\/sites\/2\/2025\/05\/loops.jpg\" class=\"attachment-large size-large wp-image-514\" alt=\"Verschlusssysteme, Schluppen\" srcset=\"https:\/\/www.josefbergs.com\/de\/wp-content\/uploads\/sites\/2\/2025\/05\/loops.jpg 570w, https:\/\/www.josefbergs.com\/de\/wp-content\/uploads\/sites\/2\/2025\/05\/loops-300x300.jpg 300w, https:\/\/www.josefbergs.com\/de\/wp-content\/uploads\/sites\/2\/2025\/05\/loops-150x150.jpg 150w\" sizes=\"(max-width: 570px) 100vw, 570px\" \/>\t\t\t\t\t\t\t\t<\/a>\n\t\t\t\t\t\t\t\t\t\t\t\t\t\t\t<\/div>\n\t\t\t\t<\/div>\n\t\t\t\t<div class=\"elementor-element elementor-element-ebbade7 elementor-widget elementor-widget-heading\" data-id=\"ebbade7\" data-element_type=\"widget\" data-widget_type=\"heading.default\">\n\t\t\t\t<div class=\"elementor-widget-container\">\n\t\t\t\t\t<h4 class=\"elementor-heading-title elementor-size-default\">Verschlusssysteme, Schluppen<\/h4>\t\t\t\t<\/div>\n\t\t\t\t<\/div>\n\t\t\t\t<div class=\"elementor-element elementor-element-656e7dd elementor-widget elementor-widget-text-editor\" data-id=\"656e7dd\" data-element_type=\"widget\" data-widget_type=\"text-editor.default\">\n\t\t\t\t<div class=\"elementor-widget-container\">\n\t\t\t\t\t\t\t\t\t<div class=\"vc_custom_heading vc_gitem-post-data vc_gitem-post-data-source-post_excerpt\"><p>Das Schlie\u00df-System ist mit das wichtigste Element des gesamten Schmuckst\u00fccks. Stabilit\u00e4t und sicherer Halt sind neben Zuverl\u00e4ssigkeit eine der wichtigsten Faktoren der Mechanik. Unsere Verschlusssysteme sind genau auf diese Grundeigenschaften [&#8230;]<\/p><\/div>\t\t\t\t\t\t\t\t<\/div>\n\t\t\t\t<\/div>\n\t\t\t\t<div class=\"elementor-element elementor-element-eb36963 elementor-align-left elementor-widget elementor-widget-button\" data-id=\"eb36963\" data-element_type=\"widget\" data-widget_type=\"button.default\">\n\t\t\t\t<div class=\"elementor-widget-container\">\n\t\t\t\t\t\t\t\t\t<div class=\"elementor-button-wrapper\">\n\t\t\t\t\t<a class=\"elementor-button elementor-button-link elementor-size-sm\" href=\"\/de\/schmuck-zubehoer\/verschlusssysteme\/\">\n\t\t\t\t\t\t<span class=\"elementor-button-content-wrapper\">\n\t\t\t\t\t\t\t\t\t<span class=\"elementor-button-text\">WEITERLESEN<\/span>\n\t\t\t\t\t<\/span>\n\t\t\t\t\t<\/a>\n\t\t\t\t<\/div>\n\t\t\t\t\t\t\t\t<\/div>\n\t\t\t\t<\/div>\n\t\t\t\t<\/div>\n\t\t<div class=\"elementor-element elementor-element-8361011 e-con-full e-flex e-con e-child\" data-id=\"8361011\" data-element_type=\"container\">\n\t\t\t\t<\/div>\n\t\t<div class=\"elementor-element elementor-element-486fbeb e-con-full e-flex e-con e-child\" data-id=\"486fbeb\" data-element_type=\"container\">\n\t\t\t\t<\/div>\n\t\t\t\t<\/div>\n\t\t\t\t<\/div>\n\t\t","protected":false},"excerpt":{"rendered":"<p>Band-Verschluss Der Band Verschluss bildet stets Anfang und Ende eines Halsbandes oder eines Armbands. So selbstverst\u00e4ndlich dieser auch ist, desto unerl\u00e4sslicher ist er f\u00fcr jedes Schmuckst\u00fcck. Besonders hier ist ein starker [&#8230;] WEITERLESEN Ringschienen Die Ringschienen bieten wir in unterschiedlichen Grundmodellen und verschiedenen Breiten an. Der Ring ist dabei nicht verschwei\u00dft, folglich flexibel sowie anpassungsf\u00e4hig. [&hellip;]<\/p>\n","protected":false},"author":1,"featured_media":0,"parent":0,"menu_order":0,"comment_status":"closed","ping_status":"closed","template":"","meta":{"footnotes":""},"categories":[],"tags":[],"class_list":["post-512","page","type-page","status-publish","hentry"],"yoast_head":"<!-- This site is optimized with the Yoast SEO plugin v24.4 - https:\/\/yoast.com\/wordpress\/plugins\/seo\/ -->\n<title>Schmuck-Zubeh\u00f6r - Josef Bergs DE<\/title>\n<meta name=\"robots\" content=\"noindex, follow, max-snippet:-1, max-image-preview:large, max-video-preview:-1\" \/>\n<meta property=\"og:locale\" content=\"de_DE\" \/>\n<meta property=\"og:type\" content=\"article\" \/>\n<meta property=\"og:title\" content=\"Schmuck-Zubeh\u00f6r - Josef Bergs DE\" \/>\n<meta property=\"og:description\" content=\"Band-Verschluss Der Band Verschluss bildet stets Anfang und Ende eines Halsbandes oder eines Armbands. So selbstverst\u00e4ndlich dieser auch ist, desto unerl\u00e4sslicher ist er f\u00fcr jedes Schmuckst\u00fcck. Besonders hier ist ein starker [&#8230;] WEITERLESEN Ringschienen Die Ringschienen bieten wir in unterschiedlichen Grundmodellen und verschiedenen Breiten an. Der Ring ist dabei nicht verschwei\u00dft, folglich flexibel sowie anpassungsf\u00e4hig. [&hellip;]\" \/>\n<meta property=\"og:url\" content=\"https:\/\/www.josefbergs.com\/de\/schmuck-zubehoer\/\" \/>\n<meta property=\"og:site_name\" content=\"Josef Bergs DE\" \/>\n<meta property=\"article:modified_time\" content=\"2025-06-07T21:09:13+00:00\" \/>\n<meta property=\"og:image\" content=\"https:\/\/www.josefbergs.com\/de\/wp-content\/uploads\/sites\/2\/2025\/05\/belt-ends.jpg\" \/>\n<meta name=\"twitter:card\" content=\"summary_large_image\" \/>\n<meta name=\"twitter:label1\" content=\"Gesch\u00e4tzte Lesezeit\" \/>\n\t<meta name=\"twitter:data1\" content=\"2\u00a0Minuten\" \/>\n<script type=\"application\/ld+json\" class=\"yoast-schema-graph\">{\"@context\":\"https:\/\/schema.org\",\"@graph\":[{\"@type\":\"WebPage\",\"@id\":\"https:\/\/www.josefbergs.com\/de\/schmuck-zubehoer\/\",\"url\":\"https:\/\/www.josefbergs.com\/de\/schmuck-zubehoer\/\",\"name\":\"Schmuck-Zubeh\u00f6r - Josef Bergs DE\",\"isPartOf\":{\"@id\":\"https:\/\/www.josefbergs.com\/de\/#website\"},\"primaryImageOfPage\":{\"@id\":\"https:\/\/www.josefbergs.com\/de\/schmuck-zubehoer\/#primaryimage\"},\"image\":{\"@id\":\"https:\/\/www.josefbergs.com\/de\/schmuck-zubehoer\/#primaryimage\"},\"thumbnailUrl\":\"https:\/\/www.josefbergs.com\/de\/wp-content\/uploads\/sites\/2\/2025\/05\/belt-ends.jpg\",\"datePublished\":\"2025-05-06T22:04:53+00:00\",\"dateModified\":\"2025-06-07T21:09:13+00:00\",\"breadcrumb\":{\"@id\":\"https:\/\/www.josefbergs.com\/de\/schmuck-zubehoer\/#breadcrumb\"},\"inLanguage\":\"de\",\"potentialAction\":[{\"@type\":\"ReadAction\",\"target\":[\"https:\/\/www.josefbergs.com\/de\/schmuck-zubehoer\/\"]}]},{\"@type\":\"ImageObject\",\"inLanguage\":\"de\",\"@id\":\"https:\/\/www.josefbergs.com\/de\/schmuck-zubehoer\/#primaryimage\",\"url\":\"https:\/\/www.josefbergs.com\/de\/wp-content\/uploads\/sites\/2\/2025\/05\/belt-ends.jpg\",\"contentUrl\":\"https:\/\/www.josefbergs.com\/de\/wp-content\/uploads\/sites\/2\/2025\/05\/belt-ends.jpg\",\"width\":570,\"height\":570,\"caption\":\"Bandenden\"},{\"@type\":\"BreadcrumbList\",\"@id\":\"https:\/\/www.josefbergs.com\/de\/schmuck-zubehoer\/#breadcrumb\",\"itemListElement\":[{\"@type\":\"ListItem\",\"position\":1,\"name\":\"Home\",\"item\":\"https:\/\/www.josefbergs.com\/de\/\"},{\"@type\":\"ListItem\",\"position\":2,\"name\":\"Schmuck-Zubeh\u00f6r\"}]},{\"@type\":\"WebSite\",\"@id\":\"https:\/\/www.josefbergs.com\/de\/#website\",\"url\":\"https:\/\/www.josefbergs.com\/de\/\",\"name\":\"Josef Bergs DE\",\"description\":\"The Original Metal Findings\",\"publisher\":{\"@id\":\"https:\/\/www.josefbergs.com\/de\/#organization\"},\"potentialAction\":[{\"@type\":\"SearchAction\",\"target\":{\"@type\":\"EntryPoint\",\"urlTemplate\":\"https:\/\/www.josefbergs.com\/de\/?s={search_term_string}\"},\"query-input\":{\"@type\":\"PropertyValueSpecification\",\"valueRequired\":true,\"valueName\":\"search_term_string\"}}],\"inLanguage\":\"de\"},{\"@type\":\"Organization\",\"@id\":\"https:\/\/www.josefbergs.com\/de\/#organization\",\"name\":\"Josef Bergs DE\",\"url\":\"https:\/\/www.josefbergs.com\/de\/\",\"logo\":{\"@type\":\"ImageObject\",\"inLanguage\":\"de\",\"@id\":\"https:\/\/www.josefbergs.com\/de\/#\/schema\/logo\/image\/\",\"url\":\"https:\/\/www.josefbergs.com\/de\/wp-content\/uploads\/sites\/2\/2025\/04\/josef-bergs-logo.png\",\"contentUrl\":\"https:\/\/www.josefbergs.com\/de\/wp-content\/uploads\/sites\/2\/2025\/04\/josef-bergs-logo.png\",\"width\":218,\"height\":82,\"caption\":\"Josef Bergs DE\"},\"image\":{\"@id\":\"https:\/\/www.josefbergs.com\/de\/#\/schema\/logo\/image\/\"}}]}<\/script>\n<!-- \/ Yoast SEO plugin. -->","yoast_head_json":{"title":"Schmuck-Zubeh\u00f6r - Josef Bergs DE","robots":{"index":"noindex","follow":"follow","max-snippet":"max-snippet:-1","max-image-preview":"max-image-preview:large","max-video-preview":"max-video-preview:-1"},"og_locale":"de_DE","og_type":"article","og_title":"Schmuck-Zubeh\u00f6r - Josef Bergs DE","og_description":"Band-Verschluss Der Band Verschluss bildet stets Anfang und Ende eines Halsbandes oder eines Armbands. So selbstverst\u00e4ndlich dieser auch ist, desto unerl\u00e4sslicher ist er f\u00fcr jedes Schmuckst\u00fcck. Besonders hier ist ein starker [&#8230;] WEITERLESEN Ringschienen Die Ringschienen bieten wir in unterschiedlichen Grundmodellen und verschiedenen Breiten an. Der Ring ist dabei nicht verschwei\u00dft, folglich flexibel sowie anpassungsf\u00e4hig. [&hellip;]","og_url":"https:\/\/www.josefbergs.com\/de\/schmuck-zubehoer\/","og_site_name":"Josef Bergs DE","article_modified_time":"2025-06-07T21:09:13+00:00","og_image":[{"url":"https:\/\/www.josefbergs.com\/de\/wp-content\/uploads\/sites\/2\/2025\/05\/belt-ends.jpg","type":"","width":"","height":""}],"twitter_card":"summary_large_image","twitter_misc":{"Gesch\u00e4tzte Lesezeit":"2\u00a0Minuten"},"schema":{"@context":"https:\/\/schema.org","@graph":[{"@type":"WebPage","@id":"https:\/\/www.josefbergs.com\/de\/schmuck-zubehoer\/","url":"https:\/\/www.josefbergs.com\/de\/schmuck-zubehoer\/","name":"Schmuck-Zubeh\u00f6r - Josef Bergs DE","isPartOf":{"@id":"https:\/\/www.josefbergs.com\/de\/#website"},"primaryImageOfPage":{"@id":"https:\/\/www.josefbergs.com\/de\/schmuck-zubehoer\/#primaryimage"},"image":{"@id":"https:\/\/www.josefbergs.com\/de\/schmuck-zubehoer\/#primaryimage"},"thumbnailUrl":"https:\/\/www.josefbergs.com\/de\/wp-content\/uploads\/sites\/2\/2025\/05\/belt-ends.jpg","datePublished":"2025-05-06T22:04:53+00:00","dateModified":"2025-06-07T21:09:13+00:00","breadcrumb":{"@id":"https:\/\/www.josefbergs.com\/de\/schmuck-zubehoer\/#breadcrumb"},"inLanguage":"de","potentialAction":[{"@type":"ReadAction","target":["https:\/\/www.josefbergs.com\/de\/schmuck-zubehoer\/"]}]},{"@type":"ImageObject","inLanguage":"de","@id":"https:\/\/www.josefbergs.com\/de\/schmuck-zubehoer\/#primaryimage","url":"https:\/\/www.josefbergs.com\/de\/wp-content\/uploads\/sites\/2\/2025\/05\/belt-ends.jpg","contentUrl":"https:\/\/www.josefbergs.com\/de\/wp-content\/uploads\/sites\/2\/2025\/05\/belt-ends.jpg","width":570,"height":570,"caption":"Bandenden"},{"@type":"BreadcrumbList","@id":"https:\/\/www.josefbergs.com\/de\/schmuck-zubehoer\/#breadcrumb","itemListElement":[{"@type":"ListItem","position":1,"name":"Home","item":"https:\/\/www.josefbergs.com\/de\/"},{"@type":"ListItem","position":2,"name":"Schmuck-Zubeh\u00f6r"}]},{"@type":"WebSite","@id":"https:\/\/www.josefbergs.com\/de\/#website","url":"https:\/\/www.josefbergs.com\/de\/","name":"Josef Bergs DE","description":"The Original Metal Findings","publisher":{"@id":"https:\/\/www.josefbergs.com\/de\/#organization"},"potentialAction":[{"@type":"SearchAction","target":{"@type":"EntryPoint","urlTemplate":"https:\/\/www.josefbergs.com\/de\/?s={search_term_string}"},"query-input":{"@type":"PropertyValueSpecification","valueRequired":true,"valueName":"search_term_string"}}],"inLanguage":"de"},{"@type":"Organization","@id":"https:\/\/www.josefbergs.com\/de\/#organization","name":"Josef Bergs DE","url":"https:\/\/www.josefbergs.com\/de\/","logo":{"@type":"ImageObject","inLanguage":"de","@id":"https:\/\/www.josefbergs.com\/de\/#\/schema\/logo\/image\/","url":"https:\/\/www.josefbergs.com\/de\/wp-content\/uploads\/sites\/2\/2025\/04\/josef-bergs-logo.png","contentUrl":"https:\/\/www.josefbergs.com\/de\/wp-content\/uploads\/sites\/2\/2025\/04\/josef-bergs-logo.png","width":218,"height":82,"caption":"Josef Bergs DE"},"image":{"@id":"https:\/\/www.josefbergs.com\/de\/#\/schema\/logo\/image\/"}}]}},"_links":{"self":[{"href":"https:\/\/www.josefbergs.com\/de\/wp-json\/wp\/v2\/pages\/512","targetHints":{"allow":["GET"]}}],"collection":[{"href":"https:\/\/www.josefbergs.com\/de\/wp-json\/wp\/v2\/pages"}],"about":[{"href":"https:\/\/www.josefbergs.com\/de\/wp-json\/wp\/v2\/types\/page"}],"author":[{"embeddable":true,"href":"https:\/\/www.josefbergs.com\/de\/wp-json\/wp\/v2\/users\/1"}],"replies":[{"embeddable":true,"href":"https:\/\/www.josefbergs.com\/de\/wp-json\/wp\/v2\/comments?post=512"}],"version-history":[{"count":10,"href":"https:\/\/www.josefbergs.com\/de\/wp-json\/wp\/v2\/pages\/512\/revisions"}],"predecessor-version":[{"id":1381,"href":"https:\/\/www.josefbergs.com\/de\/wp-json\/wp\/v2\/pages\/512\/revisions\/1381"}],"wp:attachment":[{"href":"https:\/\/www.josefbergs.com\/de\/wp-json\/wp\/v2\/media?parent=512"}],"wp:term":[{"taxonomy":"category","embeddable":true,"href":"https:\/\/www.josefbergs.com\/de\/wp-json\/wp\/v2\/categories?post=512"},{"taxonomy":"post_tag","embeddable":true,"href":"https:\/\/www.josefbergs.com\/de\/wp-json\/wp\/v2\/tags?post=512"}],"curies":[{"name":"wp","href":"https:\/\/api.w.org\/{rel}","templated":true}]}}