{"id":551,"date":"2025-05-13T19:32:18","date_gmt":"2025-05-13T17:32:18","guid":{"rendered":"https:\/\/www.josefbergs.com\/de\/?page_id=551"},"modified":"2025-06-07T23:59:49","modified_gmt":"2025-06-07T21:59:49","slug":"ringschienen","status":"publish","type":"page","link":"https:\/\/www.josefbergs.com\/de\/schmuck-zubehoer\/ringschienen\/","title":{"rendered":"Ringschienen"},"content":{"rendered":"\t\t<div data-elementor-type=\"wp-page\" data-elementor-id=\"551\" class=\"elementor elementor-551\">\n\t\t\t\t<div class=\"elementor-element elementor-element-302c337 e-con-full e-flex e-con e-parent\" data-id=\"302c337\" data-element_type=\"container\">\n\t\t\t\t<div class=\"elementor-element elementor-element-88ddaaf elementor-widget elementor-widget-heading\" data-id=\"88ddaaf\" data-element_type=\"widget\" data-widget_type=\"heading.default\">\n\t\t\t\t<div class=\"elementor-widget-container\">\n\t\t\t\t\t<h5 class=\"elementor-heading-title elementor-size-default\">Ringe<\/h5>\t\t\t\t<\/div>\n\t\t\t\t<\/div>\n\t\t\t\t<div class=\"elementor-element elementor-element-d54273c elementor-widget elementor-widget-heading\" data-id=\"d54273c\" data-element_type=\"widget\" data-widget_type=\"heading.default\">\n\t\t\t\t<div class=\"elementor-widget-container\">\n\t\t\t\t\t<h4 class=\"elementor-heading-title elementor-size-default\">RINGSCHIENEN<\/h4>\t\t\t\t<\/div>\n\t\t\t\t<\/div>\n\t\t\t\t<div class=\"elementor-element elementor-element-8ff9201 elementor-widget elementor-widget-image\" data-id=\"8ff9201\" data-element_type=\"widget\" data-widget_type=\"image.default\">\n\t\t\t\t<div class=\"elementor-widget-container\">\n\t\t\t\t\t\t\t\t\t\t\t\t\t\t\t<img fetchpriority=\"high\" decoding=\"async\" width=\"1210\" height=\"410\" src=\"https:\/\/www.josefbergs.com\/de\/wp-content\/uploads\/sites\/2\/2025\/05\/visual-rings.jpg\" class=\"attachment-full size-full wp-image-553\" alt=\"Ringschienen\" srcset=\"https:\/\/www.josefbergs.com\/de\/wp-content\/uploads\/sites\/2\/2025\/05\/visual-rings.jpg 1210w, https:\/\/www.josefbergs.com\/de\/wp-content\/uploads\/sites\/2\/2025\/05\/visual-rings-300x102.jpg 300w, https:\/\/www.josefbergs.com\/de\/wp-content\/uploads\/sites\/2\/2025\/05\/visual-rings-1024x347.jpg 1024w, https:\/\/www.josefbergs.com\/de\/wp-content\/uploads\/sites\/2\/2025\/05\/visual-rings-768x260.jpg 768w\" sizes=\"(max-width: 1210px) 100vw, 1210px\" \/>\t\t\t\t\t\t\t\t\t\t\t\t\t\t\t<\/div>\n\t\t\t\t<\/div>\n\t\t\t\t<\/div>\n\t\t<div class=\"elementor-element elementor-element-e9eb505 e-con-full e-flex e-con e-parent\" data-id=\"e9eb505\" data-element_type=\"container\">\n\t\t<div class=\"elementor-element elementor-element-a1eb958 e-con-full e-flex e-con e-child\" data-id=\"a1eb958\" data-element_type=\"container\">\n\t\t\t\t<div class=\"elementor-element elementor-element-2a8ef9d elementor-widget elementor-widget-shortcode\" data-id=\"2a8ef9d\" data-element_type=\"widget\" data-widget_type=\"shortcode.default\">\n\t\t\t\t<div class=\"elementor-widget-container\">\n\t\t\t\t\t\t\t<div class=\"elementor-shortcode\">\n<aside class=\"download-box download-box-pdf\">\n    <a class=\"_df_custom\" href-data=\"https:\/\/www.josefbergs.com\/de\/download\/888\/?tmstv=1775840951\" df-parsed=\"true\"><img decoding=\"async\" width=\"200\" height=\"285\" src=\"https:\/\/www.josefbergs.com\/de\/wp-content\/uploads\/sites\/2\/2025\/05\/Ringe-fertig_thb.jpg\" class=\"attachment-full size-full wp-post-image\" alt=\"Ringe\" \/><\/a>\n    <div class=\"download-box-content\">\n        <h3>Ringschienen<\/h3><p>Ringschienen und Ringe<\/p>\n        <a class=\"download-button\" title=\"Ringschienen\" href=\"https:\/\/www.josefbergs.com\/de\/download\/888\/?tmstv=1775840951\" rel=\"nofollow\">DOWNLOAD<\/a>\n    <\/div>\n<\/aside>\n\n<\/div>\n\t\t\t\t\t\t<\/div>\n\t\t\t\t<\/div>\n\t\t\t\t<\/div>\n\t\t<div class=\"elementor-element elementor-element-8a782fc e-con-full e-flex e-con e-child\" data-id=\"8a782fc\" data-element_type=\"container\">\n\t\t\t\t<div class=\"elementor-element elementor-element-d3e9196 elementor-widget elementor-widget-heading\" data-id=\"d3e9196\" data-element_type=\"widget\" data-widget_type=\"heading.default\">\n\t\t\t\t<div class=\"elementor-widget-container\">\n\t\t\t\t\t<h5 class=\"elementor-heading-title elementor-size-default\">Schritt f\u00fcr Schritt zum Blickfang f\u00fcr die Finger<\/h5>\t\t\t\t<\/div>\n\t\t\t\t<\/div>\n\t\t\t\t<div class=\"elementor-element elementor-element-b2b12aa elementor-widget elementor-widget-text-editor\" data-id=\"b2b12aa\" data-element_type=\"widget\" data-widget_type=\"text-editor.default\">\n\t\t\t\t<div class=\"elementor-widget-container\">\n\t\t\t\t\t\t\t\t\t<div class=\"vc_row wpb_row vc_row-fluid\"><div class=\"wpb_column vc_column_container vc_col-sm-6\"><div class=\"vc_column-inner\"><div class=\"wpb_wrapper\"><div class=\"wpb_text_column wpb_content_element \"><div class=\"wpb_wrapper\"><div class=\"wpb_column vc_column_container vc_col-sm-9\"><div class=\"vc_column-inner\"><div class=\"wpb_wrapper\"><div class=\"wpb_text_column wpb_content_element \"><div class=\"wpb_wrapper\"><p>Unsere Ringe setzten sich aus dem eigentlichen Ring, der Ringschiene, und dem optionalen Ringkopf zusammen. Ganz nach Ihrem Geschmack ist es hier m\u00f6glich <a href=\"https:\/\/www.josefbergs.com\/de\/steinfassungen\/krallen-fassungen-zum-loeten\/\">Strass-Fassungen<\/a> oder auch <a href=\"https:\/\/www.josefbergs.com\/de\/filigrane-und-praegeteile\/schmuck-praegungen\/\">Schmuck Pr\u00e4gungen<\/a> anzunieten oder aufzul\u00f6ten. Dank unseres vielf\u00e4ltigen und gro\u00dfen Sortiments, k\u00f6nnen wir Ihnen unz\u00e4hlige Auswahlm\u00f6glichkeiten verschiedenster Kombinationen bieten. In nur wenigen Schritten gelangen Sie somit von dem Ringrohling, \u00fcber den <a href=\"https:\/\/www.strass-steine.com\/\" target=\"_blank\" rel=\"noopener\">sorgf\u00e4ltig ausgew\u00e4hlten Schmuckstein<\/a> bzw. die dekorative Pr\u00e4gung, zum fertigen Schmuckring.<\/p><\/div><\/div><\/div><\/div><\/div><\/div><\/div><\/div><\/div><\/div><\/div>\t\t\t\t\t\t\t\t<\/div>\n\t\t\t\t<\/div>\n\t\t\t\t<div class=\"elementor-element elementor-element-8d0163a elementor-widget elementor-widget-heading\" data-id=\"8d0163a\" data-element_type=\"widget\" data-widget_type=\"heading.default\">\n\t\t\t\t<div class=\"elementor-widget-container\">\n\t\t\t\t\t<h5 class=\"elementor-heading-title elementor-size-default\">Ringschienen: Flexibel, vielf\u00e4ltig, individuell<\/h5>\t\t\t\t<\/div>\n\t\t\t\t<\/div>\n\t\t\t\t<div class=\"elementor-element elementor-element-e0f8679 elementor-widget elementor-widget-text-editor\" data-id=\"e0f8679\" data-element_type=\"widget\" data-widget_type=\"text-editor.default\">\n\t\t\t\t<div class=\"elementor-widget-container\">\n\t\t\t\t\t\t\t\t\t<div class=\"vc_row wpb_row vc_row-fluid\"><div class=\"wpb_column vc_column_container vc_col-sm-6\"><div class=\"vc_column-inner\"><div class=\"wpb_wrapper\"><div class=\"wpb_text_column wpb_content_element \"><div class=\"wpb_wrapper\"><div class=\"wpb_column vc_column_container vc_col-sm-9\"><div class=\"vc_column-inner\"><div class=\"wpb_wrapper\"><div class=\"wpb_text_column wpb_content_element \"><div class=\"wpb_wrapper\"><p>Die Ringschienen bieten wir in unterschiedlichen Grundmodellen und verschiedenen Breiten an. Der Ring ist dabei nicht verschwei\u00dft, folglich flexibel sowie anpassungsf\u00e4hig. Je nach Verwendungszweck, kann die Oberfl\u00e4che der Ringschienen glatt gehalten oder wahlweise mit Ornamenten verziert werden. Der optionale Kopf auf den Ringschienen besteht aus einer Krallen- bzw. Krappenfassung mit bzw. ohne \u00d6se oder einer Schmuck Pressung. Die Stein-Kessel fixieren dabei mit vier festanliegenden Krappen den Strassstein. Die ausgew\u00e4hlten Fassungen als auch die Pressungen nieten oder l\u00f6ten wir ganz nach Ihren W\u00fcnschen auf die Ringschiene auf. So haben Sie beginnend bei den Ringschienen bis hin zu den dekorativen Ringk\u00f6pfen eine Reihe an vielf\u00e4ltigen Auswahlm\u00f6glichkeiten f\u00fcr Ihre ganz eigene individuelle Kollektion.<\/p><\/div><\/div><\/div><\/div><\/div><\/div><\/div><\/div><\/div><\/div><\/div>\t\t\t\t\t\t\t\t<\/div>\n\t\t\t\t<\/div>\n\t\t\t\t<div class=\"elementor-element elementor-element-27e0141 elementor-widget elementor-widget-heading\" data-id=\"27e0141\" data-element_type=\"widget\" data-widget_type=\"heading.default\">\n\t\t\t\t<div class=\"elementor-widget-container\">\n\t\t\t\t\t<h5 class=\"elementor-heading-title elementor-size-default\">Ein Ring, viele M\u00f6glichkeiten<\/h5>\t\t\t\t<\/div>\n\t\t\t\t<\/div>\n\t\t\t\t<div class=\"elementor-element elementor-element-39a77e0 elementor-widget elementor-widget-text-editor\" data-id=\"39a77e0\" data-element_type=\"widget\" data-widget_type=\"text-editor.default\">\n\t\t\t\t<div class=\"elementor-widget-container\">\n\t\t\t\t\t\t\t\t\t<div class=\"vc_row wpb_row vc_row-fluid\"><div class=\"wpb_column vc_column_container vc_col-sm-6\"><div class=\"vc_column-inner\"><div class=\"wpb_wrapper\"><div class=\"wpb_text_column wpb_content_element \"><div class=\"wpb_wrapper\"><div class=\"wpb_column vc_column_container vc_col-sm-9\"><div class=\"vc_column-inner\"><div class=\"wpb_wrapper\"><div class=\"wpb_text_column wpb_content_element \"><div class=\"wpb_wrapper\"><p>Ob Ringschienen f\u00fcr die Weiterverarbeitung oder ganze Schmuck-Ringe f\u00fcr den direkten Verkauf, jeder unserer Ring-Bestandteile an sich ist ein einzigartiger Blickfang. Ganz nach Ihren Vorstellungen und W\u00fcnschen, k\u00f6nnen Sie zusammen mit unseren Komponenten das fertige Schmuckst\u00fcck eindrucksvoll in Szene setzen.<\/p><\/div><\/div><\/div><\/div><\/div><\/div><\/div><\/div><\/div><\/div><\/div>\t\t\t\t\t\t\t\t<\/div>\n\t\t\t\t<\/div>\n\t\t\t\t<\/div>\n\t\t\t\t<\/div>\n\t\t<div class=\"elementor-element elementor-element-1775cc0 e-con-full e-flex e-con e-parent\" data-id=\"1775cc0\" data-element_type=\"container\">\n\t\t<div class=\"elementor-element elementor-element-e9df7f1 e-con-full e-flex e-con e-child\" data-id=\"e9df7f1\" data-element_type=\"container\">\n\t\t\t\t<div class=\"elementor-element elementor-element-c142965 elementor-widget elementor-widget-qi_addons_for_elementor_info_cards\" data-id=\"c142965\" data-element_type=\"widget\" data-widget_type=\"qi_addons_for_elementor_info_cards.default\">\n\t\t\t\t<div class=\"elementor-widget-container\">\n\t\t\t\t\t<div class=\"qodef-shortcode qodef-m qodef-qi-info-cards qodef-layout--top qodef--\">\n\t\t<div class=\"qodef-m-content\">\n\t\t\t<h5 class=\"qodef-m-subtitle\">\n\t\tQualit\u00e4t\t<\/h5>\n\t\t\t<h2 class=\"qodef-m-title\">\n\t\t\t\t\t<a itemprop=\"url\" href=\"\/de\/ueber-uns\/\" target=\"_self\">\n\t\t\t\t\tMADE IN GERMANY\t\t\t\t\t<\/a>\n\t\t\t<\/h2>\n\t\t\t<p class=\"qodef-m-text\">Alle Produkte der Firma Josef Bergs werden seit \u00fcber 50 Jahren im deutschen Werk in Kaufbeuren hergestellt. Seit jeher wird gro\u00dfen Wert auf konstant hohe Qualit\u00e4ts- und Produktionsstandards gelegt, um den Kunden das optimale Produkt anbieten zu k\u00f6nnen.<\/p>\n\t<\/div>\n\t\t<div class=\"qodef-m-button qodef-qi-clear\">\n\t\t<a class=\"qodef-shortcode qodef-m qodef-qi-button qodef-html--link qodef-layout--outlined qodef-type--icon-boxed qodef-size--small qodef-icon--right qodef-hover--icon-move-horizontal-short\" href=\"\/de\/ueber-uns\/\" target=\"_self\">\t<span class=\"qodef-m-text\">MEHR<\/span>\t<\/a>\t<\/div>\n\t<\/div>\n\t\t\t\t<\/div>\n\t\t\t\t<\/div>\n\t\t\t\t<\/div>\n\t\t<div class=\"elementor-element elementor-element-dbdd06f e-con-full e-flex e-con e-child\" data-id=\"dbdd06f\" data-element_type=\"container\">\n\t\t\t\t<div class=\"elementor-element elementor-element-7a207c1 elementor-widget elementor-widget-qi_addons_for_elementor_info_cards\" data-id=\"7a207c1\" data-element_type=\"widget\" data-widget_type=\"qi_addons_for_elementor_info_cards.default\">\n\t\t\t\t<div class=\"elementor-widget-container\">\n\t\t\t\t\t<div class=\"qodef-shortcode qodef-m qodef-qi-info-cards qodef-layout--top qodef--\">\n\t\t<div class=\"qodef-m-content\">\n\t\t\t<h5 class=\"qodef-m-subtitle\">\n\t\tIndividuelle Anfertigungent\t<\/h5>\n\t\t\t<h2 class=\"qodef-m-title\">\n\t\t\t\t\t<a itemprop=\"url\" href=\"\/de\/services\/\" target=\"_self\">\n\t\t\t\t\tUNSER SERVICE F\u00dcR SIE\t\t\t\t\t<\/a>\n\t\t\t<\/h2>\n\t\t\t<p class=\"qodef-m-text\">Ihre Kreativit\u00e4t, unser Know-how. Gemeinsam mit unseren Partnern vor Ort realisieren wir, auf Basis jahrzehntelanger Erfahrung, den f\u00fcr Sie passenden Band Verschluss. Nahezu nichts ist dabei unm\u00f6glich.\nGerne beraten wir Sie bei einem pers\u00f6nlichen Gespr\u00e4ch im Haus, per Telefon oder E-Mail.<\/p>\n\t<\/div>\n\t\t<div class=\"qodef-m-button qodef-qi-clear\">\n\t\t<a class=\"qodef-shortcode qodef-m qodef-qi-button qodef-html--link qodef-layout--outlined qodef-type--icon-boxed qodef-size--small qodef-icon--right qodef-hover--icon-move-horizontal-short\" href=\"\/de\/services\/\" target=\"_self\">\t<span class=\"qodef-m-text\">MEHR<\/span>\t<\/a>\t<\/div>\n\t<\/div>\n\t\t\t\t<\/div>\n\t\t\t\t<\/div>\n\t\t\t\t<\/div>\n\t\t<div class=\"elementor-element elementor-element-7825bf3 e-con-full e-flex e-con e-child\" data-id=\"7825bf3\" data-element_type=\"container\">\n\t\t\t\t<div class=\"elementor-element elementor-element-a334d5b elementor-widget elementor-widget-qi_addons_for_elementor_info_cards\" data-id=\"a334d5b\" data-element_type=\"widget\" data-widget_type=\"qi_addons_for_elementor_info_cards.default\">\n\t\t\t\t<div class=\"elementor-widget-container\">\n\t\t\t\t\t<div class=\"qodef-shortcode qodef-m qodef-qi-info-cards qodef-layout--top qodef--\">\n\t\t<div class=\"qodef-m-content\">\n\t\t\t<h5 class=\"qodef-m-subtitle\">\n\t\tZertifizierungen\t<\/h5>\n\t\t\t<h2 class=\"qodef-m-title\">\n\t\t\t\t\t<a itemprop=\"url\" href=\"\/de\/ueber-uns\/\" target=\"_self\">\n\t\t\t\t\tDIN EN 10204\t\t\t\t\t<\/a>\n\t\t\t<\/h2>\n\t\t\t<p class=\"qodef-m-text\">Zertifiziert nach DIN EN 10204 besteht das Rohmaterial mit ca. 85% gr\u00f6\u00dftenteils aus Kupfer. Um eine dauerhaft hohe Qualit\u00e4t zu gew\u00e4hrleisten, ist das Material zudem nach Oeko-Tex Standard 100 sowie nach der Clear Policy Declaration (CPD) der Firma Swarovski zertifiziert.<\/p>\n\t<\/div>\n\t\t<div class=\"qodef-m-button qodef-qi-clear\">\n\t\t<a class=\"qodef-shortcode qodef-m qodef-qi-button qodef-html--link qodef-layout--outlined qodef-type--icon-boxed qodef-size--small qodef-icon--right qodef-hover--icon-move-horizontal-short\" href=\"\/de\/ueber-uns\/\" target=\"_self\">\t<span class=\"qodef-m-text\">MEHR<\/span>\t<\/a>\t<\/div>\n\t<\/div>\n\t\t\t\t<\/div>\n\t\t\t\t<\/div>\n\t\t\t\t<\/div>\n\t\t\t\t<\/div>\n\t\t\t\t<\/div>\n\t\t","protected":false},"excerpt":{"rendered":"<p>Ringe RINGSCHIENEN Schritt f\u00fcr Schritt zum Blickfang f\u00fcr die Finger Unsere Ringe setzten sich aus dem eigentlichen Ring, der Ringschiene, und dem optionalen Ringkopf zusammen. Ganz nach Ihrem Geschmack ist es hier m\u00f6glich Strass-Fassungen oder auch Schmuck Pr\u00e4gungen anzunieten oder aufzul\u00f6ten. Dank unseres vielf\u00e4ltigen und gro\u00dfen Sortiments, k\u00f6nnen wir Ihnen unz\u00e4hlige Auswahlm\u00f6glichkeiten verschiedenster Kombinationen bieten. [&hellip;]<\/p>\n","protected":false},"author":1,"featured_media":0,"parent":512,"menu_order":0,"comment_status":"closed","ping_status":"closed","template":"","meta":{"footnotes":""},"categories":[80],"tags":[],"class_list":["post-551","page","type-page","status-publish","hentry","category-schmuck-zubehoer"],"yoast_head":"<!-- This site is optimized with the Yoast SEO plugin v24.4 - https:\/\/yoast.com\/wordpress\/plugins\/seo\/ -->\n<title>Ringschienen - Josef Bergs DE<\/title>\n<meta name=\"robots\" content=\"noindex, follow, max-snippet:-1, max-image-preview:large, max-video-preview:-1\" \/>\n<meta property=\"og:locale\" content=\"de_DE\" \/>\n<meta property=\"og:type\" content=\"article\" \/>\n<meta property=\"og:title\" content=\"Ringschienen - Josef Bergs DE\" \/>\n<meta property=\"og:description\" content=\"Ringe RINGSCHIENEN Schritt f\u00fcr Schritt zum Blickfang f\u00fcr die Finger Unsere Ringe setzten sich aus dem eigentlichen Ring, der Ringschiene, und dem optionalen Ringkopf zusammen. Ganz nach Ihrem Geschmack ist es hier m\u00f6glich Strass-Fassungen oder auch Schmuck Pr\u00e4gungen anzunieten oder aufzul\u00f6ten. Dank unseres vielf\u00e4ltigen und gro\u00dfen Sortiments, k\u00f6nnen wir Ihnen unz\u00e4hlige Auswahlm\u00f6glichkeiten verschiedenster Kombinationen bieten. [&hellip;]\" \/>\n<meta property=\"og:url\" content=\"https:\/\/www.josefbergs.com\/de\/schmuck-zubehoer\/ringschienen\/\" \/>\n<meta property=\"og:site_name\" content=\"Josef Bergs DE\" \/>\n<meta property=\"article:modified_time\" content=\"2025-06-07T21:59:49+00:00\" \/>\n<meta property=\"og:image\" content=\"https:\/\/www.josefbergs.com\/de\/wp-content\/uploads\/sites\/2\/2025\/05\/visual-rings.jpg\" \/>\n<meta name=\"twitter:card\" content=\"summary_large_image\" \/>\n<meta name=\"twitter:label1\" content=\"Gesch\u00e4tzte Lesezeit\" \/>\n\t<meta name=\"twitter:data1\" content=\"3\u00a0Minuten\" \/>\n<script type=\"application\/ld+json\" class=\"yoast-schema-graph\">{\"@context\":\"https:\/\/schema.org\",\"@graph\":[{\"@type\":\"WebPage\",\"@id\":\"https:\/\/www.josefbergs.com\/de\/schmuck-zubehoer\/ringschienen\/\",\"url\":\"https:\/\/www.josefbergs.com\/de\/schmuck-zubehoer\/ringschienen\/\",\"name\":\"Ringschienen - Josef Bergs DE\",\"isPartOf\":{\"@id\":\"https:\/\/www.josefbergs.com\/de\/#website\"},\"primaryImageOfPage\":{\"@id\":\"https:\/\/www.josefbergs.com\/de\/schmuck-zubehoer\/ringschienen\/#primaryimage\"},\"image\":{\"@id\":\"https:\/\/www.josefbergs.com\/de\/schmuck-zubehoer\/ringschienen\/#primaryimage\"},\"thumbnailUrl\":\"https:\/\/www.josefbergs.com\/de\/wp-content\/uploads\/sites\/2\/2025\/05\/visual-rings.jpg\",\"datePublished\":\"2025-05-13T17:32:18+00:00\",\"dateModified\":\"2025-06-07T21:59:49+00:00\",\"breadcrumb\":{\"@id\":\"https:\/\/www.josefbergs.com\/de\/schmuck-zubehoer\/ringschienen\/#breadcrumb\"},\"inLanguage\":\"de\",\"potentialAction\":[{\"@type\":\"ReadAction\",\"target\":[\"https:\/\/www.josefbergs.com\/de\/schmuck-zubehoer\/ringschienen\/\"]}]},{\"@type\":\"ImageObject\",\"inLanguage\":\"de\",\"@id\":\"https:\/\/www.josefbergs.com\/de\/schmuck-zubehoer\/ringschienen\/#primaryimage\",\"url\":\"https:\/\/www.josefbergs.com\/de\/wp-content\/uploads\/sites\/2\/2025\/05\/visual-rings.jpg\",\"contentUrl\":\"https:\/\/www.josefbergs.com\/de\/wp-content\/uploads\/sites\/2\/2025\/05\/visual-rings.jpg\",\"width\":1210,\"height\":410,\"caption\":\"Ringschienen\"},{\"@type\":\"BreadcrumbList\",\"@id\":\"https:\/\/www.josefbergs.com\/de\/schmuck-zubehoer\/ringschienen\/#breadcrumb\",\"itemListElement\":[{\"@type\":\"ListItem\",\"position\":1,\"name\":\"Home\",\"item\":\"https:\/\/www.josefbergs.com\/de\/\"},{\"@type\":\"ListItem\",\"position\":2,\"name\":\"Schmuck-Zubeh\u00f6r\",\"item\":\"https:\/\/www.josefbergs.com\/de\/schmuck-zubehoer\/\"},{\"@type\":\"ListItem\",\"position\":3,\"name\":\"Ringschienen\"}]},{\"@type\":\"WebSite\",\"@id\":\"https:\/\/www.josefbergs.com\/de\/#website\",\"url\":\"https:\/\/www.josefbergs.com\/de\/\",\"name\":\"Josef Bergs DE\",\"description\":\"The Original Metal Findings\",\"publisher\":{\"@id\":\"https:\/\/www.josefbergs.com\/de\/#organization\"},\"potentialAction\":[{\"@type\":\"SearchAction\",\"target\":{\"@type\":\"EntryPoint\",\"urlTemplate\":\"https:\/\/www.josefbergs.com\/de\/?s={search_term_string}\"},\"query-input\":{\"@type\":\"PropertyValueSpecification\",\"valueRequired\":true,\"valueName\":\"search_term_string\"}}],\"inLanguage\":\"de\"},{\"@type\":\"Organization\",\"@id\":\"https:\/\/www.josefbergs.com\/de\/#organization\",\"name\":\"Josef Bergs DE\",\"url\":\"https:\/\/www.josefbergs.com\/de\/\",\"logo\":{\"@type\":\"ImageObject\",\"inLanguage\":\"de\",\"@id\":\"https:\/\/www.josefbergs.com\/de\/#\/schema\/logo\/image\/\",\"url\":\"https:\/\/www.josefbergs.com\/de\/wp-content\/uploads\/sites\/2\/2025\/04\/josef-bergs-logo.png\",\"contentUrl\":\"https:\/\/www.josefbergs.com\/de\/wp-content\/uploads\/sites\/2\/2025\/04\/josef-bergs-logo.png\",\"width\":218,\"height\":82,\"caption\":\"Josef Bergs DE\"},\"image\":{\"@id\":\"https:\/\/www.josefbergs.com\/de\/#\/schema\/logo\/image\/\"}}]}<\/script>\n<!-- \/ Yoast SEO plugin. -->","yoast_head_json":{"title":"Ringschienen - Josef Bergs DE","robots":{"index":"noindex","follow":"follow","max-snippet":"max-snippet:-1","max-image-preview":"max-image-preview:large","max-video-preview":"max-video-preview:-1"},"og_locale":"de_DE","og_type":"article","og_title":"Ringschienen - Josef Bergs DE","og_description":"Ringe RINGSCHIENEN Schritt f\u00fcr Schritt zum Blickfang f\u00fcr die Finger Unsere Ringe setzten sich aus dem eigentlichen Ring, der Ringschiene, und dem optionalen Ringkopf zusammen. Ganz nach Ihrem Geschmack ist es hier m\u00f6glich Strass-Fassungen oder auch Schmuck Pr\u00e4gungen anzunieten oder aufzul\u00f6ten. Dank unseres vielf\u00e4ltigen und gro\u00dfen Sortiments, k\u00f6nnen wir Ihnen unz\u00e4hlige Auswahlm\u00f6glichkeiten verschiedenster Kombinationen bieten. [&hellip;]","og_url":"https:\/\/www.josefbergs.com\/de\/schmuck-zubehoer\/ringschienen\/","og_site_name":"Josef Bergs DE","article_modified_time":"2025-06-07T21:59:49+00:00","og_image":[{"url":"https:\/\/www.josefbergs.com\/de\/wp-content\/uploads\/sites\/2\/2025\/05\/visual-rings.jpg","type":"","width":"","height":""}],"twitter_card":"summary_large_image","twitter_misc":{"Gesch\u00e4tzte Lesezeit":"3\u00a0Minuten"},"schema":{"@context":"https:\/\/schema.org","@graph":[{"@type":"WebPage","@id":"https:\/\/www.josefbergs.com\/de\/schmuck-zubehoer\/ringschienen\/","url":"https:\/\/www.josefbergs.com\/de\/schmuck-zubehoer\/ringschienen\/","name":"Ringschienen - Josef Bergs DE","isPartOf":{"@id":"https:\/\/www.josefbergs.com\/de\/#website"},"primaryImageOfPage":{"@id":"https:\/\/www.josefbergs.com\/de\/schmuck-zubehoer\/ringschienen\/#primaryimage"},"image":{"@id":"https:\/\/www.josefbergs.com\/de\/schmuck-zubehoer\/ringschienen\/#primaryimage"},"thumbnailUrl":"https:\/\/www.josefbergs.com\/de\/wp-content\/uploads\/sites\/2\/2025\/05\/visual-rings.jpg","datePublished":"2025-05-13T17:32:18+00:00","dateModified":"2025-06-07T21:59:49+00:00","breadcrumb":{"@id":"https:\/\/www.josefbergs.com\/de\/schmuck-zubehoer\/ringschienen\/#breadcrumb"},"inLanguage":"de","potentialAction":[{"@type":"ReadAction","target":["https:\/\/www.josefbergs.com\/de\/schmuck-zubehoer\/ringschienen\/"]}]},{"@type":"ImageObject","inLanguage":"de","@id":"https:\/\/www.josefbergs.com\/de\/schmuck-zubehoer\/ringschienen\/#primaryimage","url":"https:\/\/www.josefbergs.com\/de\/wp-content\/uploads\/sites\/2\/2025\/05\/visual-rings.jpg","contentUrl":"https:\/\/www.josefbergs.com\/de\/wp-content\/uploads\/sites\/2\/2025\/05\/visual-rings.jpg","width":1210,"height":410,"caption":"Ringschienen"},{"@type":"BreadcrumbList","@id":"https:\/\/www.josefbergs.com\/de\/schmuck-zubehoer\/ringschienen\/#breadcrumb","itemListElement":[{"@type":"ListItem","position":1,"name":"Home","item":"https:\/\/www.josefbergs.com\/de\/"},{"@type":"ListItem","position":2,"name":"Schmuck-Zubeh\u00f6r","item":"https:\/\/www.josefbergs.com\/de\/schmuck-zubehoer\/"},{"@type":"ListItem","position":3,"name":"Ringschienen"}]},{"@type":"WebSite","@id":"https:\/\/www.josefbergs.com\/de\/#website","url":"https:\/\/www.josefbergs.com\/de\/","name":"Josef Bergs DE","description":"The Original Metal Findings","publisher":{"@id":"https:\/\/www.josefbergs.com\/de\/#organization"},"potentialAction":[{"@type":"SearchAction","target":{"@type":"EntryPoint","urlTemplate":"https:\/\/www.josefbergs.com\/de\/?s={search_term_string}"},"query-input":{"@type":"PropertyValueSpecification","valueRequired":true,"valueName":"search_term_string"}}],"inLanguage":"de"},{"@type":"Organization","@id":"https:\/\/www.josefbergs.com\/de\/#organization","name":"Josef Bergs DE","url":"https:\/\/www.josefbergs.com\/de\/","logo":{"@type":"ImageObject","inLanguage":"de","@id":"https:\/\/www.josefbergs.com\/de\/#\/schema\/logo\/image\/","url":"https:\/\/www.josefbergs.com\/de\/wp-content\/uploads\/sites\/2\/2025\/04\/josef-bergs-logo.png","contentUrl":"https:\/\/www.josefbergs.com\/de\/wp-content\/uploads\/sites\/2\/2025\/04\/josef-bergs-logo.png","width":218,"height":82,"caption":"Josef Bergs DE"},"image":{"@id":"https:\/\/www.josefbergs.com\/de\/#\/schema\/logo\/image\/"}}]}},"_links":{"self":[{"href":"https:\/\/www.josefbergs.com\/de\/wp-json\/wp\/v2\/pages\/551","targetHints":{"allow":["GET"]}}],"collection":[{"href":"https:\/\/www.josefbergs.com\/de\/wp-json\/wp\/v2\/pages"}],"about":[{"href":"https:\/\/www.josefbergs.com\/de\/wp-json\/wp\/v2\/types\/page"}],"author":[{"embeddable":true,"href":"https:\/\/www.josefbergs.com\/de\/wp-json\/wp\/v2\/users\/1"}],"replies":[{"embeddable":true,"href":"https:\/\/www.josefbergs.com\/de\/wp-json\/wp\/v2\/comments?post=551"}],"version-history":[{"count":10,"href":"https:\/\/www.josefbergs.com\/de\/wp-json\/wp\/v2\/pages\/551\/revisions"}],"predecessor-version":[{"id":1506,"href":"https:\/\/www.josefbergs.com\/de\/wp-json\/wp\/v2\/pages\/551\/revisions\/1506"}],"up":[{"embeddable":true,"href":"https:\/\/www.josefbergs.com\/de\/wp-json\/wp\/v2\/pages\/512"}],"wp:attachment":[{"href":"https:\/\/www.josefbergs.com\/de\/wp-json\/wp\/v2\/media?parent=551"}],"wp:term":[{"taxonomy":"category","embeddable":true,"href":"https:\/\/www.josefbergs.com\/de\/wp-json\/wp\/v2\/categories?post=551"},{"taxonomy":"post_tag","embeddable":true,"href":"https:\/\/www.josefbergs.com\/de\/wp-json\/wp\/v2\/tags?post=551"}],"curies":[{"name":"wp","href":"https:\/\/api.w.org\/{rel}","templated":true}]}}