{"id":557,"date":"2025-05-13T19:35:19","date_gmt":"2025-05-13T17:35:19","guid":{"rendered":"https:\/\/www.josefbergs.com\/de\/?page_id=557"},"modified":"2025-06-07T23:59:26","modified_gmt":"2025-06-07T21:59:26","slug":"armreifen","status":"publish","type":"page","link":"https:\/\/www.josefbergs.com\/de\/schmuck-zubehoer\/armreifen\/","title":{"rendered":"Armreifen"},"content":{"rendered":"\t\t<div data-elementor-type=\"wp-page\" data-elementor-id=\"557\" class=\"elementor elementor-557\">\n\t\t\t\t<div class=\"elementor-element elementor-element-302c337 e-con-full e-flex e-con e-parent\" data-id=\"302c337\" data-element_type=\"container\">\n\t\t\t\t<div class=\"elementor-element elementor-element-88ddaaf elementor-widget elementor-widget-heading\" data-id=\"88ddaaf\" data-element_type=\"widget\" data-widget_type=\"heading.default\">\n\t\t\t\t<div class=\"elementor-widget-container\">\n\t\t\t\t\t<h5 class=\"elementor-heading-title elementor-size-default\">Armschmuck<\/h5>\t\t\t\t<\/div>\n\t\t\t\t<\/div>\n\t\t\t\t<div class=\"elementor-element elementor-element-d54273c elementor-widget elementor-widget-heading\" data-id=\"d54273c\" data-element_type=\"widget\" data-widget_type=\"heading.default\">\n\t\t\t\t<div class=\"elementor-widget-container\">\n\t\t\t\t\t<h4 class=\"elementor-heading-title elementor-size-default\">ARMREIFEN UND ARMSPANGEN<\/h4>\t\t\t\t<\/div>\n\t\t\t\t<\/div>\n\t\t\t\t<div class=\"elementor-element elementor-element-8ff9201 elementor-widget elementor-widget-image\" data-id=\"8ff9201\" data-element_type=\"widget\" data-widget_type=\"image.default\">\n\t\t\t\t<div class=\"elementor-widget-container\">\n\t\t\t\t\t\t\t\t\t\t\t\t\t\t\t<img fetchpriority=\"high\" decoding=\"async\" width=\"1210\" height=\"410\" src=\"https:\/\/www.josefbergs.com\/de\/wp-content\/uploads\/sites\/2\/2025\/05\/visual-bracelets.jpg\" class=\"attachment-full size-full wp-image-559\" alt=\"Armreifen, Armspangen\" srcset=\"https:\/\/www.josefbergs.com\/de\/wp-content\/uploads\/sites\/2\/2025\/05\/visual-bracelets.jpg 1210w, https:\/\/www.josefbergs.com\/de\/wp-content\/uploads\/sites\/2\/2025\/05\/visual-bracelets-300x102.jpg 300w, https:\/\/www.josefbergs.com\/de\/wp-content\/uploads\/sites\/2\/2025\/05\/visual-bracelets-1024x347.jpg 1024w, https:\/\/www.josefbergs.com\/de\/wp-content\/uploads\/sites\/2\/2025\/05\/visual-bracelets-768x260.jpg 768w\" sizes=\"(max-width: 1210px) 100vw, 1210px\" \/>\t\t\t\t\t\t\t\t\t\t\t\t\t\t\t<\/div>\n\t\t\t\t<\/div>\n\t\t\t\t<\/div>\n\t\t<div class=\"elementor-element elementor-element-e9eb505 e-con-full e-flex e-con e-parent\" data-id=\"e9eb505\" data-element_type=\"container\">\n\t\t<div class=\"elementor-element elementor-element-a1eb958 e-con-full e-flex e-con e-child\" data-id=\"a1eb958\" data-element_type=\"container\">\n\t\t\t\t<div class=\"elementor-element elementor-element-30989f3 elementor-widget elementor-widget-shortcode\" data-id=\"30989f3\" data-element_type=\"widget\" data-widget_type=\"shortcode.default\">\n\t\t\t\t<div class=\"elementor-widget-container\">\n\t\t\t\t\t\t\t<div class=\"elementor-shortcode\">\n<aside class=\"download-box download-box-pdf\">\n    <a class=\"_df_custom\" href-data=\"https:\/\/www.josefbergs.com\/de\/download\/886\/?tmstv=1777457557\" df-parsed=\"true\"><img decoding=\"async\" width=\"200\" height=\"285\" src=\"https:\/\/www.josefbergs.com\/de\/wp-content\/uploads\/sites\/2\/2025\/05\/Armreifen-Armspangen-inkl-Zwischenteile_thb.jpg\" class=\"attachment-full size-full wp-post-image\" alt=\"Armreifen\" \/><\/a>\n    <div class=\"download-box-content\">\n        <h3>Armschmuck<\/h3><p>Armreifen und Armspangen<\/p>\n        <a class=\"download-button\" title=\"Armschmuck\" href=\"https:\/\/www.josefbergs.com\/de\/download\/886\/?tmstv=1777457557\" rel=\"nofollow\">DOWNLOAD<\/a>\n    <\/div>\n<\/aside>\n\n<\/div>\n\t\t\t\t\t\t<\/div>\n\t\t\t\t<\/div>\n\t\t\t\t<\/div>\n\t\t<div class=\"elementor-element elementor-element-8a782fc e-con-full e-flex e-con e-child\" data-id=\"8a782fc\" data-element_type=\"container\">\n\t\t\t\t<div class=\"elementor-element elementor-element-d3e9196 elementor-widget elementor-widget-heading\" data-id=\"d3e9196\" data-element_type=\"widget\" data-widget_type=\"heading.default\">\n\t\t\t\t<div class=\"elementor-widget-container\">\n\t\t\t\t\t<h5 class=\"elementor-heading-title elementor-size-default\">Das Schmuck-Accessoire f\u00fcr Mann und Frau<\/h5>\t\t\t\t<\/div>\n\t\t\t\t<\/div>\n\t\t\t\t<div class=\"elementor-element elementor-element-b2b12aa elementor-widget elementor-widget-text-editor\" data-id=\"b2b12aa\" data-element_type=\"widget\" data-widget_type=\"text-editor.default\">\n\t\t\t\t<div class=\"elementor-widget-container\">\n\t\t\t\t\t\t\t\t\t<div class=\"vc_row wpb_row vc_row-fluid\"><div class=\"wpb_column vc_column_container vc_col-sm-6\"><div class=\"vc_column-inner\"><div class=\"wpb_wrapper\"><div class=\"wpb_text_column wpb_content_element \"><div class=\"wpb_wrapper\"><div class=\"wpb_column vc_column_container vc_col-sm-9\"><div class=\"vc_column-inner\"><div class=\"wpb_wrapper\"><div class=\"wpb_text_column wpb_content_element \"><div class=\"wpb_wrapper\"><div class=\"wpb_text_column wpb_content_element \"><div class=\"wpb_wrapper\"><p>Ob schmal oder breit, ob gold- silber- oder kupferfarben \u2013 Armreifen sind schon immer ein wichtiges Schmuckaccessoire f\u00fcr trendbewusste Damen und Herren. Mit ihnen werden nicht nur Ober- oder Unterarm verziert, es wird der eigene Stil unterstrichen. So sind auch unsere Armreifen und Armspangen die modischen Schmuckst\u00fccke, die f\u00fcr jeden Tr\u00e4ger gleicherma\u00dfen geeignet sind.<\/p><\/div><\/div><\/div><\/div><\/div><\/div><\/div><\/div><\/div><\/div><\/div><\/div><\/div>\t\t\t\t\t\t\t\t<\/div>\n\t\t\t\t<\/div>\n\t\t\t\t<div class=\"elementor-element elementor-element-8d0163a elementor-widget elementor-widget-heading\" data-id=\"8d0163a\" data-element_type=\"widget\" data-widget_type=\"heading.default\">\n\t\t\t\t<div class=\"elementor-widget-container\">\n\t\t\t\t\t<h5 class=\"elementor-heading-title elementor-size-default\">Armreifen: Schlicht, vielseitig und elegant<\/h5>\t\t\t\t<\/div>\n\t\t\t\t<\/div>\n\t\t\t\t<div class=\"elementor-element elementor-element-e0f8679 elementor-widget elementor-widget-text-editor\" data-id=\"e0f8679\" data-element_type=\"widget\" data-widget_type=\"text-editor.default\">\n\t\t\t\t<div class=\"elementor-widget-container\">\n\t\t\t\t\t\t\t\t\t<div class=\"vc_row wpb_row vc_row-fluid\"><div class=\"wpb_column vc_column_container vc_col-sm-6\"><div class=\"vc_column-inner\"><div class=\"wpb_wrapper\"><div class=\"wpb_text_column wpb_content_element \"><div class=\"wpb_wrapper\"><div class=\"wpb_column vc_column_container vc_col-sm-9\"><div class=\"vc_column-inner\"><div class=\"wpb_wrapper\"><div class=\"wpb_text_column wpb_content_element \"><div class=\"wpb_wrapper\"><div class=\"wpb_text_column wpb_content_element \"><div class=\"wpb_wrapper\"><p>Unsere Armreifen setzen sich aus einer Armspange und einem Verbindungsglied zwischen den beiden Spangenenden zusammen. Das Zwischenst\u00fcck kann dabei wahlweise aus jeweils ein oder mehreren <a href=\"https:\/\/www.josefbergs.com\/de\/steinfassungen\/krallen-fassungen-zum-loeten\/\">Schmuckkessel<\/a> oder <a href=\"https:\/\/www.josefbergs.com\/de\/filigrane-und-praegeteile\/schmuck-praegungen\/\">Motivpressungen<\/a> bestehen. Die Reifenenden sind als Haken gebogen, somit k\u00f6nnen die individuellen Zwischenteile einfach mit der Armspange verbunden werden. F\u00fcr ein ideales Design, stehen Ihnen drei verschiedene Gr\u00f6\u00dfen: S, M, L und zwei unterschiedliche Breiten der Armreifen zur Auswahl.<\/p><\/div><\/div><div class=\"wpb_text_column wpb_content_element \"><div class=\"wpb_wrapper\"><p>Wir bieten eine Vielzahl geeigneter Kessel und Pressungen f\u00fcr unsere Armspangen an. So stehen Ihnen f\u00fcr Ihre pers\u00f6nliche Armreif-Kollektion bereits fertige Motiv- bzw. Formpressungen aus verschiedenen Themenbereichen zur Verf\u00fcgung. Alternativ k\u00f6nnen wir ab einer Abnahmemenge von 1000 St\u00fcck ein individuelles Motiv, rein nach Ihren Vorstellungen, erstellen. Es ist ebenfalls die Verwendung von Swarovski <a href=\"https:\/\/www.josefbergs.com\/de\/klebefassungen\/\">Klebefassungen<\/a> sowie Krappenfassungen m\u00f6glich. Ganz nach Ihren Vorstellungen nieten oder l\u00f6ten wir diese auf die Armreifen auf. Dar\u00fcber hinaus ist es m\u00f6glich Charms in die Armreifen einzuh\u00e4ngen.<\/p><\/div><\/div><\/div><\/div><\/div><\/div><\/div><\/div><\/div><\/div><\/div><\/div><\/div>\t\t\t\t\t\t\t\t<\/div>\n\t\t\t\t<\/div>\n\t\t\t\t<div class=\"elementor-element elementor-element-27e0141 elementor-widget elementor-widget-heading\" data-id=\"27e0141\" data-element_type=\"widget\" data-widget_type=\"heading.default\">\n\t\t\t\t<div class=\"elementor-widget-container\">\n\t\t\t\t\t<h5 class=\"elementor-heading-title elementor-size-default\">Individueller Armschmuck mit Motiven, Strass-Steinen oder Perlen<\/h5>\t\t\t\t<\/div>\n\t\t\t\t<\/div>\n\t\t\t\t<div class=\"elementor-element elementor-element-39a77e0 elementor-widget elementor-widget-text-editor\" data-id=\"39a77e0\" data-element_type=\"widget\" data-widget_type=\"text-editor.default\">\n\t\t\t\t<div class=\"elementor-widget-container\">\n\t\t\t\t\t\t\t\t\t<div class=\"vc_row wpb_row vc_row-fluid\"><div class=\"wpb_column vc_column_container vc_col-sm-6\"><div class=\"vc_column-inner\"><div class=\"wpb_wrapper\"><div class=\"wpb_text_column wpb_content_element \"><div class=\"wpb_wrapper\"><div class=\"wpb_column vc_column_container vc_col-sm-9\"><div class=\"vc_column-inner\"><div class=\"wpb_wrapper\"><div class=\"wpb_text_column wpb_content_element \"><div class=\"wpb_wrapper\"><p>Stellen Sie zusammen mit uns Ihre eigenen individuellen Schmuckst\u00fccke her. Egal ob mit einem Motiv, <a href=\"https:\/\/www.strass-steine.com\/\" target=\"_blank\" rel=\"noopener\">mit Strass oder mit Perlen<\/a> \u2013 mit unseren Armreifen k\u00f6nnen Sie jedes Schmuckdesign umsetzten. Bereits alleine oder auch in Kombination ist es der perfekte Armschmuck f\u00fcr Damen und Herren gleicherma\u00dfen.<\/p><\/div><\/div><\/div><\/div><\/div><\/div><\/div><\/div><\/div><\/div><\/div>\t\t\t\t\t\t\t\t<\/div>\n\t\t\t\t<\/div>\n\t\t\t\t<\/div>\n\t\t\t\t<\/div>\n\t\t<div class=\"elementor-element elementor-element-1775cc0 e-con-full e-flex e-con e-parent\" data-id=\"1775cc0\" data-element_type=\"container\">\n\t\t<div class=\"elementor-element elementor-element-e9df7f1 e-con-full e-flex e-con e-child\" data-id=\"e9df7f1\" data-element_type=\"container\">\n\t\t\t\t<div class=\"elementor-element elementor-element-c142965 elementor-widget elementor-widget-qi_addons_for_elementor_info_cards\" data-id=\"c142965\" data-element_type=\"widget\" data-widget_type=\"qi_addons_for_elementor_info_cards.default\">\n\t\t\t\t<div class=\"elementor-widget-container\">\n\t\t\t\t\t<div class=\"qodef-shortcode qodef-m qodef-qi-info-cards qodef-layout--top qodef--\">\n\t\t<div class=\"qodef-m-content\">\n\t\t\t<h5 class=\"qodef-m-subtitle\">\n\t\tQualit\u00e4t\t<\/h5>\n\t\t\t<h2 class=\"qodef-m-title\">\n\t\t\t\t\t<a itemprop=\"url\" href=\"\/de\/ueber-uns\/\" target=\"_self\">\n\t\t\t\t\tMADE IN GERMANY\t\t\t\t\t<\/a>\n\t\t\t<\/h2>\n\t\t\t<p class=\"qodef-m-text\">Alle Produkte der Firma Josef Bergs werden seit \u00fcber 50 Jahren im deutschen Werk in Kaufbeuren hergestellt. Seit jeher wird gro\u00dfen Wert auf konstant hohe Qualit\u00e4ts- und Produktionsstandards gelegt, um den Kunden das optimale Produkt anbieten zu k\u00f6nnen.<\/p>\n\t<\/div>\n\t\t<div class=\"qodef-m-button qodef-qi-clear\">\n\t\t<a class=\"qodef-shortcode qodef-m qodef-qi-button qodef-html--link qodef-layout--outlined qodef-type--icon-boxed qodef-size--small qodef-icon--right qodef-hover--icon-move-horizontal-short\" href=\"\/de\/ueber-uns\/\" target=\"_self\">\t<span class=\"qodef-m-text\">MEHR<\/span>\t<\/a>\t<\/div>\n\t<\/div>\n\t\t\t\t<\/div>\n\t\t\t\t<\/div>\n\t\t\t\t<\/div>\n\t\t<div class=\"elementor-element elementor-element-dbdd06f e-con-full e-flex e-con e-child\" data-id=\"dbdd06f\" data-element_type=\"container\">\n\t\t\t\t<div class=\"elementor-element elementor-element-7a207c1 elementor-widget elementor-widget-qi_addons_for_elementor_info_cards\" data-id=\"7a207c1\" data-element_type=\"widget\" data-widget_type=\"qi_addons_for_elementor_info_cards.default\">\n\t\t\t\t<div class=\"elementor-widget-container\">\n\t\t\t\t\t<div class=\"qodef-shortcode qodef-m qodef-qi-info-cards qodef-layout--top qodef--\">\n\t\t<div class=\"qodef-m-content\">\n\t\t\t<h5 class=\"qodef-m-subtitle\">\n\t\tIndividuelle Anfertigungent\t<\/h5>\n\t\t\t<h2 class=\"qodef-m-title\">\n\t\t\t\t\t<a itemprop=\"url\" href=\"\/de\/services\/\" target=\"_self\">\n\t\t\t\t\tUNSER SERVICE F\u00dcR SIE\t\t\t\t\t<\/a>\n\t\t\t<\/h2>\n\t\t\t<p class=\"qodef-m-text\">Ihre Kreativit\u00e4t, unser Know-how. Gemeinsam mit unseren Partnern vor Ort realisieren wir, auf Basis jahrzehntelanger Erfahrung, den f\u00fcr Sie passenden Band Verschluss. Nahezu nichts ist dabei unm\u00f6glich.\nGerne beraten wir Sie bei einem pers\u00f6nlichen Gespr\u00e4ch im Haus, per Telefon oder E-Mail.<\/p>\n\t<\/div>\n\t\t<div class=\"qodef-m-button qodef-qi-clear\">\n\t\t<a class=\"qodef-shortcode qodef-m qodef-qi-button qodef-html--link qodef-layout--outlined qodef-type--icon-boxed qodef-size--small qodef-icon--right qodef-hover--icon-move-horizontal-short\" href=\"\/de\/services\/\" target=\"_self\">\t<span class=\"qodef-m-text\">MEHR<\/span>\t<\/a>\t<\/div>\n\t<\/div>\n\t\t\t\t<\/div>\n\t\t\t\t<\/div>\n\t\t\t\t<\/div>\n\t\t<div class=\"elementor-element elementor-element-7825bf3 e-con-full e-flex e-con e-child\" data-id=\"7825bf3\" data-element_type=\"container\">\n\t\t\t\t<div class=\"elementor-element elementor-element-a334d5b elementor-widget elementor-widget-qi_addons_for_elementor_info_cards\" data-id=\"a334d5b\" data-element_type=\"widget\" data-widget_type=\"qi_addons_for_elementor_info_cards.default\">\n\t\t\t\t<div class=\"elementor-widget-container\">\n\t\t\t\t\t<div class=\"qodef-shortcode qodef-m qodef-qi-info-cards qodef-layout--top qodef--\">\n\t\t<div class=\"qodef-m-content\">\n\t\t\t<h5 class=\"qodef-m-subtitle\">\n\t\tZertifizierungen\t<\/h5>\n\t\t\t<h2 class=\"qodef-m-title\">\n\t\t\t\t\t<a itemprop=\"url\" href=\"\/de\/ueber-uns\/\" target=\"_self\">\n\t\t\t\t\tDIN EN 10204\t\t\t\t\t<\/a>\n\t\t\t<\/h2>\n\t\t\t<p class=\"qodef-m-text\">Zertifiziert nach DIN EN 10204 besteht das Rohmaterial mit ca. 85% gr\u00f6\u00dftenteils aus Kupfer. Um eine dauerhaft hohe Qualit\u00e4t zu gew\u00e4hrleisten, ist das Material zudem nach Oeko-Tex Standard 100 sowie nach der Clear Policy Declaration (CPD) der Firma Swarovski zertifiziert.<\/p>\n\t<\/div>\n\t\t<div class=\"qodef-m-button qodef-qi-clear\">\n\t\t<a class=\"qodef-shortcode qodef-m qodef-qi-button qodef-html--link qodef-layout--outlined qodef-type--icon-boxed qodef-size--small qodef-icon--right qodef-hover--icon-move-horizontal-short\" href=\"\/de\/ueber-uns\/\" target=\"_self\">\t<span class=\"qodef-m-text\">MEHR<\/span>\t<\/a>\t<\/div>\n\t<\/div>\n\t\t\t\t<\/div>\n\t\t\t\t<\/div>\n\t\t\t\t<\/div>\n\t\t\t\t<\/div>\n\t\t\t\t<\/div>\n\t\t","protected":false},"excerpt":{"rendered":"<p>Armschmuck ARMREIFEN UND ARMSPANGEN Das Schmuck-Accessoire f\u00fcr Mann und Frau Ob schmal oder breit, ob gold- silber- oder kupferfarben \u2013 Armreifen sind schon immer ein wichtiges Schmuckaccessoire f\u00fcr trendbewusste Damen und Herren. Mit ihnen werden nicht nur Ober- oder Unterarm verziert, es wird der eigene Stil unterstrichen. So sind auch unsere Armreifen und Armspangen die [&hellip;]<\/p>\n","protected":false},"author":1,"featured_media":0,"parent":512,"menu_order":0,"comment_status":"closed","ping_status":"closed","template":"","meta":{"footnotes":""},"categories":[80],"tags":[],"class_list":["post-557","page","type-page","status-publish","hentry","category-schmuck-zubehoer"],"yoast_head":"<!-- This site is optimized with the Yoast SEO plugin v24.4 - https:\/\/yoast.com\/wordpress\/plugins\/seo\/ -->\n<title>Armreifen - Josef Bergs DE<\/title>\n<meta name=\"robots\" content=\"noindex, follow, max-snippet:-1, max-image-preview:large, max-video-preview:-1\" \/>\n<meta property=\"og:locale\" content=\"de_DE\" \/>\n<meta property=\"og:type\" content=\"article\" \/>\n<meta property=\"og:title\" content=\"Armreifen - Josef Bergs DE\" \/>\n<meta property=\"og:description\" content=\"Armschmuck ARMREIFEN UND ARMSPANGEN Das Schmuck-Accessoire f\u00fcr Mann und Frau Ob schmal oder breit, ob gold- silber- oder kupferfarben \u2013 Armreifen sind schon immer ein wichtiges Schmuckaccessoire f\u00fcr trendbewusste Damen und Herren. Mit ihnen werden nicht nur Ober- oder Unterarm verziert, es wird der eigene Stil unterstrichen. So sind auch unsere Armreifen und Armspangen die [&hellip;]\" \/>\n<meta property=\"og:url\" content=\"https:\/\/www.josefbergs.com\/de\/schmuck-zubehoer\/armreifen\/\" \/>\n<meta property=\"og:site_name\" content=\"Josef Bergs DE\" \/>\n<meta property=\"article:modified_time\" content=\"2025-06-07T21:59:26+00:00\" \/>\n<meta property=\"og:image\" content=\"https:\/\/www.josefbergs.com\/de\/wp-content\/uploads\/sites\/2\/2025\/05\/visual-bracelets.jpg\" \/>\n<meta name=\"twitter:card\" content=\"summary_large_image\" \/>\n<meta name=\"twitter:label1\" content=\"Gesch\u00e4tzte Lesezeit\" \/>\n\t<meta name=\"twitter:data1\" content=\"3\u00a0Minuten\" \/>\n<script type=\"application\/ld+json\" class=\"yoast-schema-graph\">{\"@context\":\"https:\/\/schema.org\",\"@graph\":[{\"@type\":\"WebPage\",\"@id\":\"https:\/\/www.josefbergs.com\/de\/schmuck-zubehoer\/armreifen\/\",\"url\":\"https:\/\/www.josefbergs.com\/de\/schmuck-zubehoer\/armreifen\/\",\"name\":\"Armreifen - Josef Bergs DE\",\"isPartOf\":{\"@id\":\"https:\/\/www.josefbergs.com\/de\/#website\"},\"primaryImageOfPage\":{\"@id\":\"https:\/\/www.josefbergs.com\/de\/schmuck-zubehoer\/armreifen\/#primaryimage\"},\"image\":{\"@id\":\"https:\/\/www.josefbergs.com\/de\/schmuck-zubehoer\/armreifen\/#primaryimage\"},\"thumbnailUrl\":\"https:\/\/www.josefbergs.com\/de\/wp-content\/uploads\/sites\/2\/2025\/05\/visual-bracelets.jpg\",\"datePublished\":\"2025-05-13T17:35:19+00:00\",\"dateModified\":\"2025-06-07T21:59:26+00:00\",\"breadcrumb\":{\"@id\":\"https:\/\/www.josefbergs.com\/de\/schmuck-zubehoer\/armreifen\/#breadcrumb\"},\"inLanguage\":\"de\",\"potentialAction\":[{\"@type\":\"ReadAction\",\"target\":[\"https:\/\/www.josefbergs.com\/de\/schmuck-zubehoer\/armreifen\/\"]}]},{\"@type\":\"ImageObject\",\"inLanguage\":\"de\",\"@id\":\"https:\/\/www.josefbergs.com\/de\/schmuck-zubehoer\/armreifen\/#primaryimage\",\"url\":\"https:\/\/www.josefbergs.com\/de\/wp-content\/uploads\/sites\/2\/2025\/05\/visual-bracelets.jpg\",\"contentUrl\":\"https:\/\/www.josefbergs.com\/de\/wp-content\/uploads\/sites\/2\/2025\/05\/visual-bracelets.jpg\",\"width\":1210,\"height\":410,\"caption\":\"Armreifen, Armspangen\"},{\"@type\":\"BreadcrumbList\",\"@id\":\"https:\/\/www.josefbergs.com\/de\/schmuck-zubehoer\/armreifen\/#breadcrumb\",\"itemListElement\":[{\"@type\":\"ListItem\",\"position\":1,\"name\":\"Home\",\"item\":\"https:\/\/www.josefbergs.com\/de\/\"},{\"@type\":\"ListItem\",\"position\":2,\"name\":\"Schmuck-Zubeh\u00f6r\",\"item\":\"https:\/\/www.josefbergs.com\/de\/schmuck-zubehoer\/\"},{\"@type\":\"ListItem\",\"position\":3,\"name\":\"Armreifen\"}]},{\"@type\":\"WebSite\",\"@id\":\"https:\/\/www.josefbergs.com\/de\/#website\",\"url\":\"https:\/\/www.josefbergs.com\/de\/\",\"name\":\"Josef Bergs DE\",\"description\":\"The Original Metal Findings\",\"publisher\":{\"@id\":\"https:\/\/www.josefbergs.com\/de\/#organization\"},\"potentialAction\":[{\"@type\":\"SearchAction\",\"target\":{\"@type\":\"EntryPoint\",\"urlTemplate\":\"https:\/\/www.josefbergs.com\/de\/?s={search_term_string}\"},\"query-input\":{\"@type\":\"PropertyValueSpecification\",\"valueRequired\":true,\"valueName\":\"search_term_string\"}}],\"inLanguage\":\"de\"},{\"@type\":\"Organization\",\"@id\":\"https:\/\/www.josefbergs.com\/de\/#organization\",\"name\":\"Josef Bergs DE\",\"url\":\"https:\/\/www.josefbergs.com\/de\/\",\"logo\":{\"@type\":\"ImageObject\",\"inLanguage\":\"de\",\"@id\":\"https:\/\/www.josefbergs.com\/de\/#\/schema\/logo\/image\/\",\"url\":\"https:\/\/www.josefbergs.com\/de\/wp-content\/uploads\/sites\/2\/2025\/04\/josef-bergs-logo.png\",\"contentUrl\":\"https:\/\/www.josefbergs.com\/de\/wp-content\/uploads\/sites\/2\/2025\/04\/josef-bergs-logo.png\",\"width\":218,\"height\":82,\"caption\":\"Josef Bergs DE\"},\"image\":{\"@id\":\"https:\/\/www.josefbergs.com\/de\/#\/schema\/logo\/image\/\"}}]}<\/script>\n<!-- \/ Yoast SEO plugin. -->","yoast_head_json":{"title":"Armreifen - Josef Bergs DE","robots":{"index":"noindex","follow":"follow","max-snippet":"max-snippet:-1","max-image-preview":"max-image-preview:large","max-video-preview":"max-video-preview:-1"},"og_locale":"de_DE","og_type":"article","og_title":"Armreifen - Josef Bergs DE","og_description":"Armschmuck ARMREIFEN UND ARMSPANGEN Das Schmuck-Accessoire f\u00fcr Mann und Frau Ob schmal oder breit, ob gold- silber- oder kupferfarben \u2013 Armreifen sind schon immer ein wichtiges Schmuckaccessoire f\u00fcr trendbewusste Damen und Herren. Mit ihnen werden nicht nur Ober- oder Unterarm verziert, es wird der eigene Stil unterstrichen. So sind auch unsere Armreifen und Armspangen die [&hellip;]","og_url":"https:\/\/www.josefbergs.com\/de\/schmuck-zubehoer\/armreifen\/","og_site_name":"Josef Bergs DE","article_modified_time":"2025-06-07T21:59:26+00:00","og_image":[{"url":"https:\/\/www.josefbergs.com\/de\/wp-content\/uploads\/sites\/2\/2025\/05\/visual-bracelets.jpg","type":"","width":"","height":""}],"twitter_card":"summary_large_image","twitter_misc":{"Gesch\u00e4tzte Lesezeit":"3\u00a0Minuten"},"schema":{"@context":"https:\/\/schema.org","@graph":[{"@type":"WebPage","@id":"https:\/\/www.josefbergs.com\/de\/schmuck-zubehoer\/armreifen\/","url":"https:\/\/www.josefbergs.com\/de\/schmuck-zubehoer\/armreifen\/","name":"Armreifen - Josef Bergs DE","isPartOf":{"@id":"https:\/\/www.josefbergs.com\/de\/#website"},"primaryImageOfPage":{"@id":"https:\/\/www.josefbergs.com\/de\/schmuck-zubehoer\/armreifen\/#primaryimage"},"image":{"@id":"https:\/\/www.josefbergs.com\/de\/schmuck-zubehoer\/armreifen\/#primaryimage"},"thumbnailUrl":"https:\/\/www.josefbergs.com\/de\/wp-content\/uploads\/sites\/2\/2025\/05\/visual-bracelets.jpg","datePublished":"2025-05-13T17:35:19+00:00","dateModified":"2025-06-07T21:59:26+00:00","breadcrumb":{"@id":"https:\/\/www.josefbergs.com\/de\/schmuck-zubehoer\/armreifen\/#breadcrumb"},"inLanguage":"de","potentialAction":[{"@type":"ReadAction","target":["https:\/\/www.josefbergs.com\/de\/schmuck-zubehoer\/armreifen\/"]}]},{"@type":"ImageObject","inLanguage":"de","@id":"https:\/\/www.josefbergs.com\/de\/schmuck-zubehoer\/armreifen\/#primaryimage","url":"https:\/\/www.josefbergs.com\/de\/wp-content\/uploads\/sites\/2\/2025\/05\/visual-bracelets.jpg","contentUrl":"https:\/\/www.josefbergs.com\/de\/wp-content\/uploads\/sites\/2\/2025\/05\/visual-bracelets.jpg","width":1210,"height":410,"caption":"Armreifen, Armspangen"},{"@type":"BreadcrumbList","@id":"https:\/\/www.josefbergs.com\/de\/schmuck-zubehoer\/armreifen\/#breadcrumb","itemListElement":[{"@type":"ListItem","position":1,"name":"Home","item":"https:\/\/www.josefbergs.com\/de\/"},{"@type":"ListItem","position":2,"name":"Schmuck-Zubeh\u00f6r","item":"https:\/\/www.josefbergs.com\/de\/schmuck-zubehoer\/"},{"@type":"ListItem","position":3,"name":"Armreifen"}]},{"@type":"WebSite","@id":"https:\/\/www.josefbergs.com\/de\/#website","url":"https:\/\/www.josefbergs.com\/de\/","name":"Josef Bergs DE","description":"The Original Metal Findings","publisher":{"@id":"https:\/\/www.josefbergs.com\/de\/#organization"},"potentialAction":[{"@type":"SearchAction","target":{"@type":"EntryPoint","urlTemplate":"https:\/\/www.josefbergs.com\/de\/?s={search_term_string}"},"query-input":{"@type":"PropertyValueSpecification","valueRequired":true,"valueName":"search_term_string"}}],"inLanguage":"de"},{"@type":"Organization","@id":"https:\/\/www.josefbergs.com\/de\/#organization","name":"Josef Bergs DE","url":"https:\/\/www.josefbergs.com\/de\/","logo":{"@type":"ImageObject","inLanguage":"de","@id":"https:\/\/www.josefbergs.com\/de\/#\/schema\/logo\/image\/","url":"https:\/\/www.josefbergs.com\/de\/wp-content\/uploads\/sites\/2\/2025\/04\/josef-bergs-logo.png","contentUrl":"https:\/\/www.josefbergs.com\/de\/wp-content\/uploads\/sites\/2\/2025\/04\/josef-bergs-logo.png","width":218,"height":82,"caption":"Josef Bergs DE"},"image":{"@id":"https:\/\/www.josefbergs.com\/de\/#\/schema\/logo\/image\/"}}]}},"_links":{"self":[{"href":"https:\/\/www.josefbergs.com\/de\/wp-json\/wp\/v2\/pages\/557","targetHints":{"allow":["GET"]}}],"collection":[{"href":"https:\/\/www.josefbergs.com\/de\/wp-json\/wp\/v2\/pages"}],"about":[{"href":"https:\/\/www.josefbergs.com\/de\/wp-json\/wp\/v2\/types\/page"}],"author":[{"embeddable":true,"href":"https:\/\/www.josefbergs.com\/de\/wp-json\/wp\/v2\/users\/1"}],"replies":[{"embeddable":true,"href":"https:\/\/www.josefbergs.com\/de\/wp-json\/wp\/v2\/comments?post=557"}],"version-history":[{"count":10,"href":"https:\/\/www.josefbergs.com\/de\/wp-json\/wp\/v2\/pages\/557\/revisions"}],"predecessor-version":[{"id":1503,"href":"https:\/\/www.josefbergs.com\/de\/wp-json\/wp\/v2\/pages\/557\/revisions\/1503"}],"up":[{"embeddable":true,"href":"https:\/\/www.josefbergs.com\/de\/wp-json\/wp\/v2\/pages\/512"}],"wp:attachment":[{"href":"https:\/\/www.josefbergs.com\/de\/wp-json\/wp\/v2\/media?parent=557"}],"wp:term":[{"taxonomy":"category","embeddable":true,"href":"https:\/\/www.josefbergs.com\/de\/wp-json\/wp\/v2\/categories?post=557"},{"taxonomy":"post_tag","embeddable":true,"href":"https:\/\/www.josefbergs.com\/de\/wp-json\/wp\/v2\/tags?post=557"}],"curies":[{"name":"wp","href":"https:\/\/api.w.org\/{rel}","templated":true}]}}