{"id":644,"date":"2025-05-14T15:32:32","date_gmt":"2025-05-14T13:32:32","guid":{"rendered":"https:\/\/www.josefbergs.com\/de\/?page_id=644"},"modified":"2025-06-08T00:03:14","modified_gmt":"2025-06-07T22:03:14","slug":"klebefassungen-mit-kreuzschlitz","status":"publish","type":"page","link":"https:\/\/www.josefbergs.com\/de\/steinfassungen\/klebefassungen-mit-kreuzschlitz\/","title":{"rendered":"Klebefassungen mit Kreuzschlitz"},"content":{"rendered":"\t\t<div data-elementor-type=\"wp-page\" data-elementor-id=\"644\" class=\"elementor elementor-644\">\n\t\t\t\t<div class=\"elementor-element elementor-element-302c337 e-con-full e-flex e-con e-parent\" data-id=\"302c337\" data-element_type=\"container\">\n\t\t\t\t<div class=\"elementor-element elementor-element-88ddaaf elementor-widget elementor-widget-heading\" data-id=\"88ddaaf\" data-element_type=\"widget\" data-widget_type=\"heading.default\">\n\t\t\t\t<div class=\"elementor-widget-container\">\n\t\t\t\t\t<h5 class=\"elementor-heading-title elementor-size-default\">Klebekessel mit Kreuzschlitz zum Aufn\u00e4hen<\/h5>\t\t\t\t<\/div>\n\t\t\t\t<\/div>\n\t\t\t\t<div class=\"elementor-element elementor-element-d54273c elementor-widget elementor-widget-heading\" data-id=\"d54273c\" data-element_type=\"widget\" data-widget_type=\"heading.default\">\n\t\t\t\t<div class=\"elementor-widget-container\">\n\t\t\t\t\t<h4 class=\"elementor-heading-title elementor-size-default\">FLACHBODEN KLEBEFASSUNGEN MIT KREUZSCHLITZ F\u00dcR SWAROVSKI, PRECIOSA, PLASTIK- UND GLAS-SCHMUCKSTEINE<\/h4>\t\t\t\t<\/div>\n\t\t\t\t<\/div>\n\t\t\t\t<div class=\"elementor-element elementor-element-8ff9201 elementor-widget elementor-widget-image\" data-id=\"8ff9201\" data-element_type=\"widget\" data-widget_type=\"image.default\">\n\t\t\t\t<div class=\"elementor-widget-container\">\n\t\t\t\t\t\t\t\t\t\t\t\t\t\t\t<img fetchpriority=\"high\" decoding=\"async\" width=\"1210\" height=\"410\" src=\"https:\/\/www.josefbergs.com\/de\/wp-content\/uploads\/sites\/2\/2025\/05\/visual-frames-crosstip.jpg\" class=\"attachment-full size-full wp-image-646\" alt=\"Klebefassungen Kreuzschlitz\" srcset=\"https:\/\/www.josefbergs.com\/de\/wp-content\/uploads\/sites\/2\/2025\/05\/visual-frames-crosstip.jpg 1210w, https:\/\/www.josefbergs.com\/de\/wp-content\/uploads\/sites\/2\/2025\/05\/visual-frames-crosstip-300x102.jpg 300w, https:\/\/www.josefbergs.com\/de\/wp-content\/uploads\/sites\/2\/2025\/05\/visual-frames-crosstip-1024x347.jpg 1024w, https:\/\/www.josefbergs.com\/de\/wp-content\/uploads\/sites\/2\/2025\/05\/visual-frames-crosstip-768x260.jpg 768w\" sizes=\"(max-width: 1210px) 100vw, 1210px\" \/>\t\t\t\t\t\t\t\t\t\t\t\t\t\t\t<\/div>\n\t\t\t\t<\/div>\n\t\t\t\t<\/div>\n\t\t<div class=\"elementor-element elementor-element-e9eb505 e-con-full e-flex e-con e-parent\" data-id=\"e9eb505\" data-element_type=\"container\">\n\t\t<div class=\"elementor-element elementor-element-a1eb958 e-con-full e-flex e-con e-child\" data-id=\"a1eb958\" data-element_type=\"container\">\n\t\t\t\t<div class=\"elementor-element elementor-element-e64a7ea elementor-widget elementor-widget-shortcode\" data-id=\"e64a7ea\" data-element_type=\"widget\" data-widget_type=\"shortcode.default\">\n\t\t\t\t<div class=\"elementor-widget-container\">\n\t\t\t\t\t\t\t<div class=\"elementor-shortcode\">\n<aside class=\"download-box download-box-pdf\">\n    <a class=\"_df_custom\" href-data=\"https:\/\/www.josefbergs.com\/de\/download\/846\/?tmstv=1777990459\" df-parsed=\"true\"><img decoding=\"async\" width=\"200\" height=\"285\" src=\"https:\/\/www.josefbergs.com\/de\/wp-content\/uploads\/sites\/2\/2025\/05\/Klebekessel-mit-Kreuzschlitz_thb.jpg\" class=\"attachment-full size-full wp-post-image\" alt=\"Klebekessel mit Kreuzschlitz\" \/><\/a>\n    <div class=\"download-box-content\">\n        <h3>Klebekessel mit Kreuzschlitz<\/h3><p>Klebekessel mit Kreuzschlitz zum Aufn\u00e4hen<\/p>\n        <a class=\"download-button\" title=\"Klebekessel mit Kreuzschlitz\" href=\"https:\/\/www.josefbergs.com\/de\/download\/846\/?tmstv=1777990459\" rel=\"nofollow\">DOWNLOAD<\/a>\n    <\/div>\n<\/aside>\n\n<\/div>\n\t\t\t\t\t\t<\/div>\n\t\t\t\t<\/div>\n\t\t\t\t<\/div>\n\t\t<div class=\"elementor-element elementor-element-8a782fc e-con-full e-flex e-con e-child\" data-id=\"8a782fc\" data-element_type=\"container\">\n\t\t\t\t<div class=\"elementor-element elementor-element-d3e9196 elementor-widget elementor-widget-heading\" data-id=\"d3e9196\" data-element_type=\"widget\" data-widget_type=\"heading.default\">\n\t\t\t\t<div class=\"elementor-widget-container\">\n\t\t\t\t\t<h5 class=\"elementor-heading-title elementor-size-default\">Strass-Fassungen f\u00fcr Klebesteine zum N\u00e4hen<\/h5>\t\t\t\t<\/div>\n\t\t\t\t<\/div>\n\t\t\t\t<div class=\"elementor-element elementor-element-b2b12aa elementor-widget elementor-widget-text-editor\" data-id=\"b2b12aa\" data-element_type=\"widget\" data-widget_type=\"text-editor.default\">\n\t\t\t\t<div class=\"elementor-widget-container\">\n\t\t\t\t\t\t\t\t\t<div class=\"vc_row wpb_row vc_row-fluid\"><div class=\"wpb_column vc_column_container vc_col-sm-6\"><div class=\"vc_column-inner\"><div class=\"wpb_wrapper\"><div class=\"wpb_text_column wpb_content_element \"><div class=\"wpb_wrapper\"><div class=\"wpb_column vc_column_container vc_col-sm-9\"><div class=\"vc_column-inner\"><div class=\"wpb_wrapper\"><div class=\"wpb_text_column wpb_content_element \"><div class=\"wpb_wrapper\"><div class=\"wpb_text_column wpb_content_element \"><div class=\"wpb_wrapper\"><div class=\"wpb_text_column wpb_content_element \"><div class=\"wpb_wrapper\"><div class=\"wpb_text_column wpb_content_element \"><div class=\"wpb_wrapper\"><p><a href=\"https:\/\/www.strass-steine.com\/\" target=\"_blank\" rel=\"noopener\">Strass-Steine<\/a> k\u00f6nnen in vielf\u00e4ltiger Art und Weise eingesetzt werden. So k\u00f6nnen Sie die Schmucksteine direkt auf das Modest\u00fcck aufkleben, mit Hilfe von Kesseln <a href=\"https:\/\/www.josefbergs.com\/de\/steinfassungen\/krappen-fassungen-mit-nietloch\/\">annieten<\/a> oder auch <a href=\"https:\/\/www.josefbergs.com\/de\/steinfassungen\/aufnaehfassungen\/\">aufn\u00e4hen.<\/a> Je nach Ihrem Weiterverarbeitungswunsch, bieten wir eine Reihe von passenden Steinfassungen an, mit deren Hilfe Sie Ihre ganz eigenen Kreationen entwerfen k\u00f6nnen \u2013 wie auch die Klebefassungen mit Kreuzschlitz.<\/p><\/div><\/div><div class=\"wpb_text_column wpb_content_element \"><div class=\"wpb_wrapper\"><p>Die Klebefassungen mit Kreuzschlitz zeichnen sich besonders, im Gegensatz zu all den anderen Steinfassungen, durch ihren flachen Boden aus. Bei dieser Kesselart wird der Flachbodenstein mit Hilfe eines Klebstoffs an der Fassung fixiert, wodurch dieser sicher gehalten wird. Zus\u00e4tzlich ist auf der Kesselr\u00fcckseite eine Kreuzpr\u00e4gung eingearbeitet. Durch die Kreuzschlitze k\u00f6nnen Sie den Strassstein an jedes beliebige Textil ann\u00e4hen. Wenn Sie die Klebefassungen mit Kreuzschlitz zus\u00e4tzlichen mit \u00d6sen w\u00fcnschen, k\u00f6nnen wir diese im Rahmen von Sonderanfertigungen einarbeiten.<\/p><\/div><\/div><\/div><\/div><\/div><\/div><\/div><\/div><\/div><\/div><\/div><\/div><\/div><\/div><\/div><\/div><\/div>\t\t\t\t\t\t\t\t<\/div>\n\t\t\t\t<\/div>\n\t\t\t\t<div class=\"elementor-element elementor-element-8d0163a elementor-widget elementor-widget-heading\" data-id=\"8d0163a\" data-element_type=\"widget\" data-widget_type=\"heading.default\">\n\t\t\t\t<div class=\"elementor-widget-container\">\n\t\t\t\t\t<h5 class=\"elementor-heading-title elementor-size-default\">Pr\u00e4zise verarbeitete Klebefassungen mit Kreuzschlitz, ideal f\u00fcr Swarovski Flachboden-Steine<\/h5>\t\t\t\t<\/div>\n\t\t\t\t<\/div>\n\t\t\t\t<div class=\"elementor-element elementor-element-e0f8679 elementor-widget elementor-widget-text-editor\" data-id=\"e0f8679\" data-element_type=\"widget\" data-widget_type=\"text-editor.default\">\n\t\t\t\t<div class=\"elementor-widget-container\">\n\t\t\t\t\t\t\t\t\t<div class=\"vc_row wpb_row vc_row-fluid\"><div class=\"wpb_column vc_column_container vc_col-sm-6\"><div class=\"vc_column-inner\"><div class=\"wpb_wrapper\"><div class=\"wpb_text_column wpb_content_element \"><div class=\"wpb_wrapper\"><div class=\"wpb_column vc_column_container vc_col-sm-9\"><div class=\"vc_column-inner\"><div class=\"wpb_wrapper\"><div class=\"wpb_text_column wpb_content_element \"><div class=\"wpb_wrapper\"><div class=\"wpb_text_column wpb_content_element \"><div class=\"wpb_wrapper\">Hochwertige Optik sowie pr\u00e4ziser Halt \u2013 zwei grundlegende Eigenschaften auf die wir besonderen Wert legen. All unsere Klebefassungen mit Kreuzschlitz schmiegen sich millimetergenau an den jeweiligen Schmuckstein an. Dabei orientieren sich unsere Flachbodenfassungen an den Steinabmessungen bzw. -varianten des bekannten Schmucksteinherstellers Swarovski. F\u00fcr unsere Klebefassungen mit Kreuzschlitz eignen sich im Allgemeinen ausschlie\u00dflich Flatback-Steine, da dieser Steintyp die notwendige flache Unterseite besitzt.<\/div><div>\u00a0<\/div><\/div><\/div><\/div><\/div><\/div><\/div><\/div><\/div><\/div><\/div><\/div><\/div>\t\t\t\t\t\t\t\t<\/div>\n\t\t\t\t<\/div>\n\t\t\t\t<div class=\"elementor-element elementor-element-27e0141 elementor-widget elementor-widget-heading\" data-id=\"27e0141\" data-element_type=\"widget\" data-widget_type=\"heading.default\">\n\t\t\t\t<div class=\"elementor-widget-container\">\n\t\t\t\t\t<h5 class=\"elementor-heading-title elementor-size-default\">Die glanzvolle Veredelung von Textilien und Leder<\/h5>\t\t\t\t<\/div>\n\t\t\t\t<\/div>\n\t\t\t\t<div class=\"elementor-element elementor-element-39a77e0 elementor-widget elementor-widget-text-editor\" data-id=\"39a77e0\" data-element_type=\"widget\" data-widget_type=\"text-editor.default\">\n\t\t\t\t<div class=\"elementor-widget-container\">\n\t\t\t\t\t\t\t\t\t<div class=\"vc_row wpb_row vc_row-fluid\"><div class=\"wpb_column vc_column_container vc_col-sm-6\"><div class=\"vc_column-inner\"><div class=\"wpb_wrapper\"><div class=\"wpb_text_column wpb_content_element \"><div class=\"wpb_wrapper\"><div class=\"wpb_column vc_column_container vc_col-sm-9\"><div class=\"vc_column-inner\"><div class=\"wpb_wrapper\"><div class=\"wpb_text_column wpb_content_element \"><div class=\"wpb_wrapper\"><p>Sie k\u00f6nnen unsere Klebefassungen mit Kreuzschlitz schlie\u00dflich nahezu \u00fcberall ann\u00e4hen. Von Stoffen, wie Baumwolle, Leinen oder Seide bis hin zu Leder \u2013 unsere Flachbodenfassungen lassen sich mit Hilfe des eingearbeiteten N\u00e4hlochs zuverl\u00e4ssig an jeder geeigneten Grundfl\u00e4che dauerhaft fixieren. Unabh\u00e4ngig davon was Sie kreieren m\u00f6chten, mit unseren Produkten bieten wir stets qualitativ hochwertige Komponenten. Ob im Schuh- oder Schmuckdesign, zum Entwerfen von Trachtenmode oder auch Hundehalsb\u00e4nder \u2013 mit unseren Klebefassungen mit Kreuzschlitz gelingt es Ihnen Ihre Modeentw\u00fcrfe zu einem edlen Schmuckst\u00fcck zu wandeln.<\/p><\/div><\/div><\/div><\/div><\/div><\/div><\/div><\/div><\/div><\/div><\/div>\t\t\t\t\t\t\t\t<\/div>\n\t\t\t\t<\/div>\n\t\t\t\t<\/div>\n\t\t\t\t<\/div>\n\t\t<div class=\"elementor-element elementor-element-1775cc0 e-con-full e-flex e-con e-parent\" data-id=\"1775cc0\" data-element_type=\"container\">\n\t\t<div class=\"elementor-element elementor-element-e9df7f1 e-con-full e-flex e-con e-child\" data-id=\"e9df7f1\" data-element_type=\"container\">\n\t\t\t\t<div class=\"elementor-element elementor-element-c142965 elementor-widget elementor-widget-qi_addons_for_elementor_info_cards\" data-id=\"c142965\" data-element_type=\"widget\" data-widget_type=\"qi_addons_for_elementor_info_cards.default\">\n\t\t\t\t<div class=\"elementor-widget-container\">\n\t\t\t\t\t<div class=\"qodef-shortcode qodef-m qodef-qi-info-cards qodef-layout--top qodef--\">\n\t\t<div class=\"qodef-m-content\">\n\t\t\t<h5 class=\"qodef-m-subtitle\">\n\t\tQualit\u00e4t\t<\/h5>\n\t\t\t<h2 class=\"qodef-m-title\">\n\t\t\t\t\t<a itemprop=\"url\" href=\"\/de\/ueber-uns\/\" target=\"_self\">\n\t\t\t\t\tMADE IN GERMANY\t\t\t\t\t<\/a>\n\t\t\t<\/h2>\n\t\t\t<p class=\"qodef-m-text\">Alle Produkte der Firma Josef Bergs werden seit \u00fcber 50 Jahren im deutschen Werk in Kaufbeuren hergestellt. Seit jeher wird gro\u00dfen Wert auf konstant hohe Qualit\u00e4ts- und Produktionsstandards gelegt, um den Kunden das optimale Produkt anbieten zu k\u00f6nnen.<\/p>\n\t<\/div>\n\t\t<div class=\"qodef-m-button qodef-qi-clear\">\n\t\t<a class=\"qodef-shortcode qodef-m qodef-qi-button qodef-html--link qodef-layout--outlined qodef-type--icon-boxed qodef-size--small qodef-icon--right qodef-hover--icon-move-horizontal-short\" href=\"\/de\/ueber-uns\/\" target=\"_self\">\t<span class=\"qodef-m-text\">MEHR<\/span>\t<\/a>\t<\/div>\n\t<\/div>\n\t\t\t\t<\/div>\n\t\t\t\t<\/div>\n\t\t\t\t<\/div>\n\t\t<div class=\"elementor-element elementor-element-dbdd06f e-con-full e-flex e-con e-child\" data-id=\"dbdd06f\" data-element_type=\"container\">\n\t\t\t\t<div class=\"elementor-element elementor-element-7a207c1 elementor-widget elementor-widget-qi_addons_for_elementor_info_cards\" data-id=\"7a207c1\" data-element_type=\"widget\" data-widget_type=\"qi_addons_for_elementor_info_cards.default\">\n\t\t\t\t<div class=\"elementor-widget-container\">\n\t\t\t\t\t<div class=\"qodef-shortcode qodef-m qodef-qi-info-cards qodef-layout--top qodef--\">\n\t\t<div class=\"qodef-m-content\">\n\t\t\t<h5 class=\"qodef-m-subtitle\">\n\t\tIndividuelle Anfertigungent\t<\/h5>\n\t\t\t<h2 class=\"qodef-m-title\">\n\t\t\t\t\t<a itemprop=\"url\" href=\"\/de\/services\/\" target=\"_self\">\n\t\t\t\t\tUNSER SERVICE F\u00dcR SIE\t\t\t\t\t<\/a>\n\t\t\t<\/h2>\n\t\t\t<p class=\"qodef-m-text\">Ihre Kreativit\u00e4t, unser Know-how. Gemeinsam mit unseren Partnern vor Ort realisieren wir, auf Basis jahrzehntelanger Erfahrung, den f\u00fcr Sie passenden Band Verschluss. Nahezu nichts ist dabei unm\u00f6glich.\nGerne beraten wir Sie bei einem pers\u00f6nlichen Gespr\u00e4ch im Haus, per Telefon oder E-Mail.<\/p>\n\t<\/div>\n\t\t<div class=\"qodef-m-button qodef-qi-clear\">\n\t\t<a class=\"qodef-shortcode qodef-m qodef-qi-button qodef-html--link qodef-layout--outlined qodef-type--icon-boxed qodef-size--small qodef-icon--right qodef-hover--icon-move-horizontal-short\" href=\"\/de\/services\/\" target=\"_self\">\t<span class=\"qodef-m-text\">MEHR<\/span>\t<\/a>\t<\/div>\n\t<\/div>\n\t\t\t\t<\/div>\n\t\t\t\t<\/div>\n\t\t\t\t<\/div>\n\t\t<div class=\"elementor-element elementor-element-7825bf3 e-con-full e-flex e-con e-child\" data-id=\"7825bf3\" data-element_type=\"container\">\n\t\t\t\t<div class=\"elementor-element elementor-element-a334d5b elementor-widget elementor-widget-qi_addons_for_elementor_info_cards\" data-id=\"a334d5b\" data-element_type=\"widget\" data-widget_type=\"qi_addons_for_elementor_info_cards.default\">\n\t\t\t\t<div class=\"elementor-widget-container\">\n\t\t\t\t\t<div class=\"qodef-shortcode qodef-m qodef-qi-info-cards qodef-layout--top qodef--\">\n\t\t<div class=\"qodef-m-content\">\n\t\t\t<h5 class=\"qodef-m-subtitle\">\n\t\tZertifizierungen\t<\/h5>\n\t\t\t<h2 class=\"qodef-m-title\">\n\t\t\t\t\t<a itemprop=\"url\" href=\"\/de\/ueber-uns\/\" target=\"_self\">\n\t\t\t\t\tDIN EN 10204\t\t\t\t\t<\/a>\n\t\t\t<\/h2>\n\t\t\t<p class=\"qodef-m-text\">Zertifiziert nach DIN EN 10204 besteht das Rohmaterial mit ca. 85% gr\u00f6\u00dftenteils aus Kupfer. Um eine dauerhaft hohe Qualit\u00e4t zu gew\u00e4hrleisten, ist das Material zudem nach Oeko-Tex Standard 100 sowie nach der Clear Policy Declaration (CPD) der Firma Swarovski zertifiziert.<\/p>\n\t<\/div>\n\t\t<div class=\"qodef-m-button qodef-qi-clear\">\n\t\t<a class=\"qodef-shortcode qodef-m qodef-qi-button qodef-html--link qodef-layout--outlined qodef-type--icon-boxed qodef-size--small qodef-icon--right qodef-hover--icon-move-horizontal-short\" href=\"\/de\/ueber-uns\/\" target=\"_self\">\t<span class=\"qodef-m-text\">MEHR<\/span>\t<\/a>\t<\/div>\n\t<\/div>\n\t\t\t\t<\/div>\n\t\t\t\t<\/div>\n\t\t\t\t<\/div>\n\t\t\t\t<\/div>\n\t\t\t\t<\/div>\n\t\t","protected":false},"excerpt":{"rendered":"<p>Klebekessel mit Kreuzschlitz zum Aufn\u00e4hen FLACHBODEN KLEBEFASSUNGEN MIT KREUZSCHLITZ F\u00dcR SWAROVSKI, PRECIOSA, PLASTIK- UND GLAS-SCHMUCKSTEINE Strass-Fassungen f\u00fcr Klebesteine zum N\u00e4hen Strass-Steine k\u00f6nnen in vielf\u00e4ltiger Art und Weise eingesetzt werden. So k\u00f6nnen Sie die Schmucksteine direkt auf das Modest\u00fcck aufkleben, mit Hilfe von Kesseln annieten oder auch aufn\u00e4hen. Je nach Ihrem Weiterverarbeitungswunsch, bieten wir eine Reihe [&hellip;]<\/p>\n","protected":false},"author":1,"featured_media":0,"parent":480,"menu_order":0,"comment_status":"closed","ping_status":"closed","template":"","meta":{"footnotes":""},"categories":[53],"tags":[],"class_list":["post-644","page","type-page","status-publish","hentry","category-klebekessel"],"yoast_head":"<!-- This site is optimized with the Yoast SEO plugin v24.4 - https:\/\/yoast.com\/wordpress\/plugins\/seo\/ -->\n<title>Klebefassungen mit Kreuzschlitz - Josef Bergs DE<\/title>\n<meta name=\"robots\" content=\"noindex, follow, max-snippet:-1, max-image-preview:large, max-video-preview:-1\" \/>\n<meta property=\"og:locale\" content=\"de_DE\" \/>\n<meta property=\"og:type\" content=\"article\" \/>\n<meta property=\"og:title\" content=\"Klebefassungen mit Kreuzschlitz - Josef Bergs DE\" \/>\n<meta property=\"og:description\" content=\"Klebekessel mit Kreuzschlitz zum Aufn\u00e4hen FLACHBODEN KLEBEFASSUNGEN MIT KREUZSCHLITZ F\u00dcR SWAROVSKI, PRECIOSA, PLASTIK- UND GLAS-SCHMUCKSTEINE Strass-Fassungen f\u00fcr Klebesteine zum N\u00e4hen Strass-Steine k\u00f6nnen in vielf\u00e4ltiger Art und Weise eingesetzt werden. So k\u00f6nnen Sie die Schmucksteine direkt auf das Modest\u00fcck aufkleben, mit Hilfe von Kesseln annieten oder auch aufn\u00e4hen. Je nach Ihrem Weiterverarbeitungswunsch, bieten wir eine Reihe [&hellip;]\" \/>\n<meta property=\"og:url\" content=\"https:\/\/www.josefbergs.com\/de\/steinfassungen\/klebefassungen-mit-kreuzschlitz\/\" \/>\n<meta property=\"og:site_name\" content=\"Josef Bergs DE\" \/>\n<meta property=\"article:modified_time\" content=\"2025-06-07T22:03:14+00:00\" \/>\n<meta property=\"og:image\" content=\"https:\/\/www.josefbergs.com\/de\/wp-content\/uploads\/sites\/2\/2025\/05\/visual-frames-crosstip.jpg\" \/>\n<meta name=\"twitter:card\" content=\"summary_large_image\" \/>\n<meta name=\"twitter:label1\" content=\"Gesch\u00e4tzte Lesezeit\" \/>\n\t<meta name=\"twitter:data1\" content=\"3\u00a0Minuten\" \/>\n<script type=\"application\/ld+json\" class=\"yoast-schema-graph\">{\"@context\":\"https:\/\/schema.org\",\"@graph\":[{\"@type\":\"WebPage\",\"@id\":\"https:\/\/www.josefbergs.com\/de\/steinfassungen\/klebefassungen-mit-kreuzschlitz\/\",\"url\":\"https:\/\/www.josefbergs.com\/de\/steinfassungen\/klebefassungen-mit-kreuzschlitz\/\",\"name\":\"Klebefassungen mit Kreuzschlitz - Josef Bergs DE\",\"isPartOf\":{\"@id\":\"https:\/\/www.josefbergs.com\/de\/#website\"},\"primaryImageOfPage\":{\"@id\":\"https:\/\/www.josefbergs.com\/de\/steinfassungen\/klebefassungen-mit-kreuzschlitz\/#primaryimage\"},\"image\":{\"@id\":\"https:\/\/www.josefbergs.com\/de\/steinfassungen\/klebefassungen-mit-kreuzschlitz\/#primaryimage\"},\"thumbnailUrl\":\"https:\/\/www.josefbergs.com\/de\/wp-content\/uploads\/sites\/2\/2025\/05\/visual-frames-crosstip.jpg\",\"datePublished\":\"2025-05-14T13:32:32+00:00\",\"dateModified\":\"2025-06-07T22:03:14+00:00\",\"breadcrumb\":{\"@id\":\"https:\/\/www.josefbergs.com\/de\/steinfassungen\/klebefassungen-mit-kreuzschlitz\/#breadcrumb\"},\"inLanguage\":\"de\",\"potentialAction\":[{\"@type\":\"ReadAction\",\"target\":[\"https:\/\/www.josefbergs.com\/de\/steinfassungen\/klebefassungen-mit-kreuzschlitz\/\"]}]},{\"@type\":\"ImageObject\",\"inLanguage\":\"de\",\"@id\":\"https:\/\/www.josefbergs.com\/de\/steinfassungen\/klebefassungen-mit-kreuzschlitz\/#primaryimage\",\"url\":\"https:\/\/www.josefbergs.com\/de\/wp-content\/uploads\/sites\/2\/2025\/05\/visual-frames-crosstip.jpg\",\"contentUrl\":\"https:\/\/www.josefbergs.com\/de\/wp-content\/uploads\/sites\/2\/2025\/05\/visual-frames-crosstip.jpg\",\"width\":1210,\"height\":410,\"caption\":\"Klebefassungen Kreuzschlitz\"},{\"@type\":\"BreadcrumbList\",\"@id\":\"https:\/\/www.josefbergs.com\/de\/steinfassungen\/klebefassungen-mit-kreuzschlitz\/#breadcrumb\",\"itemListElement\":[{\"@type\":\"ListItem\",\"position\":1,\"name\":\"Home\",\"item\":\"https:\/\/www.josefbergs.com\/de\/\"},{\"@type\":\"ListItem\",\"position\":2,\"name\":\"Stein Fassungen mit Krallen\",\"item\":\"https:\/\/www.josefbergs.com\/de\/steinfassungen\/\"},{\"@type\":\"ListItem\",\"position\":3,\"name\":\"Klebefassungen mit Kreuzschlitz\"}]},{\"@type\":\"WebSite\",\"@id\":\"https:\/\/www.josefbergs.com\/de\/#website\",\"url\":\"https:\/\/www.josefbergs.com\/de\/\",\"name\":\"Josef Bergs DE\",\"description\":\"The Original Metal Findings\",\"publisher\":{\"@id\":\"https:\/\/www.josefbergs.com\/de\/#organization\"},\"potentialAction\":[{\"@type\":\"SearchAction\",\"target\":{\"@type\":\"EntryPoint\",\"urlTemplate\":\"https:\/\/www.josefbergs.com\/de\/?s={search_term_string}\"},\"query-input\":{\"@type\":\"PropertyValueSpecification\",\"valueRequired\":true,\"valueName\":\"search_term_string\"}}],\"inLanguage\":\"de\"},{\"@type\":\"Organization\",\"@id\":\"https:\/\/www.josefbergs.com\/de\/#organization\",\"name\":\"Josef Bergs DE\",\"url\":\"https:\/\/www.josefbergs.com\/de\/\",\"logo\":{\"@type\":\"ImageObject\",\"inLanguage\":\"de\",\"@id\":\"https:\/\/www.josefbergs.com\/de\/#\/schema\/logo\/image\/\",\"url\":\"https:\/\/www.josefbergs.com\/de\/wp-content\/uploads\/sites\/2\/2025\/04\/josef-bergs-logo.png\",\"contentUrl\":\"https:\/\/www.josefbergs.com\/de\/wp-content\/uploads\/sites\/2\/2025\/04\/josef-bergs-logo.png\",\"width\":218,\"height\":82,\"caption\":\"Josef Bergs DE\"},\"image\":{\"@id\":\"https:\/\/www.josefbergs.com\/de\/#\/schema\/logo\/image\/\"}}]}<\/script>\n<!-- \/ Yoast SEO plugin. -->","yoast_head_json":{"title":"Klebefassungen mit Kreuzschlitz - Josef Bergs DE","robots":{"index":"noindex","follow":"follow","max-snippet":"max-snippet:-1","max-image-preview":"max-image-preview:large","max-video-preview":"max-video-preview:-1"},"og_locale":"de_DE","og_type":"article","og_title":"Klebefassungen mit Kreuzschlitz - Josef Bergs DE","og_description":"Klebekessel mit Kreuzschlitz zum Aufn\u00e4hen FLACHBODEN KLEBEFASSUNGEN MIT KREUZSCHLITZ F\u00dcR SWAROVSKI, PRECIOSA, PLASTIK- UND GLAS-SCHMUCKSTEINE Strass-Fassungen f\u00fcr Klebesteine zum N\u00e4hen Strass-Steine k\u00f6nnen in vielf\u00e4ltiger Art und Weise eingesetzt werden. So k\u00f6nnen Sie die Schmucksteine direkt auf das Modest\u00fcck aufkleben, mit Hilfe von Kesseln annieten oder auch aufn\u00e4hen. Je nach Ihrem Weiterverarbeitungswunsch, bieten wir eine Reihe [&hellip;]","og_url":"https:\/\/www.josefbergs.com\/de\/steinfassungen\/klebefassungen-mit-kreuzschlitz\/","og_site_name":"Josef Bergs DE","article_modified_time":"2025-06-07T22:03:14+00:00","og_image":[{"url":"https:\/\/www.josefbergs.com\/de\/wp-content\/uploads\/sites\/2\/2025\/05\/visual-frames-crosstip.jpg","type":"","width":"","height":""}],"twitter_card":"summary_large_image","twitter_misc":{"Gesch\u00e4tzte Lesezeit":"3\u00a0Minuten"},"schema":{"@context":"https:\/\/schema.org","@graph":[{"@type":"WebPage","@id":"https:\/\/www.josefbergs.com\/de\/steinfassungen\/klebefassungen-mit-kreuzschlitz\/","url":"https:\/\/www.josefbergs.com\/de\/steinfassungen\/klebefassungen-mit-kreuzschlitz\/","name":"Klebefassungen mit Kreuzschlitz - Josef Bergs DE","isPartOf":{"@id":"https:\/\/www.josefbergs.com\/de\/#website"},"primaryImageOfPage":{"@id":"https:\/\/www.josefbergs.com\/de\/steinfassungen\/klebefassungen-mit-kreuzschlitz\/#primaryimage"},"image":{"@id":"https:\/\/www.josefbergs.com\/de\/steinfassungen\/klebefassungen-mit-kreuzschlitz\/#primaryimage"},"thumbnailUrl":"https:\/\/www.josefbergs.com\/de\/wp-content\/uploads\/sites\/2\/2025\/05\/visual-frames-crosstip.jpg","datePublished":"2025-05-14T13:32:32+00:00","dateModified":"2025-06-07T22:03:14+00:00","breadcrumb":{"@id":"https:\/\/www.josefbergs.com\/de\/steinfassungen\/klebefassungen-mit-kreuzschlitz\/#breadcrumb"},"inLanguage":"de","potentialAction":[{"@type":"ReadAction","target":["https:\/\/www.josefbergs.com\/de\/steinfassungen\/klebefassungen-mit-kreuzschlitz\/"]}]},{"@type":"ImageObject","inLanguage":"de","@id":"https:\/\/www.josefbergs.com\/de\/steinfassungen\/klebefassungen-mit-kreuzschlitz\/#primaryimage","url":"https:\/\/www.josefbergs.com\/de\/wp-content\/uploads\/sites\/2\/2025\/05\/visual-frames-crosstip.jpg","contentUrl":"https:\/\/www.josefbergs.com\/de\/wp-content\/uploads\/sites\/2\/2025\/05\/visual-frames-crosstip.jpg","width":1210,"height":410,"caption":"Klebefassungen Kreuzschlitz"},{"@type":"BreadcrumbList","@id":"https:\/\/www.josefbergs.com\/de\/steinfassungen\/klebefassungen-mit-kreuzschlitz\/#breadcrumb","itemListElement":[{"@type":"ListItem","position":1,"name":"Home","item":"https:\/\/www.josefbergs.com\/de\/"},{"@type":"ListItem","position":2,"name":"Stein Fassungen mit Krallen","item":"https:\/\/www.josefbergs.com\/de\/steinfassungen\/"},{"@type":"ListItem","position":3,"name":"Klebefassungen mit Kreuzschlitz"}]},{"@type":"WebSite","@id":"https:\/\/www.josefbergs.com\/de\/#website","url":"https:\/\/www.josefbergs.com\/de\/","name":"Josef Bergs DE","description":"The Original Metal Findings","publisher":{"@id":"https:\/\/www.josefbergs.com\/de\/#organization"},"potentialAction":[{"@type":"SearchAction","target":{"@type":"EntryPoint","urlTemplate":"https:\/\/www.josefbergs.com\/de\/?s={search_term_string}"},"query-input":{"@type":"PropertyValueSpecification","valueRequired":true,"valueName":"search_term_string"}}],"inLanguage":"de"},{"@type":"Organization","@id":"https:\/\/www.josefbergs.com\/de\/#organization","name":"Josef Bergs DE","url":"https:\/\/www.josefbergs.com\/de\/","logo":{"@type":"ImageObject","inLanguage":"de","@id":"https:\/\/www.josefbergs.com\/de\/#\/schema\/logo\/image\/","url":"https:\/\/www.josefbergs.com\/de\/wp-content\/uploads\/sites\/2\/2025\/04\/josef-bergs-logo.png","contentUrl":"https:\/\/www.josefbergs.com\/de\/wp-content\/uploads\/sites\/2\/2025\/04\/josef-bergs-logo.png","width":218,"height":82,"caption":"Josef Bergs DE"},"image":{"@id":"https:\/\/www.josefbergs.com\/de\/#\/schema\/logo\/image\/"}}]}},"_links":{"self":[{"href":"https:\/\/www.josefbergs.com\/de\/wp-json\/wp\/v2\/pages\/644","targetHints":{"allow":["GET"]}}],"collection":[{"href":"https:\/\/www.josefbergs.com\/de\/wp-json\/wp\/v2\/pages"}],"about":[{"href":"https:\/\/www.josefbergs.com\/de\/wp-json\/wp\/v2\/types\/page"}],"author":[{"embeddable":true,"href":"https:\/\/www.josefbergs.com\/de\/wp-json\/wp\/v2\/users\/1"}],"replies":[{"embeddable":true,"href":"https:\/\/www.josefbergs.com\/de\/wp-json\/wp\/v2\/comments?post=644"}],"version-history":[{"count":10,"href":"https:\/\/www.josefbergs.com\/de\/wp-json\/wp\/v2\/pages\/644\/revisions"}],"predecessor-version":[{"id":1527,"href":"https:\/\/www.josefbergs.com\/de\/wp-json\/wp\/v2\/pages\/644\/revisions\/1527"}],"up":[{"embeddable":true,"href":"https:\/\/www.josefbergs.com\/de\/wp-json\/wp\/v2\/pages\/480"}],"wp:attachment":[{"href":"https:\/\/www.josefbergs.com\/de\/wp-json\/wp\/v2\/media?parent=644"}],"wp:term":[{"taxonomy":"category","embeddable":true,"href":"https:\/\/www.josefbergs.com\/de\/wp-json\/wp\/v2\/categories?post=644"},{"taxonomy":"post_tag","embeddable":true,"href":"https:\/\/www.josefbergs.com\/de\/wp-json\/wp\/v2\/tags?post=644"}],"curies":[{"name":"wp","href":"https:\/\/api.w.org\/{rel}","templated":true}]}}