{"id":689,"date":"2025-05-14T15:53:17","date_gmt":"2025-05-14T13:53:17","guid":{"rendered":"https:\/\/www.josefbergs.com\/de\/?page_id=689"},"modified":"2025-06-07T23:34:47","modified_gmt":"2025-06-07T21:34:47","slug":"schmuckstein-fassungen-mit-druckknopf","status":"publish","type":"page","link":"https:\/\/www.josefbergs.com\/de\/klebefassungen\/schmuckstein-fassungen-mit-druckknopf\/","title":{"rendered":"Schmuckstein-Fassungen mit Druckknopf"},"content":{"rendered":"\t\t<div data-elementor-type=\"wp-page\" data-elementor-id=\"689\" class=\"elementor elementor-689\">\n\t\t\t\t<div class=\"elementor-element elementor-element-302c337 e-con-full e-flex e-con e-parent\" data-id=\"302c337\" data-element_type=\"container\">\n\t\t\t\t<div class=\"elementor-element elementor-element-88ddaaf elementor-widget elementor-widget-heading\" data-id=\"88ddaaf\" data-element_type=\"widget\" data-widget_type=\"heading.default\">\n\t\t\t\t<div class=\"elementor-widget-container\">\n\t\t\t\t\t<h5 class=\"elementor-heading-title elementor-size-default\">Krallenkessel mit Knopf<\/h5>\t\t\t\t<\/div>\n\t\t\t\t<\/div>\n\t\t\t\t<div class=\"elementor-element elementor-element-d54273c elementor-widget elementor-widget-heading\" data-id=\"d54273c\" data-element_type=\"widget\" data-widget_type=\"heading.default\">\n\t\t\t\t<div class=\"elementor-widget-container\">\n\t\t\t\t\t<h4 class=\"elementor-heading-title elementor-size-default\">SCHMUCKSTEIN-FASSUNGEN MIT DRUCKKNOPF F\u00dcR SWAROVSKI, PRECIOSA, PLASTIK- UND GLAS-SCHMUCKSTEINE<\/h4>\t\t\t\t<\/div>\n\t\t\t\t<\/div>\n\t\t\t\t<div class=\"elementor-element elementor-element-8ff9201 elementor-widget elementor-widget-image\" data-id=\"8ff9201\" data-element_type=\"widget\" data-widget_type=\"image.default\">\n\t\t\t\t<div class=\"elementor-widget-container\">\n\t\t\t\t\t\t\t\t\t\t\t\t\t\t\t<img fetchpriority=\"high\" decoding=\"async\" width=\"1210\" height=\"410\" src=\"https:\/\/www.josefbergs.com\/de\/wp-content\/uploads\/sites\/2\/2025\/05\/visual-press-studs-1.jpg\" class=\"attachment-full size-full wp-image-691\" alt=\"Krallenkessel mit Knopf\" srcset=\"https:\/\/www.josefbergs.com\/de\/wp-content\/uploads\/sites\/2\/2025\/05\/visual-press-studs-1.jpg 1210w, https:\/\/www.josefbergs.com\/de\/wp-content\/uploads\/sites\/2\/2025\/05\/visual-press-studs-1-300x102.jpg 300w, https:\/\/www.josefbergs.com\/de\/wp-content\/uploads\/sites\/2\/2025\/05\/visual-press-studs-1-1024x347.jpg 1024w, https:\/\/www.josefbergs.com\/de\/wp-content\/uploads\/sites\/2\/2025\/05\/visual-press-studs-1-768x260.jpg 768w\" sizes=\"(max-width: 1210px) 100vw, 1210px\" \/>\t\t\t\t\t\t\t\t\t\t\t\t\t\t\t<\/div>\n\t\t\t\t<\/div>\n\t\t\t\t<\/div>\n\t\t<div class=\"elementor-element elementor-element-e9eb505 e-con-full e-flex e-con e-parent\" data-id=\"e9eb505\" data-element_type=\"container\">\n\t\t<div class=\"elementor-element elementor-element-a1eb958 e-con-full e-flex e-con e-child\" data-id=\"a1eb958\" data-element_type=\"container\">\n\t\t\t\t<div class=\"elementor-element elementor-element-1fb6c21 elementor-widget elementor-widget-shortcode\" data-id=\"1fb6c21\" data-element_type=\"widget\" data-widget_type=\"shortcode.default\">\n\t\t\t\t<div class=\"elementor-widget-container\">\n\t\t\t\t\t\t\t<div class=\"elementor-shortcode\">\n<aside class=\"download-box download-box-pdf\">\n    <a class=\"_df_custom\" href-data=\"https:\/\/www.josefbergs.com\/de\/download\/1386\/?tmstv=1777986933\" df-parsed=\"true\"><img decoding=\"async\" width=\"200\" height=\"285\" src=\"https:\/\/www.josefbergs.com\/de\/wp-content\/uploads\/sites\/2\/2025\/06\/Swarovski-Katalog-fertig_thb.jpg\" class=\"attachment-full size-full wp-post-image\" alt=\"Josef Bergs Katalog\" \/><\/a>\n    <div class=\"download-box-content\">\n        <h3>Steinfassungen f\u00fcr Swarovskisteine<\/h3><p>Krallen- und Klebekessel f\u00fcr Swarovski Steine<\/p>\n        <a class=\"download-button\" title=\"Steinfassungen f\u00fcr Swarovskisteine\" href=\"https:\/\/www.josefbergs.com\/de\/download\/1386\/?tmstv=1777986933\" rel=\"nofollow\">DOWNLOAD<\/a>\n    <\/div>\n<\/aside>\n\n<\/div>\n\t\t\t\t\t\t<\/div>\n\t\t\t\t<\/div>\n\t\t\t\t<\/div>\n\t\t<div class=\"elementor-element elementor-element-8a782fc e-con-full e-flex e-con e-child\" data-id=\"8a782fc\" data-element_type=\"container\">\n\t\t\t\t<div class=\"elementor-element elementor-element-d3e9196 elementor-widget elementor-widget-heading\" data-id=\"d3e9196\" data-element_type=\"widget\" data-widget_type=\"heading.default\">\n\t\t\t\t<div class=\"elementor-widget-container\">\n\t\t\t\t\t<h5 class=\"elementor-heading-title elementor-size-default\">Schmuckstein-Fassungen mit Druckknopf f\u00fcr Textilien und Leder<\/h5>\t\t\t\t<\/div>\n\t\t\t\t<\/div>\n\t\t\t\t<div class=\"elementor-element elementor-element-b2b12aa elementor-widget elementor-widget-text-editor\" data-id=\"b2b12aa\" data-element_type=\"widget\" data-widget_type=\"text-editor.default\">\n\t\t\t\t<div class=\"elementor-widget-container\">\n\t\t\t\t\t\t\t\t\t<div class=\"vc_row wpb_row vc_row-fluid\"><div class=\"wpb_column vc_column_container vc_col-sm-6\"><div class=\"vc_column-inner\"><div class=\"wpb_wrapper\"><div class=\"wpb_text_column wpb_content_element \"><div class=\"wpb_wrapper\"><div class=\"wpb_column vc_column_container vc_col-sm-9\"><div class=\"vc_column-inner\"><div class=\"wpb_wrapper\"><div class=\"wpb_text_column wpb_content_element \"><div class=\"wpb_wrapper\"><div class=\"wpb_text_column wpb_content_element \"><div class=\"wpb_wrapper\"><div class=\"wpb_text_column wpb_content_element \"><div class=\"wpb_wrapper\">Schmuckstein-Fassungen mit Druckknopf sind Krallenkessel oder Flachbodenfassungen mit einem angel\u00f6teten Knopf auf der Kesselr\u00fcckseite. Die hochwertige Fassung gibt dem <a href=\"https:\/\/www.strass-steine.com\/\" target=\"_blank\" rel=\"noopener\">Strass-Stein<\/a> sicheren Halt und setzt ihn optimal in Szene.\u00a0Bei der Auswahl des passenden Schmucksteins f\u00fcr unsere Schmuckstein-Fassungen mit Druckknopf unterst\u00fctzen wir Sie ebenfalls gerne.<\/div><div>\u00a0<\/div><\/div><\/div><\/div><\/div><\/div><\/div><\/div><\/div><\/div><\/div><\/div><\/div><\/div><\/div>\t\t\t\t\t\t\t\t<\/div>\n\t\t\t\t<\/div>\n\t\t\t\t<div class=\"elementor-element elementor-element-8d0163a elementor-widget elementor-widget-heading\" data-id=\"8d0163a\" data-element_type=\"widget\" data-widget_type=\"heading.default\">\n\t\t\t\t<div class=\"elementor-widget-container\">\n\t\t\t\t\t<h5 class=\"elementor-heading-title elementor-size-default\">Individuelles und flexibles Design<\/h5>\t\t\t\t<\/div>\n\t\t\t\t<\/div>\n\t\t\t\t<div class=\"elementor-element elementor-element-367b2e7 elementor-widget elementor-widget-text-editor\" data-id=\"367b2e7\" data-element_type=\"widget\" data-widget_type=\"text-editor.default\">\n\t\t\t\t<div class=\"elementor-widget-container\">\n\t\t\t\t\t\t\t\t\t<div class=\"vc_row wpb_row vc_row-fluid\"><div class=\"wpb_column vc_column_container vc_col-sm-6\"><div class=\"vc_column-inner\"><div class=\"wpb_wrapper\"><div class=\"wpb_text_column wpb_content_element \"><div class=\"wpb_wrapper\"><div class=\"wpb_column vc_column_container vc_col-sm-9\"><div class=\"vc_column-inner\"><div class=\"wpb_wrapper\"><div class=\"wpb_text_column wpb_content_element \"><div class=\"wpb_wrapper\"><div class=\"wpb_text_column wpb_content_element \"><div class=\"wpb_wrapper\">Das Gegenst\u00fcck des Druckknopfes wird auf das entsprechende Mode- oder Schmuckst\u00fcck aufgenietet. Somit lassen sich die beiden Elemente ideal und passgenau miteinander verbinden. Standardm\u00e4\u00dfig verwenden wir ein S-Federsystem, dass wir auf die Fassung Ihrer Wahl aufl\u00f6ten. Auf Wunsch verwenden wir hierf\u00fcr auch Ihr eigenes Knopfsystem. Somit sind Sie bei der Auswahl der Steinfassung, des Schlie\u00dfsystems und schlie\u00dflich des Strasssteins v\u00f6llig flexibel. Unsere Schmuckstein-Fassungen mit Druckknopf bilden die Grundlage maximaler kreativer Flexibilit\u00e4t f\u00fcr Ihr individuelles Meisterst\u00fcck.<\/div><div>\u00a0<\/div><\/div><\/div><\/div><\/div><\/div><\/div><\/div><\/div><\/div><\/div><\/div><\/div>\t\t\t\t\t\t\t\t<\/div>\n\t\t\t\t<\/div>\n\t\t\t\t<div class=\"elementor-element elementor-element-7ba6a6e elementor-widget elementor-widget-heading\" data-id=\"7ba6a6e\" data-element_type=\"widget\" data-widget_type=\"heading.default\">\n\t\t\t\t<div class=\"elementor-widget-container\">\n\t\t\t\t\t<h5 class=\"elementor-heading-title elementor-size-default\">Zuverl\u00e4ssige und stilvolle Komponenten f\u00fcr Ihr Schmuckst\u00fcck<\/h5>\t\t\t\t<\/div>\n\t\t\t\t<\/div>\n\t\t\t\t<div class=\"elementor-element elementor-element-e0f8679 elementor-widget elementor-widget-text-editor\" data-id=\"e0f8679\" data-element_type=\"widget\" data-widget_type=\"text-editor.default\">\n\t\t\t\t<div class=\"elementor-widget-container\">\n\t\t\t\t\t\t\t\t\t<div class=\"vc_row wpb_row vc_row-fluid\"><div class=\"wpb_column vc_column_container vc_col-sm-6\"><div class=\"vc_column-inner\"><div class=\"wpb_wrapper\"><div class=\"wpb_text_column wpb_content_element \"><div class=\"wpb_wrapper\"><div class=\"wpb_column vc_column_container vc_col-sm-9\"><div class=\"vc_column-inner\"><div class=\"wpb_wrapper\"><div class=\"wpb_text_column wpb_content_element \"><div class=\"wpb_wrapper\"><div class=\"wpb_text_column wpb_content_element \"><div class=\"wpb_wrapper\">Schmuckstein-Fassungen mit Druckknopf sind wichtige Grundbestandteile Ihres finalen Modest\u00fccks. Ob auf Lederwaren, wie Armb\u00e4nder, Schuhe und Handtaschen, oder auf Textilien \u2013 mit den Knopfkesseln gelingt es die Steine zielgerecht und sicher zu fixieren. Binnen wenigen Schritten k\u00f6nnen Sie somit ganz nach Ihren Vorstellungen individuelle, mit Strass versehene, Schmuckst\u00fccke und Kleidung herstellen.<\/div><\/div><\/div><\/div><\/div><\/div><\/div><\/div><\/div><\/div><\/div><\/div><\/div>\t\t\t\t\t\t\t\t<\/div>\n\t\t\t\t<\/div>\n\t\t\t\t<\/div>\n\t\t\t\t<\/div>\n\t\t<div class=\"elementor-element elementor-element-1775cc0 e-con-full e-flex e-con e-parent\" data-id=\"1775cc0\" data-element_type=\"container\">\n\t\t<div class=\"elementor-element elementor-element-e9df7f1 e-con-full e-flex e-con e-child\" data-id=\"e9df7f1\" data-element_type=\"container\">\n\t\t\t\t<div class=\"elementor-element elementor-element-c142965 elementor-widget elementor-widget-qi_addons_for_elementor_info_cards\" data-id=\"c142965\" data-element_type=\"widget\" data-widget_type=\"qi_addons_for_elementor_info_cards.default\">\n\t\t\t\t<div class=\"elementor-widget-container\">\n\t\t\t\t\t<div class=\"qodef-shortcode qodef-m qodef-qi-info-cards qodef-layout--top qodef--\">\n\t\t<div class=\"qodef-m-content\">\n\t\t\t<h5 class=\"qodef-m-subtitle\">\n\t\tQualit\u00e4t\t<\/h5>\n\t\t\t<h2 class=\"qodef-m-title\">\n\t\t\t\t\t<a itemprop=\"url\" href=\"\/de\/ueber-uns\/\" target=\"_self\">\n\t\t\t\t\tMADE IN GERMANY\t\t\t\t\t<\/a>\n\t\t\t<\/h2>\n\t\t\t<p class=\"qodef-m-text\">Alle Produkte der Firma Josef Bergs werden seit \u00fcber 50 Jahren im deutschen Werk in Kaufbeuren hergestellt. Seit jeher wird gro\u00dfen Wert auf konstant hohe Qualit\u00e4ts- und Produktionsstandards gelegt, um den Kunden das optimale Produkt anbieten zu k\u00f6nnen.<\/p>\n\t<\/div>\n\t\t<div class=\"qodef-m-button qodef-qi-clear\">\n\t\t<a class=\"qodef-shortcode qodef-m qodef-qi-button qodef-html--link qodef-layout--outlined qodef-type--icon-boxed qodef-size--small qodef-icon--right qodef-hover--icon-move-horizontal-short\" href=\"\/de\/ueber-uns\/\" target=\"_self\">\t<span class=\"qodef-m-text\">MEHR<\/span>\t<\/a>\t<\/div>\n\t<\/div>\n\t\t\t\t<\/div>\n\t\t\t\t<\/div>\n\t\t\t\t<\/div>\n\t\t<div class=\"elementor-element elementor-element-dbdd06f e-con-full e-flex e-con e-child\" data-id=\"dbdd06f\" data-element_type=\"container\">\n\t\t\t\t<div class=\"elementor-element elementor-element-7a207c1 elementor-widget elementor-widget-qi_addons_for_elementor_info_cards\" data-id=\"7a207c1\" data-element_type=\"widget\" data-widget_type=\"qi_addons_for_elementor_info_cards.default\">\n\t\t\t\t<div class=\"elementor-widget-container\">\n\t\t\t\t\t<div class=\"qodef-shortcode qodef-m qodef-qi-info-cards qodef-layout--top qodef--\">\n\t\t<div class=\"qodef-m-content\">\n\t\t\t<h5 class=\"qodef-m-subtitle\">\n\t\tIndividuelle Anfertigungent\t<\/h5>\n\t\t\t<h2 class=\"qodef-m-title\">\n\t\t\t\t\t<a itemprop=\"url\" href=\"\/de\/services\/\" target=\"_self\">\n\t\t\t\t\tUNSER SERVICE F\u00dcR SIE\t\t\t\t\t<\/a>\n\t\t\t<\/h2>\n\t\t\t<p class=\"qodef-m-text\">Ihre Kreativit\u00e4t, unser Know-how. Gemeinsam mit unseren Partnern vor Ort realisieren wir, auf Basis jahrzehntelanger Erfahrung, den f\u00fcr Sie passenden Band Verschluss. Nahezu nichts ist dabei unm\u00f6glich.\nGerne beraten wir Sie bei einem pers\u00f6nlichen Gespr\u00e4ch im Haus, per Telefon oder E-Mail.<\/p>\n\t<\/div>\n\t\t<div class=\"qodef-m-button qodef-qi-clear\">\n\t\t<a class=\"qodef-shortcode qodef-m qodef-qi-button qodef-html--link qodef-layout--outlined qodef-type--icon-boxed qodef-size--small qodef-icon--right qodef-hover--icon-move-horizontal-short\" href=\"\/de\/services\/\" target=\"_self\">\t<span class=\"qodef-m-text\">MEHR<\/span>\t<\/a>\t<\/div>\n\t<\/div>\n\t\t\t\t<\/div>\n\t\t\t\t<\/div>\n\t\t\t\t<\/div>\n\t\t<div class=\"elementor-element elementor-element-7825bf3 e-con-full e-flex e-con e-child\" data-id=\"7825bf3\" data-element_type=\"container\">\n\t\t\t\t<div class=\"elementor-element elementor-element-a334d5b elementor-widget elementor-widget-qi_addons_for_elementor_info_cards\" data-id=\"a334d5b\" data-element_type=\"widget\" data-widget_type=\"qi_addons_for_elementor_info_cards.default\">\n\t\t\t\t<div class=\"elementor-widget-container\">\n\t\t\t\t\t<div class=\"qodef-shortcode qodef-m qodef-qi-info-cards qodef-layout--top qodef--\">\n\t\t<div class=\"qodef-m-content\">\n\t\t\t<h5 class=\"qodef-m-subtitle\">\n\t\tZertifizierungen\t<\/h5>\n\t\t\t<h2 class=\"qodef-m-title\">\n\t\t\t\t\t<a itemprop=\"url\" href=\"\/de\/ueber-uns\/\" target=\"_self\">\n\t\t\t\t\tDIN EN 10204\t\t\t\t\t<\/a>\n\t\t\t<\/h2>\n\t\t\t<p class=\"qodef-m-text\">Zertifiziert nach DIN EN 10204 besteht das Rohmaterial mit ca. 85% gr\u00f6\u00dftenteils aus Kupfer. Um eine dauerhaft hohe Qualit\u00e4t zu gew\u00e4hrleisten, ist das Material zudem nach Oeko-Tex Standard 100 sowie nach der Clear Policy Declaration (CPD) der Firma Swarovski zertifiziert.<\/p>\n\t<\/div>\n\t\t<div class=\"qodef-m-button qodef-qi-clear\">\n\t\t<a class=\"qodef-shortcode qodef-m qodef-qi-button qodef-html--link qodef-layout--outlined qodef-type--icon-boxed qodef-size--small qodef-icon--right qodef-hover--icon-move-horizontal-short\" href=\"\/de\/ueber-uns\/\" target=\"_self\">\t<span class=\"qodef-m-text\">MEHR<\/span>\t<\/a>\t<\/div>\n\t<\/div>\n\t\t\t\t<\/div>\n\t\t\t\t<\/div>\n\t\t\t\t<\/div>\n\t\t\t\t<\/div>\n\t\t\t\t<\/div>\n\t\t","protected":false},"excerpt":{"rendered":"<p>Krallenkessel mit Knopf SCHMUCKSTEIN-FASSUNGEN MIT DRUCKKNOPF F\u00dcR SWAROVSKI, PRECIOSA, PLASTIK- UND GLAS-SCHMUCKSTEINE Schmuckstein-Fassungen mit Druckknopf f\u00fcr Textilien und Leder Schmuckstein-Fassungen mit Druckknopf sind Krallenkessel oder Flachbodenfassungen mit einem angel\u00f6teten Knopf auf der Kesselr\u00fcckseite. Die hochwertige Fassung gibt dem Strass-Stein sicheren Halt und setzt ihn optimal in Szene.\u00a0Bei der Auswahl des passenden Schmucksteins f\u00fcr unsere Schmuckstein-Fassungen [&hellip;]<\/p>\n","protected":false},"author":1,"featured_media":0,"parent":444,"menu_order":0,"comment_status":"closed","ping_status":"closed","template":"","meta":{"footnotes":""},"categories":[40],"tags":[],"class_list":["post-689","page","type-page","status-publish","hentry","category-steinfassungen"],"yoast_head":"<!-- This site is optimized with the Yoast SEO plugin v24.4 - https:\/\/yoast.com\/wordpress\/plugins\/seo\/ -->\n<title>Schmuckstein-Fassungen mit Druckknopf - Josef Bergs DE<\/title>\n<meta name=\"robots\" content=\"noindex, follow, max-snippet:-1, max-image-preview:large, max-video-preview:-1\" \/>\n<meta property=\"og:locale\" content=\"de_DE\" \/>\n<meta property=\"og:type\" content=\"article\" \/>\n<meta property=\"og:title\" content=\"Schmuckstein-Fassungen mit Druckknopf - Josef Bergs DE\" \/>\n<meta property=\"og:description\" content=\"Krallenkessel mit Knopf SCHMUCKSTEIN-FASSUNGEN MIT DRUCKKNOPF F\u00dcR SWAROVSKI, PRECIOSA, PLASTIK- UND GLAS-SCHMUCKSTEINE Schmuckstein-Fassungen mit Druckknopf f\u00fcr Textilien und Leder Schmuckstein-Fassungen mit Druckknopf sind Krallenkessel oder Flachbodenfassungen mit einem angel\u00f6teten Knopf auf der Kesselr\u00fcckseite. Die hochwertige Fassung gibt dem Strass-Stein sicheren Halt und setzt ihn optimal in Szene.\u00a0Bei der Auswahl des passenden Schmucksteins f\u00fcr unsere Schmuckstein-Fassungen [&hellip;]\" \/>\n<meta property=\"og:url\" content=\"https:\/\/www.josefbergs.com\/de\/klebefassungen\/schmuckstein-fassungen-mit-druckknopf\/\" \/>\n<meta property=\"og:site_name\" content=\"Josef Bergs DE\" \/>\n<meta property=\"article:modified_time\" content=\"2025-06-07T21:34:47+00:00\" \/>\n<meta property=\"og:image\" content=\"https:\/\/www.josefbergs.com\/de\/wp-content\/uploads\/sites\/2\/2025\/05\/visual-press-studs-1.jpg\" \/>\n<meta name=\"twitter:card\" content=\"summary_large_image\" \/>\n<meta name=\"twitter:label1\" content=\"Gesch\u00e4tzte Lesezeit\" \/>\n\t<meta name=\"twitter:data1\" content=\"3\u00a0Minuten\" \/>\n<script type=\"application\/ld+json\" class=\"yoast-schema-graph\">{\"@context\":\"https:\/\/schema.org\",\"@graph\":[{\"@type\":\"WebPage\",\"@id\":\"https:\/\/www.josefbergs.com\/de\/klebefassungen\/schmuckstein-fassungen-mit-druckknopf\/\",\"url\":\"https:\/\/www.josefbergs.com\/de\/klebefassungen\/schmuckstein-fassungen-mit-druckknopf\/\",\"name\":\"Schmuckstein-Fassungen mit Druckknopf - Josef Bergs DE\",\"isPartOf\":{\"@id\":\"https:\/\/www.josefbergs.com\/de\/#website\"},\"primaryImageOfPage\":{\"@id\":\"https:\/\/www.josefbergs.com\/de\/klebefassungen\/schmuckstein-fassungen-mit-druckknopf\/#primaryimage\"},\"image\":{\"@id\":\"https:\/\/www.josefbergs.com\/de\/klebefassungen\/schmuckstein-fassungen-mit-druckknopf\/#primaryimage\"},\"thumbnailUrl\":\"https:\/\/www.josefbergs.com\/de\/wp-content\/uploads\/sites\/2\/2025\/05\/visual-press-studs-1.jpg\",\"datePublished\":\"2025-05-14T13:53:17+00:00\",\"dateModified\":\"2025-06-07T21:34:47+00:00\",\"breadcrumb\":{\"@id\":\"https:\/\/www.josefbergs.com\/de\/klebefassungen\/schmuckstein-fassungen-mit-druckknopf\/#breadcrumb\"},\"inLanguage\":\"de\",\"potentialAction\":[{\"@type\":\"ReadAction\",\"target\":[\"https:\/\/www.josefbergs.com\/de\/klebefassungen\/schmuckstein-fassungen-mit-druckknopf\/\"]}]},{\"@type\":\"ImageObject\",\"inLanguage\":\"de\",\"@id\":\"https:\/\/www.josefbergs.com\/de\/klebefassungen\/schmuckstein-fassungen-mit-druckknopf\/#primaryimage\",\"url\":\"https:\/\/www.josefbergs.com\/de\/wp-content\/uploads\/sites\/2\/2025\/05\/visual-press-studs-1.jpg\",\"contentUrl\":\"https:\/\/www.josefbergs.com\/de\/wp-content\/uploads\/sites\/2\/2025\/05\/visual-press-studs-1.jpg\",\"width\":1210,\"height\":410,\"caption\":\"Krallenkessel mit Knopf\"},{\"@type\":\"BreadcrumbList\",\"@id\":\"https:\/\/www.josefbergs.com\/de\/klebefassungen\/schmuckstein-fassungen-mit-druckknopf\/#breadcrumb\",\"itemListElement\":[{\"@type\":\"ListItem\",\"position\":1,\"name\":\"Home\",\"item\":\"https:\/\/www.josefbergs.com\/de\/\"},{\"@type\":\"ListItem\",\"position\":2,\"name\":\"Klebefassungen &#8211; Steinfassungen zum kleben\",\"item\":\"https:\/\/www.josefbergs.com\/de\/klebefassungen\/\"},{\"@type\":\"ListItem\",\"position\":3,\"name\":\"Schmuckstein-Fassungen mit Druckknopf\"}]},{\"@type\":\"WebSite\",\"@id\":\"https:\/\/www.josefbergs.com\/de\/#website\",\"url\":\"https:\/\/www.josefbergs.com\/de\/\",\"name\":\"Josef Bergs DE\",\"description\":\"The Original Metal Findings\",\"publisher\":{\"@id\":\"https:\/\/www.josefbergs.com\/de\/#organization\"},\"potentialAction\":[{\"@type\":\"SearchAction\",\"target\":{\"@type\":\"EntryPoint\",\"urlTemplate\":\"https:\/\/www.josefbergs.com\/de\/?s={search_term_string}\"},\"query-input\":{\"@type\":\"PropertyValueSpecification\",\"valueRequired\":true,\"valueName\":\"search_term_string\"}}],\"inLanguage\":\"de\"},{\"@type\":\"Organization\",\"@id\":\"https:\/\/www.josefbergs.com\/de\/#organization\",\"name\":\"Josef Bergs DE\",\"url\":\"https:\/\/www.josefbergs.com\/de\/\",\"logo\":{\"@type\":\"ImageObject\",\"inLanguage\":\"de\",\"@id\":\"https:\/\/www.josefbergs.com\/de\/#\/schema\/logo\/image\/\",\"url\":\"https:\/\/www.josefbergs.com\/de\/wp-content\/uploads\/sites\/2\/2025\/04\/josef-bergs-logo.png\",\"contentUrl\":\"https:\/\/www.josefbergs.com\/de\/wp-content\/uploads\/sites\/2\/2025\/04\/josef-bergs-logo.png\",\"width\":218,\"height\":82,\"caption\":\"Josef Bergs DE\"},\"image\":{\"@id\":\"https:\/\/www.josefbergs.com\/de\/#\/schema\/logo\/image\/\"}}]}<\/script>\n<!-- \/ Yoast SEO plugin. -->","yoast_head_json":{"title":"Schmuckstein-Fassungen mit Druckknopf - Josef Bergs DE","robots":{"index":"noindex","follow":"follow","max-snippet":"max-snippet:-1","max-image-preview":"max-image-preview:large","max-video-preview":"max-video-preview:-1"},"og_locale":"de_DE","og_type":"article","og_title":"Schmuckstein-Fassungen mit Druckknopf - Josef Bergs DE","og_description":"Krallenkessel mit Knopf SCHMUCKSTEIN-FASSUNGEN MIT DRUCKKNOPF F\u00dcR SWAROVSKI, PRECIOSA, PLASTIK- UND GLAS-SCHMUCKSTEINE Schmuckstein-Fassungen mit Druckknopf f\u00fcr Textilien und Leder Schmuckstein-Fassungen mit Druckknopf sind Krallenkessel oder Flachbodenfassungen mit einem angel\u00f6teten Knopf auf der Kesselr\u00fcckseite. Die hochwertige Fassung gibt dem Strass-Stein sicheren Halt und setzt ihn optimal in Szene.\u00a0Bei der Auswahl des passenden Schmucksteins f\u00fcr unsere Schmuckstein-Fassungen [&hellip;]","og_url":"https:\/\/www.josefbergs.com\/de\/klebefassungen\/schmuckstein-fassungen-mit-druckknopf\/","og_site_name":"Josef Bergs DE","article_modified_time":"2025-06-07T21:34:47+00:00","og_image":[{"url":"https:\/\/www.josefbergs.com\/de\/wp-content\/uploads\/sites\/2\/2025\/05\/visual-press-studs-1.jpg","type":"","width":"","height":""}],"twitter_card":"summary_large_image","twitter_misc":{"Gesch\u00e4tzte Lesezeit":"3\u00a0Minuten"},"schema":{"@context":"https:\/\/schema.org","@graph":[{"@type":"WebPage","@id":"https:\/\/www.josefbergs.com\/de\/klebefassungen\/schmuckstein-fassungen-mit-druckknopf\/","url":"https:\/\/www.josefbergs.com\/de\/klebefassungen\/schmuckstein-fassungen-mit-druckknopf\/","name":"Schmuckstein-Fassungen mit Druckknopf - Josef Bergs DE","isPartOf":{"@id":"https:\/\/www.josefbergs.com\/de\/#website"},"primaryImageOfPage":{"@id":"https:\/\/www.josefbergs.com\/de\/klebefassungen\/schmuckstein-fassungen-mit-druckknopf\/#primaryimage"},"image":{"@id":"https:\/\/www.josefbergs.com\/de\/klebefassungen\/schmuckstein-fassungen-mit-druckknopf\/#primaryimage"},"thumbnailUrl":"https:\/\/www.josefbergs.com\/de\/wp-content\/uploads\/sites\/2\/2025\/05\/visual-press-studs-1.jpg","datePublished":"2025-05-14T13:53:17+00:00","dateModified":"2025-06-07T21:34:47+00:00","breadcrumb":{"@id":"https:\/\/www.josefbergs.com\/de\/klebefassungen\/schmuckstein-fassungen-mit-druckknopf\/#breadcrumb"},"inLanguage":"de","potentialAction":[{"@type":"ReadAction","target":["https:\/\/www.josefbergs.com\/de\/klebefassungen\/schmuckstein-fassungen-mit-druckknopf\/"]}]},{"@type":"ImageObject","inLanguage":"de","@id":"https:\/\/www.josefbergs.com\/de\/klebefassungen\/schmuckstein-fassungen-mit-druckknopf\/#primaryimage","url":"https:\/\/www.josefbergs.com\/de\/wp-content\/uploads\/sites\/2\/2025\/05\/visual-press-studs-1.jpg","contentUrl":"https:\/\/www.josefbergs.com\/de\/wp-content\/uploads\/sites\/2\/2025\/05\/visual-press-studs-1.jpg","width":1210,"height":410,"caption":"Krallenkessel mit Knopf"},{"@type":"BreadcrumbList","@id":"https:\/\/www.josefbergs.com\/de\/klebefassungen\/schmuckstein-fassungen-mit-druckknopf\/#breadcrumb","itemListElement":[{"@type":"ListItem","position":1,"name":"Home","item":"https:\/\/www.josefbergs.com\/de\/"},{"@type":"ListItem","position":2,"name":"Klebefassungen &#8211; Steinfassungen zum kleben","item":"https:\/\/www.josefbergs.com\/de\/klebefassungen\/"},{"@type":"ListItem","position":3,"name":"Schmuckstein-Fassungen mit Druckknopf"}]},{"@type":"WebSite","@id":"https:\/\/www.josefbergs.com\/de\/#website","url":"https:\/\/www.josefbergs.com\/de\/","name":"Josef Bergs DE","description":"The Original Metal Findings","publisher":{"@id":"https:\/\/www.josefbergs.com\/de\/#organization"},"potentialAction":[{"@type":"SearchAction","target":{"@type":"EntryPoint","urlTemplate":"https:\/\/www.josefbergs.com\/de\/?s={search_term_string}"},"query-input":{"@type":"PropertyValueSpecification","valueRequired":true,"valueName":"search_term_string"}}],"inLanguage":"de"},{"@type":"Organization","@id":"https:\/\/www.josefbergs.com\/de\/#organization","name":"Josef Bergs DE","url":"https:\/\/www.josefbergs.com\/de\/","logo":{"@type":"ImageObject","inLanguage":"de","@id":"https:\/\/www.josefbergs.com\/de\/#\/schema\/logo\/image\/","url":"https:\/\/www.josefbergs.com\/de\/wp-content\/uploads\/sites\/2\/2025\/04\/josef-bergs-logo.png","contentUrl":"https:\/\/www.josefbergs.com\/de\/wp-content\/uploads\/sites\/2\/2025\/04\/josef-bergs-logo.png","width":218,"height":82,"caption":"Josef Bergs DE"},"image":{"@id":"https:\/\/www.josefbergs.com\/de\/#\/schema\/logo\/image\/"}}]}},"_links":{"self":[{"href":"https:\/\/www.josefbergs.com\/de\/wp-json\/wp\/v2\/pages\/689","targetHints":{"allow":["GET"]}}],"collection":[{"href":"https:\/\/www.josefbergs.com\/de\/wp-json\/wp\/v2\/pages"}],"about":[{"href":"https:\/\/www.josefbergs.com\/de\/wp-json\/wp\/v2\/types\/page"}],"author":[{"embeddable":true,"href":"https:\/\/www.josefbergs.com\/de\/wp-json\/wp\/v2\/users\/1"}],"replies":[{"embeddable":true,"href":"https:\/\/www.josefbergs.com\/de\/wp-json\/wp\/v2\/comments?post=689"}],"version-history":[{"count":7,"href":"https:\/\/www.josefbergs.com\/de\/wp-json\/wp\/v2\/pages\/689\/revisions"}],"predecessor-version":[{"id":1418,"href":"https:\/\/www.josefbergs.com\/de\/wp-json\/wp\/v2\/pages\/689\/revisions\/1418"}],"up":[{"embeddable":true,"href":"https:\/\/www.josefbergs.com\/de\/wp-json\/wp\/v2\/pages\/444"}],"wp:attachment":[{"href":"https:\/\/www.josefbergs.com\/de\/wp-json\/wp\/v2\/media?parent=689"}],"wp:term":[{"taxonomy":"category","embeddable":true,"href":"https:\/\/www.josefbergs.com\/de\/wp-json\/wp\/v2\/categories?post=689"},{"taxonomy":"post_tag","embeddable":true,"href":"https:\/\/www.josefbergs.com\/de\/wp-json\/wp\/v2\/tags?post=689"}],"curies":[{"name":"wp","href":"https:\/\/api.w.org\/{rel}","templated":true}]}}