{"id":701,"date":"2025-05-14T15:58:49","date_gmt":"2025-05-14T13:58:49","guid":{"rendered":"https:\/\/www.josefbergs.com\/de\/?page_id=701"},"modified":"2025-06-07T23:37:09","modified_gmt":"2025-06-07T21:37:09","slug":"fasswerkzeug","status":"publish","type":"page","link":"https:\/\/www.josefbergs.com\/de\/klebefassungen\/fasswerkzeug\/","title":{"rendered":"Werkzeuge zum Fassen"},"content":{"rendered":"\t\t<div data-elementor-type=\"wp-page\" data-elementor-id=\"701\" class=\"elementor elementor-701\">\n\t\t\t\t<div class=\"elementor-element elementor-element-302c337 e-con-full e-flex e-con e-parent\" data-id=\"302c337\" data-element_type=\"container\">\n\t\t\t\t<div class=\"elementor-element elementor-element-88ddaaf elementor-widget elementor-widget-heading\" data-id=\"88ddaaf\" data-element_type=\"widget\" data-widget_type=\"heading.default\">\n\t\t\t\t<div class=\"elementor-widget-container\">\n\t\t\t\t\t<h5 class=\"elementor-heading-title elementor-size-default\">Fass-Eisen, Fass-Stempel, Fass-Messer<\/h5>\t\t\t\t<\/div>\n\t\t\t\t<\/div>\n\t\t\t\t<div class=\"elementor-element elementor-element-d54273c elementor-widget elementor-widget-heading\" data-id=\"d54273c\" data-element_type=\"widget\" data-widget_type=\"heading.default\">\n\t\t\t\t<div class=\"elementor-widget-container\">\n\t\t\t\t\t<h4 class=\"elementor-heading-title elementor-size-default\">FASSWERKZEUG F\u00dcR KESSEL UND STEINFASSUNGEN MIT KRALLEN<\/h4>\t\t\t\t<\/div>\n\t\t\t\t<\/div>\n\t\t\t\t<div class=\"elementor-element elementor-element-8ff9201 elementor-widget elementor-widget-image\" data-id=\"8ff9201\" data-element_type=\"widget\" data-widget_type=\"image.default\">\n\t\t\t\t<div class=\"elementor-widget-container\">\n\t\t\t\t\t\t\t\t\t\t\t\t\t\t\t<img fetchpriority=\"high\" decoding=\"async\" width=\"1210\" height=\"410\" src=\"https:\/\/www.josefbergs.com\/de\/wp-content\/uploads\/sites\/2\/2025\/05\/visual-stamping-tools-1.jpg\" class=\"attachment-full size-full wp-image-703\" alt=\"Fasswerkzeuge\" srcset=\"https:\/\/www.josefbergs.com\/de\/wp-content\/uploads\/sites\/2\/2025\/05\/visual-stamping-tools-1.jpg 1210w, https:\/\/www.josefbergs.com\/de\/wp-content\/uploads\/sites\/2\/2025\/05\/visual-stamping-tools-1-300x102.jpg 300w, https:\/\/www.josefbergs.com\/de\/wp-content\/uploads\/sites\/2\/2025\/05\/visual-stamping-tools-1-1024x347.jpg 1024w, https:\/\/www.josefbergs.com\/de\/wp-content\/uploads\/sites\/2\/2025\/05\/visual-stamping-tools-1-768x260.jpg 768w\" sizes=\"(max-width: 1210px) 100vw, 1210px\" \/>\t\t\t\t\t\t\t\t\t\t\t\t\t\t\t<\/div>\n\t\t\t\t<\/div>\n\t\t\t\t<\/div>\n\t\t<div class=\"elementor-element elementor-element-e9eb505 e-con-full e-flex e-con e-parent\" data-id=\"e9eb505\" data-element_type=\"container\">\n\t\t<div class=\"elementor-element elementor-element-a1eb958 e-con-full e-flex e-con e-child\" data-id=\"a1eb958\" data-element_type=\"container\">\n\t\t\t\t<div class=\"elementor-element elementor-element-f92796e elementor-widget elementor-widget-shortcode\" data-id=\"f92796e\" data-element_type=\"widget\" data-widget_type=\"shortcode.default\">\n\t\t\t\t<div class=\"elementor-widget-container\">\n\t\t\t\t\t\t\t<div class=\"elementor-shortcode\">\n<aside class=\"download-box download-box-pdf\">\n    <a class=\"_df_custom\" href-data=\"https:\/\/www.josefbergs.com\/de\/download\/798\/?tmstv=1777986932\" df-parsed=\"true\"><img decoding=\"async\" width=\"200\" height=\"285\" src=\"https:\/\/www.josefbergs.com\/de\/wp-content\/uploads\/sites\/2\/2025\/05\/Fasseisen-Stempel-und-Werkzeuge_thb.jpg\" class=\"attachment-full size-full wp-post-image\" alt=\"Fasswerkzeuge\" \/><\/a>\n    <div class=\"download-box-content\">\n        <h3>Fasswerkzeug<\/h3><p>Fasseisen, Fassstempel und weitere Werkzeuge<\/p>\n        <a class=\"download-button\" title=\"Fasswerkzeug\" href=\"https:\/\/www.josefbergs.com\/de\/download\/798\/?tmstv=1777986932\" rel=\"nofollow\">DOWNLOAD<\/a>\n    <\/div>\n<\/aside>\n\n \n<aside class=\"download-box download-box-pdf\">\n    <a class=\"_df_custom\" href-data=\"https:\/\/www.josefbergs.com\/de\/download\/1386\/?tmstv=1777986932\" df-parsed=\"true\"><img decoding=\"async\" width=\"200\" height=\"285\" src=\"https:\/\/www.josefbergs.com\/de\/wp-content\/uploads\/sites\/2\/2025\/06\/Swarovski-Katalog-fertig_thb.jpg\" class=\"attachment-full size-full wp-post-image\" alt=\"Josef Bergs Katalog\" \/><\/a>\n    <div class=\"download-box-content\">\n        <h3>Steinfassungen f\u00fcr Swarovskisteine<\/h3><p>Krallen- und Klebekessel f\u00fcr Swarovski Steine<\/p>\n        <a class=\"download-button\" title=\"Steinfassungen f\u00fcr Swarovskisteine\" href=\"https:\/\/www.josefbergs.com\/de\/download\/1386\/?tmstv=1777986932\" rel=\"nofollow\">DOWNLOAD<\/a>\n    <\/div>\n<\/aside>\n\n<\/div>\n\t\t\t\t\t\t<\/div>\n\t\t\t\t<\/div>\n\t\t\t\t<\/div>\n\t\t<div class=\"elementor-element elementor-element-8a782fc e-con-full e-flex e-con e-child\" data-id=\"8a782fc\" data-element_type=\"container\">\n\t\t\t\t<div class=\"elementor-element elementor-element-d3e9196 elementor-widget elementor-widget-heading\" data-id=\"d3e9196\" data-element_type=\"widget\" data-widget_type=\"heading.default\">\n\t\t\t\t<div class=\"elementor-widget-container\">\n\t\t\t\t\t<h5 class=\"elementor-heading-title elementor-size-default\">Fasseisen, Fassstempel, Fassmesser und weitere Werkzeuge<\/h5>\t\t\t\t<\/div>\n\t\t\t\t<\/div>\n\t\t\t\t<div class=\"elementor-element elementor-element-b2b12aa elementor-widget elementor-widget-text-editor\" data-id=\"b2b12aa\" data-element_type=\"widget\" data-widget_type=\"text-editor.default\">\n\t\t\t\t<div class=\"elementor-widget-container\">\n\t\t\t\t\t\t\t\t\t<div class=\"vc_row wpb_row vc_row-fluid\"><div class=\"wpb_column vc_column_container vc_col-sm-6\"><div class=\"vc_column-inner\"><div class=\"wpb_wrapper\"><div class=\"wpb_text_column wpb_content_element \"><div class=\"wpb_wrapper\"><div class=\"wpb_column vc_column_container vc_col-sm-9\"><div class=\"vc_column-inner\"><div class=\"wpb_wrapper\"><div class=\"wpb_text_column wpb_content_element \"><div class=\"wpb_wrapper\"><div class=\"wpb_text_column wpb_content_element \"><div class=\"wpb_wrapper\"><div class=\"wpb_text_column wpb_content_element \"><div class=\"wpb_wrapper\">Neben der Auswahl des <a href=\"https:\/\/www.strass-steine.com\/\" target=\"_blank\" rel=\"noopener\">Strasssteins<\/a> und der dazugeh\u00f6rigen <a href=\"https:\/\/www.josefbergs.com\/de\/kessel\/krallen-fassungen-zum-loeten\/\">Krallenkessel,<\/a> kommt dem passenden Fasswerkzeug eine ebenso wichtige Bedeutung zu. Denn nur mit dem richtigen Werkzeug k\u00f6nnen Sie die Krappenkessel m\u00fchelos und schnell, ohne Qualit\u00e4tsverluste der einzelnen Komponenten, optimal weiterverarbeiten. Um Sie auch bei diesem Arbeitsschritt zu unterst\u00fctzen, bieten wir Ihnen eine Auswahl eigenkonzeptioniertem und selbsthergestelltem Fasszubeh\u00f6r an. Mit unserem Angebot an Fasswerkzeug, wie Fasseisen und Fassstempel, k\u00f6nnen Sie Ihre Schmucksteine schnell und passgenau einfassen.<\/div><div>\u00a0<\/div><\/div><\/div><\/div><\/div><\/div><\/div><\/div><\/div><\/div><\/div><\/div><\/div><\/div><\/div>\t\t\t\t\t\t\t\t<\/div>\n\t\t\t\t<\/div>\n\t\t\t\t<div class=\"elementor-element elementor-element-8d0163a elementor-widget elementor-widget-heading\" data-id=\"8d0163a\" data-element_type=\"widget\" data-widget_type=\"heading.default\">\n\t\t\t\t<div class=\"elementor-widget-container\">\n\t\t\t\t\t<h5 class=\"elementor-heading-title elementor-size-default\">Fasswerkzeug: Sicherer und zuverl\u00e4ssiger Verschluss der Kessel<\/h5>\t\t\t\t<\/div>\n\t\t\t\t<\/div>\n\t\t\t\t<div class=\"elementor-element elementor-element-367b2e7 elementor-widget elementor-widget-text-editor\" data-id=\"367b2e7\" data-element_type=\"widget\" data-widget_type=\"text-editor.default\">\n\t\t\t\t<div class=\"elementor-widget-container\">\n\t\t\t\t\t\t\t\t\t<div class=\"vc_row wpb_row vc_row-fluid\"><div class=\"wpb_column vc_column_container vc_col-sm-6\"><div class=\"vc_column-inner\"><div class=\"wpb_wrapper\"><div class=\"wpb_text_column wpb_content_element \"><div class=\"wpb_wrapper\"><div class=\"wpb_column vc_column_container vc_col-sm-9\"><div class=\"vc_column-inner\"><div class=\"wpb_wrapper\"><div class=\"wpb_text_column wpb_content_element \"><div class=\"wpb_wrapper\"><div class=\"wpb_text_column wpb_content_element \"><div class=\"wpb_wrapper\">Der Fassstempel, oder auch Andr\u00fccker bzw. Bockfu\u00df genannt, eignet sich speziell f\u00fcr das Verschlie\u00dfen der Krappen von Krallenkessel. Die aufstehenden Krallen werden dabei gleichm\u00e4\u00dfig auf allen vier Seiten nach unten gedr\u00fcckt, damit der Strassstein unversehrt und sicher in der Fassung gehalten wird. Die an die Fassung angepasste Form des Stempels eignet sich besonders zum Einfassen von Chatons und Fancy-Stones. Letztendlich k\u00f6nnen Sie durch das Fasswerkzeug alle Kessel schnell, sicher und zuverl\u00e4ssig verschlie\u00dfen. Mit Hilfe diesem gelingt es Ihnen schlie\u00dflich Strass-Steine optimal in Szene zu setzten.<\/div><\/div><\/div><\/div><\/div><\/div><\/div><\/div><\/div><\/div><\/div><\/div><\/div>\t\t\t\t\t\t\t\t<\/div>\n\t\t\t\t<\/div>\n\t\t\t\t<\/div>\n\t\t\t\t<\/div>\n\t\t<div class=\"elementor-element elementor-element-1775cc0 e-con-full e-flex e-con e-parent\" data-id=\"1775cc0\" data-element_type=\"container\">\n\t\t<div class=\"elementor-element elementor-element-e9df7f1 e-con-full e-flex e-con e-child\" data-id=\"e9df7f1\" data-element_type=\"container\">\n\t\t\t\t<div class=\"elementor-element elementor-element-c142965 elementor-widget elementor-widget-qi_addons_for_elementor_info_cards\" data-id=\"c142965\" data-element_type=\"widget\" data-widget_type=\"qi_addons_for_elementor_info_cards.default\">\n\t\t\t\t<div class=\"elementor-widget-container\">\n\t\t\t\t\t<div class=\"qodef-shortcode qodef-m qodef-qi-info-cards qodef-layout--top qodef--\">\n\t\t<div class=\"qodef-m-content\">\n\t\t\t<h5 class=\"qodef-m-subtitle\">\n\t\tQualit\u00e4t\t<\/h5>\n\t\t\t<h2 class=\"qodef-m-title\">\n\t\t\t\t\t<a itemprop=\"url\" href=\"\/de\/ueber-uns\/\" target=\"_self\">\n\t\t\t\t\tMADE IN GERMANY\t\t\t\t\t<\/a>\n\t\t\t<\/h2>\n\t\t\t<p class=\"qodef-m-text\">Alle Produkte der Firma Josef Bergs werden seit \u00fcber 50 Jahren im deutschen Werk in Kaufbeuren hergestellt. Seit jeher wird gro\u00dfen Wert auf konstant hohe Qualit\u00e4ts- und Produktionsstandards gelegt, um den Kunden das optimale Produkt anbieten zu k\u00f6nnen.<\/p>\n\t<\/div>\n\t\t<div class=\"qodef-m-button qodef-qi-clear\">\n\t\t<a class=\"qodef-shortcode qodef-m qodef-qi-button qodef-html--link qodef-layout--outlined qodef-type--icon-boxed qodef-size--small qodef-icon--right qodef-hover--icon-move-horizontal-short\" href=\"\/de\/ueber-uns\/\" target=\"_self\">\t<span class=\"qodef-m-text\">MEHR<\/span>\t<\/a>\t<\/div>\n\t<\/div>\n\t\t\t\t<\/div>\n\t\t\t\t<\/div>\n\t\t\t\t<\/div>\n\t\t<div class=\"elementor-element elementor-element-dbdd06f e-con-full e-flex e-con e-child\" data-id=\"dbdd06f\" data-element_type=\"container\">\n\t\t\t\t<div class=\"elementor-element elementor-element-7a207c1 elementor-widget elementor-widget-qi_addons_for_elementor_info_cards\" data-id=\"7a207c1\" data-element_type=\"widget\" data-widget_type=\"qi_addons_for_elementor_info_cards.default\">\n\t\t\t\t<div class=\"elementor-widget-container\">\n\t\t\t\t\t<div class=\"qodef-shortcode qodef-m qodef-qi-info-cards qodef-layout--top qodef--\">\n\t\t<div class=\"qodef-m-content\">\n\t\t\t<h5 class=\"qodef-m-subtitle\">\n\t\tIndividuelle Anfertigungent\t<\/h5>\n\t\t\t<h2 class=\"qodef-m-title\">\n\t\t\t\t\t<a itemprop=\"url\" href=\"\/de\/services\/\" target=\"_self\">\n\t\t\t\t\tUNSER SERVICE F\u00dcR SIE\t\t\t\t\t<\/a>\n\t\t\t<\/h2>\n\t\t\t<p class=\"qodef-m-text\">Ihre Kreativit\u00e4t, unser Know-how. Gemeinsam mit unseren Partnern vor Ort realisieren wir, auf Basis jahrzehntelanger Erfahrung, den f\u00fcr Sie passenden Band Verschluss. Nahezu nichts ist dabei unm\u00f6glich.\nGerne beraten wir Sie bei einem pers\u00f6nlichen Gespr\u00e4ch im Haus, per Telefon oder E-Mail.<\/p>\n\t<\/div>\n\t\t<div class=\"qodef-m-button qodef-qi-clear\">\n\t\t<a class=\"qodef-shortcode qodef-m qodef-qi-button qodef-html--link qodef-layout--outlined qodef-type--icon-boxed qodef-size--small qodef-icon--right qodef-hover--icon-move-horizontal-short\" href=\"\/de\/services\/\" target=\"_self\">\t<span class=\"qodef-m-text\">MEHR<\/span>\t<\/a>\t<\/div>\n\t<\/div>\n\t\t\t\t<\/div>\n\t\t\t\t<\/div>\n\t\t\t\t<\/div>\n\t\t<div class=\"elementor-element elementor-element-7825bf3 e-con-full e-flex e-con e-child\" data-id=\"7825bf3\" data-element_type=\"container\">\n\t\t\t\t<div class=\"elementor-element elementor-element-a334d5b elementor-widget elementor-widget-qi_addons_for_elementor_info_cards\" data-id=\"a334d5b\" data-element_type=\"widget\" data-widget_type=\"qi_addons_for_elementor_info_cards.default\">\n\t\t\t\t<div class=\"elementor-widget-container\">\n\t\t\t\t\t<div class=\"qodef-shortcode qodef-m qodef-qi-info-cards qodef-layout--top qodef--\">\n\t\t<div class=\"qodef-m-content\">\n\t\t\t<h5 class=\"qodef-m-subtitle\">\n\t\tZertifizierungen\t<\/h5>\n\t\t\t<h2 class=\"qodef-m-title\">\n\t\t\t\t\t<a itemprop=\"url\" href=\"\/de\/ueber-uns\/\" target=\"_self\">\n\t\t\t\t\tDIN EN 10204\t\t\t\t\t<\/a>\n\t\t\t<\/h2>\n\t\t\t<p class=\"qodef-m-text\">Zertifiziert nach DIN EN 10204 besteht das Rohmaterial mit ca. 85% gr\u00f6\u00dftenteils aus Kupfer. Um eine dauerhaft hohe Qualit\u00e4t zu gew\u00e4hrleisten, ist das Material zudem nach Oeko-Tex Standard 100 sowie nach der Clear Policy Declaration (CPD) der Firma Swarovski zertifiziert.<\/p>\n\t<\/div>\n\t\t<div class=\"qodef-m-button qodef-qi-clear\">\n\t\t<a class=\"qodef-shortcode qodef-m qodef-qi-button qodef-html--link qodef-layout--outlined qodef-type--icon-boxed qodef-size--small qodef-icon--right qodef-hover--icon-move-horizontal-short\" href=\"\/de\/ueber-uns\/\" target=\"_self\">\t<span class=\"qodef-m-text\">MEHR<\/span>\t<\/a>\t<\/div>\n\t<\/div>\n\t\t\t\t<\/div>\n\t\t\t\t<\/div>\n\t\t\t\t<\/div>\n\t\t\t\t<\/div>\n\t\t\t\t<\/div>\n\t\t","protected":false},"excerpt":{"rendered":"<p>Fass-Eisen, Fass-Stempel, Fass-Messer FASSWERKZEUG F\u00dcR KESSEL UND STEINFASSUNGEN MIT KRALLEN Fasseisen, Fassstempel, Fassmesser und weitere Werkzeuge Neben der Auswahl des Strasssteins und der dazugeh\u00f6rigen Krallenkessel, kommt dem passenden Fasswerkzeug eine ebenso wichtige Bedeutung zu. Denn nur mit dem richtigen Werkzeug k\u00f6nnen Sie die Krappenkessel m\u00fchelos und schnell, ohne Qualit\u00e4tsverluste der einzelnen Komponenten, optimal weiterverarbeiten. Um [&hellip;]<\/p>\n","protected":false},"author":1,"featured_media":0,"parent":444,"menu_order":0,"comment_status":"closed","ping_status":"closed","template":"","meta":{"footnotes":""},"categories":[40],"tags":[],"class_list":["post-701","page","type-page","status-publish","hentry","category-steinfassungen"],"yoast_head":"<!-- This site is optimized with the Yoast SEO plugin v24.4 - https:\/\/yoast.com\/wordpress\/plugins\/seo\/ -->\n<title>Werkzeuge zum Fassen - Josef Bergs DE<\/title>\n<meta name=\"robots\" content=\"noindex, follow, max-snippet:-1, max-image-preview:large, max-video-preview:-1\" \/>\n<meta property=\"og:locale\" content=\"de_DE\" \/>\n<meta property=\"og:type\" content=\"article\" \/>\n<meta property=\"og:title\" content=\"Werkzeuge zum Fassen - Josef Bergs DE\" \/>\n<meta property=\"og:description\" content=\"Fass-Eisen, Fass-Stempel, Fass-Messer FASSWERKZEUG F\u00dcR KESSEL UND STEINFASSUNGEN MIT KRALLEN Fasseisen, Fassstempel, Fassmesser und weitere Werkzeuge Neben der Auswahl des Strasssteins und der dazugeh\u00f6rigen Krallenkessel, kommt dem passenden Fasswerkzeug eine ebenso wichtige Bedeutung zu. Denn nur mit dem richtigen Werkzeug k\u00f6nnen Sie die Krappenkessel m\u00fchelos und schnell, ohne Qualit\u00e4tsverluste der einzelnen Komponenten, optimal weiterverarbeiten. Um [&hellip;]\" \/>\n<meta property=\"og:url\" content=\"https:\/\/www.josefbergs.com\/de\/klebefassungen\/fasswerkzeug\/\" \/>\n<meta property=\"og:site_name\" content=\"Josef Bergs DE\" \/>\n<meta property=\"article:modified_time\" content=\"2025-06-07T21:37:09+00:00\" \/>\n<meta property=\"og:image\" content=\"https:\/\/www.josefbergs.com\/de\/wp-content\/uploads\/sites\/2\/2025\/05\/visual-stamping-tools-1.jpg\" \/>\n<meta name=\"twitter:card\" content=\"summary_large_image\" \/>\n<meta name=\"twitter:label1\" content=\"Gesch\u00e4tzte Lesezeit\" \/>\n\t<meta name=\"twitter:data1\" content=\"2\u00a0Minuten\" \/>\n<script type=\"application\/ld+json\" class=\"yoast-schema-graph\">{\"@context\":\"https:\/\/schema.org\",\"@graph\":[{\"@type\":\"WebPage\",\"@id\":\"https:\/\/www.josefbergs.com\/de\/klebefassungen\/fasswerkzeug\/\",\"url\":\"https:\/\/www.josefbergs.com\/de\/klebefassungen\/fasswerkzeug\/\",\"name\":\"Werkzeuge zum Fassen - Josef Bergs DE\",\"isPartOf\":{\"@id\":\"https:\/\/www.josefbergs.com\/de\/#website\"},\"primaryImageOfPage\":{\"@id\":\"https:\/\/www.josefbergs.com\/de\/klebefassungen\/fasswerkzeug\/#primaryimage\"},\"image\":{\"@id\":\"https:\/\/www.josefbergs.com\/de\/klebefassungen\/fasswerkzeug\/#primaryimage\"},\"thumbnailUrl\":\"https:\/\/www.josefbergs.com\/de\/wp-content\/uploads\/sites\/2\/2025\/05\/visual-stamping-tools-1.jpg\",\"datePublished\":\"2025-05-14T13:58:49+00:00\",\"dateModified\":\"2025-06-07T21:37:09+00:00\",\"breadcrumb\":{\"@id\":\"https:\/\/www.josefbergs.com\/de\/klebefassungen\/fasswerkzeug\/#breadcrumb\"},\"inLanguage\":\"de\",\"potentialAction\":[{\"@type\":\"ReadAction\",\"target\":[\"https:\/\/www.josefbergs.com\/de\/klebefassungen\/fasswerkzeug\/\"]}]},{\"@type\":\"ImageObject\",\"inLanguage\":\"de\",\"@id\":\"https:\/\/www.josefbergs.com\/de\/klebefassungen\/fasswerkzeug\/#primaryimage\",\"url\":\"https:\/\/www.josefbergs.com\/de\/wp-content\/uploads\/sites\/2\/2025\/05\/visual-stamping-tools-1.jpg\",\"contentUrl\":\"https:\/\/www.josefbergs.com\/de\/wp-content\/uploads\/sites\/2\/2025\/05\/visual-stamping-tools-1.jpg\",\"width\":1210,\"height\":410,\"caption\":\"Fasswerkzeuge\"},{\"@type\":\"BreadcrumbList\",\"@id\":\"https:\/\/www.josefbergs.com\/de\/klebefassungen\/fasswerkzeug\/#breadcrumb\",\"itemListElement\":[{\"@type\":\"ListItem\",\"position\":1,\"name\":\"Home\",\"item\":\"https:\/\/www.josefbergs.com\/de\/\"},{\"@type\":\"ListItem\",\"position\":2,\"name\":\"Klebefassungen &#8211; Steinfassungen zum kleben\",\"item\":\"https:\/\/www.josefbergs.com\/de\/klebefassungen\/\"},{\"@type\":\"ListItem\",\"position\":3,\"name\":\"Werkzeuge zum Fassen\"}]},{\"@type\":\"WebSite\",\"@id\":\"https:\/\/www.josefbergs.com\/de\/#website\",\"url\":\"https:\/\/www.josefbergs.com\/de\/\",\"name\":\"Josef Bergs DE\",\"description\":\"The Original Metal Findings\",\"publisher\":{\"@id\":\"https:\/\/www.josefbergs.com\/de\/#organization\"},\"potentialAction\":[{\"@type\":\"SearchAction\",\"target\":{\"@type\":\"EntryPoint\",\"urlTemplate\":\"https:\/\/www.josefbergs.com\/de\/?s={search_term_string}\"},\"query-input\":{\"@type\":\"PropertyValueSpecification\",\"valueRequired\":true,\"valueName\":\"search_term_string\"}}],\"inLanguage\":\"de\"},{\"@type\":\"Organization\",\"@id\":\"https:\/\/www.josefbergs.com\/de\/#organization\",\"name\":\"Josef Bergs DE\",\"url\":\"https:\/\/www.josefbergs.com\/de\/\",\"logo\":{\"@type\":\"ImageObject\",\"inLanguage\":\"de\",\"@id\":\"https:\/\/www.josefbergs.com\/de\/#\/schema\/logo\/image\/\",\"url\":\"https:\/\/www.josefbergs.com\/de\/wp-content\/uploads\/sites\/2\/2025\/04\/josef-bergs-logo.png\",\"contentUrl\":\"https:\/\/www.josefbergs.com\/de\/wp-content\/uploads\/sites\/2\/2025\/04\/josef-bergs-logo.png\",\"width\":218,\"height\":82,\"caption\":\"Josef Bergs DE\"},\"image\":{\"@id\":\"https:\/\/www.josefbergs.com\/de\/#\/schema\/logo\/image\/\"}}]}<\/script>\n<!-- \/ Yoast SEO plugin. -->","yoast_head_json":{"title":"Werkzeuge zum Fassen - Josef Bergs DE","robots":{"index":"noindex","follow":"follow","max-snippet":"max-snippet:-1","max-image-preview":"max-image-preview:large","max-video-preview":"max-video-preview:-1"},"og_locale":"de_DE","og_type":"article","og_title":"Werkzeuge zum Fassen - Josef Bergs DE","og_description":"Fass-Eisen, Fass-Stempel, Fass-Messer FASSWERKZEUG F\u00dcR KESSEL UND STEINFASSUNGEN MIT KRALLEN Fasseisen, Fassstempel, Fassmesser und weitere Werkzeuge Neben der Auswahl des Strasssteins und der dazugeh\u00f6rigen Krallenkessel, kommt dem passenden Fasswerkzeug eine ebenso wichtige Bedeutung zu. Denn nur mit dem richtigen Werkzeug k\u00f6nnen Sie die Krappenkessel m\u00fchelos und schnell, ohne Qualit\u00e4tsverluste der einzelnen Komponenten, optimal weiterverarbeiten. Um [&hellip;]","og_url":"https:\/\/www.josefbergs.com\/de\/klebefassungen\/fasswerkzeug\/","og_site_name":"Josef Bergs DE","article_modified_time":"2025-06-07T21:37:09+00:00","og_image":[{"url":"https:\/\/www.josefbergs.com\/de\/wp-content\/uploads\/sites\/2\/2025\/05\/visual-stamping-tools-1.jpg","type":"","width":"","height":""}],"twitter_card":"summary_large_image","twitter_misc":{"Gesch\u00e4tzte Lesezeit":"2\u00a0Minuten"},"schema":{"@context":"https:\/\/schema.org","@graph":[{"@type":"WebPage","@id":"https:\/\/www.josefbergs.com\/de\/klebefassungen\/fasswerkzeug\/","url":"https:\/\/www.josefbergs.com\/de\/klebefassungen\/fasswerkzeug\/","name":"Werkzeuge zum Fassen - Josef Bergs DE","isPartOf":{"@id":"https:\/\/www.josefbergs.com\/de\/#website"},"primaryImageOfPage":{"@id":"https:\/\/www.josefbergs.com\/de\/klebefassungen\/fasswerkzeug\/#primaryimage"},"image":{"@id":"https:\/\/www.josefbergs.com\/de\/klebefassungen\/fasswerkzeug\/#primaryimage"},"thumbnailUrl":"https:\/\/www.josefbergs.com\/de\/wp-content\/uploads\/sites\/2\/2025\/05\/visual-stamping-tools-1.jpg","datePublished":"2025-05-14T13:58:49+00:00","dateModified":"2025-06-07T21:37:09+00:00","breadcrumb":{"@id":"https:\/\/www.josefbergs.com\/de\/klebefassungen\/fasswerkzeug\/#breadcrumb"},"inLanguage":"de","potentialAction":[{"@type":"ReadAction","target":["https:\/\/www.josefbergs.com\/de\/klebefassungen\/fasswerkzeug\/"]}]},{"@type":"ImageObject","inLanguage":"de","@id":"https:\/\/www.josefbergs.com\/de\/klebefassungen\/fasswerkzeug\/#primaryimage","url":"https:\/\/www.josefbergs.com\/de\/wp-content\/uploads\/sites\/2\/2025\/05\/visual-stamping-tools-1.jpg","contentUrl":"https:\/\/www.josefbergs.com\/de\/wp-content\/uploads\/sites\/2\/2025\/05\/visual-stamping-tools-1.jpg","width":1210,"height":410,"caption":"Fasswerkzeuge"},{"@type":"BreadcrumbList","@id":"https:\/\/www.josefbergs.com\/de\/klebefassungen\/fasswerkzeug\/#breadcrumb","itemListElement":[{"@type":"ListItem","position":1,"name":"Home","item":"https:\/\/www.josefbergs.com\/de\/"},{"@type":"ListItem","position":2,"name":"Klebefassungen &#8211; Steinfassungen zum kleben","item":"https:\/\/www.josefbergs.com\/de\/klebefassungen\/"},{"@type":"ListItem","position":3,"name":"Werkzeuge zum Fassen"}]},{"@type":"WebSite","@id":"https:\/\/www.josefbergs.com\/de\/#website","url":"https:\/\/www.josefbergs.com\/de\/","name":"Josef Bergs DE","description":"The Original Metal Findings","publisher":{"@id":"https:\/\/www.josefbergs.com\/de\/#organization"},"potentialAction":[{"@type":"SearchAction","target":{"@type":"EntryPoint","urlTemplate":"https:\/\/www.josefbergs.com\/de\/?s={search_term_string}"},"query-input":{"@type":"PropertyValueSpecification","valueRequired":true,"valueName":"search_term_string"}}],"inLanguage":"de"},{"@type":"Organization","@id":"https:\/\/www.josefbergs.com\/de\/#organization","name":"Josef Bergs DE","url":"https:\/\/www.josefbergs.com\/de\/","logo":{"@type":"ImageObject","inLanguage":"de","@id":"https:\/\/www.josefbergs.com\/de\/#\/schema\/logo\/image\/","url":"https:\/\/www.josefbergs.com\/de\/wp-content\/uploads\/sites\/2\/2025\/04\/josef-bergs-logo.png","contentUrl":"https:\/\/www.josefbergs.com\/de\/wp-content\/uploads\/sites\/2\/2025\/04\/josef-bergs-logo.png","width":218,"height":82,"caption":"Josef Bergs DE"},"image":{"@id":"https:\/\/www.josefbergs.com\/de\/#\/schema\/logo\/image\/"}}]}},"_links":{"self":[{"href":"https:\/\/www.josefbergs.com\/de\/wp-json\/wp\/v2\/pages\/701","targetHints":{"allow":["GET"]}}],"collection":[{"href":"https:\/\/www.josefbergs.com\/de\/wp-json\/wp\/v2\/pages"}],"about":[{"href":"https:\/\/www.josefbergs.com\/de\/wp-json\/wp\/v2\/types\/page"}],"author":[{"embeddable":true,"href":"https:\/\/www.josefbergs.com\/de\/wp-json\/wp\/v2\/users\/1"}],"replies":[{"embeddable":true,"href":"https:\/\/www.josefbergs.com\/de\/wp-json\/wp\/v2\/comments?post=701"}],"version-history":[{"count":8,"href":"https:\/\/www.josefbergs.com\/de\/wp-json\/wp\/v2\/pages\/701\/revisions"}],"predecessor-version":[{"id":1424,"href":"https:\/\/www.josefbergs.com\/de\/wp-json\/wp\/v2\/pages\/701\/revisions\/1424"}],"up":[{"embeddable":true,"href":"https:\/\/www.josefbergs.com\/de\/wp-json\/wp\/v2\/pages\/444"}],"wp:attachment":[{"href":"https:\/\/www.josefbergs.com\/de\/wp-json\/wp\/v2\/media?parent=701"}],"wp:term":[{"taxonomy":"category","embeddable":true,"href":"https:\/\/www.josefbergs.com\/de\/wp-json\/wp\/v2\/categories?post=701"},{"taxonomy":"post_tag","embeddable":true,"href":"https:\/\/www.josefbergs.com\/de\/wp-json\/wp\/v2\/tags?post=701"}],"curies":[{"name":"wp","href":"https:\/\/api.w.org\/{rel}","templated":true}]}}