{"id":1022,"date":"2025-05-31T00:01:15","date_gmt":"2025-05-30T22:01:15","guid":{"rendered":"https:\/\/www.josefbergs.com\/en\/?page_id=1022"},"modified":"2025-06-04T13:54:56","modified_gmt":"2025-06-04T11:54:56","slug":"news","status":"publish","type":"page","link":"https:\/\/www.josefbergs.com\/en\/news\/","title":{"rendered":"News"},"content":{"rendered":"\t\t<div data-elementor-type=\"wp-page\" data-elementor-id=\"1022\" class=\"elementor elementor-1022\">\n\t\t\t\t<div class=\"elementor-element elementor-element-fd03b59 e-con-full e-flex e-con e-parent\" data-id=\"fd03b59\" data-element_type=\"container\">\n\t\t\t\t<div class=\"elementor-element elementor-element-d971fba elementor-widget elementor-widget-qi_addons_for_elementor_blog_list\" data-id=\"d971fba\" data-element_type=\"widget\" data-widget_type=\"qi_addons_for_elementor_blog_list.default\">\n\t\t\t\t<div class=\"elementor-widget-container\">\n\t\t\t\t\t<div class=\"qodef-shortcode qodef-m qodef-addons-blog-list qodef--list qodef-info-no-icons qodef-image--hover-zoom qodef-qi-grid qodef-layout--qi-columns qodef-col-num--4 qodef-item-layout--standard qodef-responsive--predefined\" >\n\t<div class=\"qodef-grid-inner\">\n\t\t<article class=\"qodef-e qodef-blog-item qodef-grid-item qodef-item--square post-1227 post type-post status-publish format-standard has-post-thumbnail hentry category-innovations category-inspiration category-news category-settings-stampings tag-buttons-knobs tag-traditional-costumes tag-traditional-fashion\">\n\t<div class=\"qodef-e-inner\">\n\t\t<div class=\"qodef-e-media\">\n\t\t<div class=\"qodef-e-media-image\">\n\t\t<a itemprop=\"url\" href=\"https:\/\/www.josefbergs.com\/en\/new-variety-of-stampings-for-jewelry-and-fashion\/\">\n\t\t\t<img fetchpriority=\"high\" decoding=\"async\" width=\"650\" height=\"650\" src=\"https:\/\/www.josefbergs.com\/en\/wp-content\/uploads\/sites\/3\/2024\/10\/jb-blog-stamping-news-650x650.jpg\" class=\"attachment-qi_addons_for_elementor_image_size_square size-qi_addons_for_elementor_image_size_square\" alt=\"Stamping Innovations\" srcset=\"https:\/\/www.josefbergs.com\/en\/wp-content\/uploads\/sites\/3\/2024\/10\/jb-blog-stamping-news-650x650.jpg 650w, https:\/\/www.josefbergs.com\/en\/wp-content\/uploads\/sites\/3\/2024\/10\/jb-blog-stamping-news-300x300.jpg 300w, https:\/\/www.josefbergs.com\/en\/wp-content\/uploads\/sites\/3\/2024\/10\/jb-blog-stamping-news-150x150.jpg 150w, https:\/\/www.josefbergs.com\/en\/wp-content\/uploads\/sites\/3\/2024\/10\/jb-blog-stamping-news-768x768.jpg 768w, https:\/\/www.josefbergs.com\/en\/wp-content\/uploads\/sites\/3\/2024\/10\/jb-blog-stamping-news.jpg 820w\" sizes=\"(max-width: 650px) 100vw, 650px\" \/>\t\t<\/a>\n\t\t\t<\/div>\n<\/div>\n\t\t<div class=\"qodef-e-content\">\n\t\t\t\t\t\t<div class=\"qodef-e-text\">\n\t\t\t\t<h5 itemprop=\"name\" class=\"qodef-e-title entry-title\">\n\t<a itemprop=\"url\" class=\"qodef-e-title-link\" href=\"https:\/\/www.josefbergs.com\/en\/new-variety-of-stampings-for-jewelry-and-fashion\/\">\n\t\tNew Variety of Stampings for Jewelry &#038; Fashion\t<\/a>\n<\/h5>\n\t\t<p itemprop=\"description\" class=\"qodef-e-excerpt\">\n\t\t\tJosef Bergs Brings Classic Embossed Parts Back into the Range: Diverse New Products for Jewelry Enthusiasts As a renowned company in the field of jewelry embossing and delicate emb\t\t<\/p>\n\t\t\t\t<\/div>\n\t\t\t\t\t<\/div>\n\t<\/div>\n<\/article>\n<article class=\"qodef-e qodef-blog-item qodef-grid-item qodef-item--square post-1206 post type-post status-publish format-standard has-post-thumbnail hentry category-general category-innovations category-inspiration category-news category-settings-stampings tag-blanks tag-company-acquisition tag-galvanizing tag-jewellery-accessories tag-jewelry-galleries tag-metal-collection tag-meter-goods tag-patterns tag-ring-blanks tag-spitschan tag-stamped-parts\">\n\t<div class=\"qodef-e-inner\">\n\t\t<div class=\"qodef-e-media\">\n\t\t<div class=\"qodef-e-media-image\">\n\t\t<a itemprop=\"url\" href=\"https:\/\/www.josefbergs.com\/en\/in-good-hands-bergs-continue-the-franz-spitschan-metal-jewelry-collection\/\">\n\t\t\t<img decoding=\"async\" width=\"650\" height=\"650\" src=\"https:\/\/www.josefbergs.com\/en\/wp-content\/uploads\/sites\/3\/2020\/08\/IMG_1861.HEIC_-650x650.jpg\" class=\"attachment-qi_addons_for_elementor_image_size_square size-qi_addons_for_elementor_image_size_square\" alt=\"Franz Spitschan\" srcset=\"https:\/\/www.josefbergs.com\/en\/wp-content\/uploads\/sites\/3\/2020\/08\/IMG_1861.HEIC_-650x650.jpg 650w, https:\/\/www.josefbergs.com\/en\/wp-content\/uploads\/sites\/3\/2020\/08\/IMG_1861.HEIC_-150x150.jpg 150w\" sizes=\"(max-width: 650px) 100vw, 650px\" \/>\t\t<\/a>\n\t\t\t<\/div>\n<\/div>\n\t\t<div class=\"qodef-e-content\">\n\t\t\t\t\t\t<div class=\"qodef-e-text\">\n\t\t\t\t<h5 itemprop=\"name\" class=\"qodef-e-title entry-title\">\n\t<a itemprop=\"url\" class=\"qodef-e-title-link\" href=\"https:\/\/www.josefbergs.com\/en\/in-good-hands-bergs-continue-the-franz-spitschan-metal-jewelry-collection\/\">\n\t\tIn good hands \u2013 Bergs continue a wide range of the Franz Spitschan metal finding collection\t<\/a>\n<\/h5>\n\t\t<p itemprop=\"description\" class=\"qodef-e-excerpt\">\n\t\t\tJosef Bergs Brings Classic Embossed Parts Back into the Range: Diverse New Products for Jewelry Enthusiasts Josef Bergs has acquired large parts of the Franz Spitschan metalware co\t\t<\/p>\n\t\t\t\t<\/div>\n\t\t\t\t\t<\/div>\n\t<\/div>\n<\/article>\n<article class=\"qodef-e qodef-blog-item qodef-grid-item qodef-item--square post-1197 post type-post status-publish format-standard has-post-thumbnail hentry category-general category-innovations category-inspiration category-news category-settings-stampings tag-bead-caps tag-clasps tag-frames tag-hillebrand tag-jewelry-stamping-items tag-loops tag-metal-collection tag-needles tag-needling tag-pins tag-rings tag-wire-bending-parts\">\n\t<div class=\"qodef-e-inner\">\n\t\t<div class=\"qodef-e-media\">\n\t\t<div class=\"qodef-e-media-image\">\n\t\t<a itemprop=\"url\" href=\"https:\/\/www.josefbergs.com\/en\/continuation-of-the-hillebrand-jewelry-metal-production\/\">\n\t\t\t<img decoding=\"async\" width=\"650\" height=\"650\" src=\"https:\/\/www.josefbergs.com\/en\/wp-content\/uploads\/sites\/3\/2020\/04\/Banner-Newsbeitrag-650x650.jpg\" class=\"attachment-qi_addons_for_elementor_image_size_square size-qi_addons_for_elementor_image_size_square\" alt=\"Hillebrand\" srcset=\"https:\/\/www.josefbergs.com\/en\/wp-content\/uploads\/sites\/3\/2020\/04\/Banner-Newsbeitrag-650x650.jpg 650w, https:\/\/www.josefbergs.com\/en\/wp-content\/uploads\/sites\/3\/2020\/04\/Banner-Newsbeitrag-150x150.jpg 150w\" sizes=\"(max-width: 650px) 100vw, 650px\" \/>\t\t<\/a>\n\t\t\t<\/div>\n<\/div>\n\t\t<div class=\"qodef-e-content\">\n\t\t\t\t\t\t<div class=\"qodef-e-text\">\n\t\t\t\t<h5 itemprop=\"name\" class=\"qodef-e-title entry-title\">\n\t<a itemprop=\"url\" class=\"qodef-e-title-link\" href=\"https:\/\/www.josefbergs.com\/en\/continuation-of-the-hillebrand-jewelry-metal-production\/\">\n\t\tContinuation of the Hillebrand jewelry metal production\t<\/a>\n<\/h5>\n\t\t<p itemprop=\"description\" class=\"qodef-e-excerpt\">\n\t\t\tPreserving Knowledge and Craftsmanship \u2013 Parts of the Metalware Collection Acquired by Josef Bergs GmbH The company Hillebrand, founded in 1927 in Gablonz an der Neisse, had to c\t\t<\/p>\n\t\t\t\t<\/div>\n\t\t\t\t\t<\/div>\n\t<\/div>\n<\/article>\n<article class=\"qodef-e qodef-blog-item qodef-grid-item qodef-item--square post-1182 post type-post status-publish format-standard has-post-thumbnail hentry category-frames category-frames-for-gluing category-innovations category-news tag-glue-in-settings\">\n\t<div class=\"qodef-e-inner\">\n\t\t<div class=\"qodef-e-media\">\n\t\t<div class=\"qodef-e-media-image\">\n\t\t<a itemprop=\"url\" href=\"https:\/\/www.josefbergs.com\/en\/new-glue-in-settings-for-swarovski-inspirations-time-to-shine-ss2021-love-all-fw2020-2021\/\">\n\t\t\t<img loading=\"lazy\" decoding=\"async\" width=\"650\" height=\"650\" src=\"https:\/\/www.josefbergs.com\/en\/wp-content\/uploads\/sites\/3\/2020\/02\/JB_gluing-setting-SW_ss2021-650x650.jpg\" class=\"attachment-qi_addons_for_elementor_image_size_square size-qi_addons_for_elementor_image_size_square\" alt=\"Gue-in Settings Swarovski\" srcset=\"https:\/\/www.josefbergs.com\/en\/wp-content\/uploads\/sites\/3\/2020\/02\/JB_gluing-setting-SW_ss2021-650x650.jpg 650w, https:\/\/www.josefbergs.com\/en\/wp-content\/uploads\/sites\/3\/2020\/02\/JB_gluing-setting-SW_ss2021-150x150.jpg 150w\" sizes=\"(max-width: 650px) 100vw, 650px\" \/>\t\t<\/a>\n\t\t\t<\/div>\n<\/div>\n\t\t<div class=\"qodef-e-content\">\n\t\t\t\t\t\t<div class=\"qodef-e-text\">\n\t\t\t\t<h5 itemprop=\"name\" class=\"qodef-e-title entry-title\">\n\t<a itemprop=\"url\" class=\"qodef-e-title-link\" href=\"https:\/\/www.josefbergs.com\/en\/new-glue-in-settings-for-swarovski-inspirations-time-to-shine-ss2021-love-all-fw2020-2021\/\">\n\t\tNew Glue in Settings for Swarovski Inspirations Time To Shine SS2021 &#038; Love All FW2020\/2021\t<\/a>\n<\/h5>\n\t\t<p itemprop=\"description\" class=\"qodef-e-excerpt\">\n\t\t\tNew Products: Glue-In Settings for Swarovski Crystals 1400, 4162, 4460, 4483, and 4683 Just in time for the launch of the Swarovski product innovations from the brand-new \u201cTime t\t\t<\/p>\n\t\t\t\t<\/div>\n\t\t\t\t\t<\/div>\n\t<\/div>\n<\/article>\n<article class=\"qodef-e qodef-blog-item qodef-grid-item qodef-item--square post-1158 post type-post status-publish format-standard has-post-thumbnail hentry category-frames category-innovations category-news category-prong-settings tag-prong-settings\">\n\t<div class=\"qodef-e-inner\">\n\t\t<div class=\"qodef-e-media\">\n\t\t<div class=\"qodef-e-media-image\">\n\t\t<a itemprop=\"url\" href=\"https:\/\/www.josefbergs.com\/en\/prong-setting-for-swarovski-4595-elongated-imperial-fancy-stone\/\">\n\t\t\t<img loading=\"lazy\" decoding=\"async\" width=\"650\" height=\"650\" src=\"https:\/\/www.josefbergs.com\/en\/wp-content\/uploads\/sites\/3\/2020\/02\/JB_prong-setting-SW1595_ss2021-650x650.jpg\" class=\"attachment-qi_addons_for_elementor_image_size_square size-qi_addons_for_elementor_image_size_square\" alt=\"Prong Settings Swarovski\" srcset=\"https:\/\/www.josefbergs.com\/en\/wp-content\/uploads\/sites\/3\/2020\/02\/JB_prong-setting-SW1595_ss2021-650x650.jpg 650w, https:\/\/www.josefbergs.com\/en\/wp-content\/uploads\/sites\/3\/2020\/02\/JB_prong-setting-SW1595_ss2021-150x150.jpg 150w\" sizes=\"(max-width: 650px) 100vw, 650px\" \/>\t\t<\/a>\n\t\t\t<\/div>\n<\/div>\n\t\t<div class=\"qodef-e-content\">\n\t\t\t\t\t\t<div class=\"qodef-e-text\">\n\t\t\t\t<h5 itemprop=\"name\" class=\"qodef-e-title entry-title\">\n\t<a itemprop=\"url\" class=\"qodef-e-title-link\" href=\"https:\/\/www.josefbergs.com\/en\/prong-setting-for-swarovski-4595-elongated-imperial-fancy-stone\/\">\n\t\tProng Setting for Swarovski 4595 Elongated Imperial Fancy Stone of the Collection \u201cLove All\u201d\t<\/a>\n<\/h5>\n\t\t<p itemprop=\"description\" class=\"qodef-e-excerpt\">\n\t\t\tNew Product: Prong Setting for the Swarovski Crystal 4595 Elongated Imperial Fancy Stone In addition to the new Josef Bergs glue in settings for new Swarovski products from the \u201c\t\t<\/p>\n\t\t\t\t<\/div>\n\t\t\t\t\t<\/div>\n\t<\/div>\n<\/article>\n<article class=\"qodef-e qodef-blog-item qodef-grid-item qodef-item--square post-1070 post type-post status-publish format-standard has-post-thumbnail hentry category-innovations tag-josef-bergs\">\n\t<div class=\"qodef-e-inner\">\n\t\t<div class=\"qodef-e-media\">\n\t\t<div class=\"qodef-e-media-image\">\n\t\t<a itemprop=\"url\" href=\"https:\/\/www.josefbergs.com\/en\/degreased-and-polished-the-new-generation-of-settings\/\">\n\t\t\t<img loading=\"lazy\" decoding=\"async\" width=\"650\" height=\"650\" src=\"https:\/\/www.josefbergs.com\/en\/wp-content\/uploads\/sites\/3\/2025\/05\/Kessel-entfetten-und-polieren-650x650.jpg\" class=\"attachment-qi_addons_for_elementor_image_size_square size-qi_addons_for_elementor_image_size_square\" alt=\"Frame Innovations\" srcset=\"https:\/\/www.josefbergs.com\/en\/wp-content\/uploads\/sites\/3\/2025\/05\/Kessel-entfetten-und-polieren-650x650.jpg 650w, https:\/\/www.josefbergs.com\/en\/wp-content\/uploads\/sites\/3\/2025\/05\/Kessel-entfetten-und-polieren-150x150.jpg 150w\" sizes=\"(max-width: 650px) 100vw, 650px\" \/>\t\t<\/a>\n\t\t\t<\/div>\n<\/div>\n\t\t<div class=\"qodef-e-content\">\n\t\t\t\t\t\t<div class=\"qodef-e-text\">\n\t\t\t\t<h5 itemprop=\"name\" class=\"qodef-e-title entry-title\">\n\t<a itemprop=\"url\" class=\"qodef-e-title-link\" href=\"https:\/\/www.josefbergs.com\/en\/degreased-and-polished-the-new-generation-of-settings\/\">\n\t\tDegreased and Polished \u2013 The New Generation of Settings\t<\/a>\n<\/h5>\n\t\t<p itemprop=\"description\" class=\"qodef-e-excerpt\">\n\t\t\tTo further improve the quality of our settings, we optimized our manufacturing process at the beginning of April. In addition to our existing production method, our settings now un\t\t<\/p>\n\t\t\t\t<\/div>\n\t\t\t\t\t<\/div>\n\t<\/div>\n<\/article>\n<article class=\"qodef-e qodef-blog-item qodef-grid-item qodef-item--square post-1064 post type-post status-publish format-standard has-post-thumbnail hentry category-news tag-josef-bergs\">\n\t<div class=\"qodef-e-inner\">\n\t\t<div class=\"qodef-e-media\">\n\t\t<div class=\"qodef-e-media-image\">\n\t\t<a itemprop=\"url\" href=\"https:\/\/www.josefbergs.com\/en\/new-josef-bergs-website-is-online\/\">\n\t\t\t<img loading=\"lazy\" decoding=\"async\" width=\"650\" height=\"610\" src=\"https:\/\/www.josefbergs.com\/en\/wp-content\/uploads\/sites\/3\/2018\/06\/josef-bergs-website-650x610.jpg\" class=\"attachment-qi_addons_for_elementor_image_size_square size-qi_addons_for_elementor_image_size_square\" alt=\"Josef Bergs Website\" \/>\t\t<\/a>\n\t\t\t<\/div>\n<\/div>\n\t\t<div class=\"qodef-e-content\">\n\t\t\t\t\t\t<div class=\"qodef-e-text\">\n\t\t\t\t<h5 itemprop=\"name\" class=\"qodef-e-title entry-title\">\n\t<a itemprop=\"url\" class=\"qodef-e-title-link\" href=\"https:\/\/www.josefbergs.com\/en\/new-josef-bergs-website-is-online\/\">\n\t\tNew Josef Bergs Website is online\t<\/a>\n<\/h5>\n\t\t<p itemprop=\"description\" class=\"qodef-e-excerpt\">\n\t\t\tThe time has finally come! Our new website is now online for you. Whether on mobile devices or on stationary desktop monitors you will receive a comprehensive overview of our compa\t\t<\/p>\n\t\t\t\t<\/div>\n\t\t\t\t\t<\/div>\n\t<\/div>\n<\/article>\n\t<\/div>\n\t<\/div>\n\t\t\t\t<\/div>\n\t\t\t\t<\/div>\n\t\t\t\t<\/div>\n\t\t\t\t<\/div>\n\t\t","protected":false},"excerpt":{"rendered":"<p>Neue Vielfalt an Pr\u00e4geteilen f\u00fcr Schmuck &#038; Mode Josef Bergs bringt klassische Pr\u00e4geteile zur\u00fcck ins Programm: Vielf\u00e4ltige Neuheiten f\u00fcr Schmuckliebhaber Als renommiertes Unternehmen im Bereich der Schmuckpr\u00e4gungen und filig In guten H\u00e4nden \u2013 Bergs \u00fcbernimmt einen Gro\u00dfteil der Franz Spitschan Metallschmuckkollektion Nachfolge aus Leidenschaft &#8211; Bergs als Beh\u00fcter traditoneller gablonzer Metallwaren Die Firma Josef Bergs [&hellip;]<\/p>\n","protected":false},"author":1,"featured_media":0,"parent":0,"menu_order":0,"comment_status":"closed","ping_status":"closed","template":"","meta":{"footnotes":""},"categories":[],"tags":[],"class_list":["post-1022","page","type-page","status-publish","hentry"],"yoast_head":"<!-- This site is optimized with the Yoast SEO plugin v24.4 - https:\/\/yoast.com\/wordpress\/plugins\/seo\/ -->\n<title>News - Josef Bergs EN<\/title>\n<meta name=\"robots\" content=\"noindex, follow, max-snippet:-1, max-image-preview:large, max-video-preview:-1\" \/>\n<meta property=\"og:locale\" content=\"en_US\" \/>\n<meta property=\"og:type\" content=\"article\" \/>\n<meta property=\"og:title\" content=\"News - Josef Bergs EN\" \/>\n<meta property=\"og:description\" content=\"Neue Vielfalt an Pr\u00e4geteilen f\u00fcr Schmuck &#038; Mode Josef Bergs bringt klassische Pr\u00e4geteile zur\u00fcck ins Programm: Vielf\u00e4ltige Neuheiten f\u00fcr Schmuckliebhaber Als renommiertes Unternehmen im Bereich der Schmuckpr\u00e4gungen und filig In guten H\u00e4nden \u2013 Bergs \u00fcbernimmt einen Gro\u00dfteil der Franz Spitschan Metallschmuckkollektion Nachfolge aus Leidenschaft &#8211; Bergs als Beh\u00fcter traditoneller gablonzer Metallwaren Die Firma Josef Bergs [&hellip;]\" \/>\n<meta property=\"og:url\" content=\"https:\/\/www.josefbergs.com\/en\/news\/\" \/>\n<meta property=\"og:site_name\" content=\"Josef Bergs EN\" \/>\n<meta property=\"article:modified_time\" content=\"2025-06-04T11:54:56+00:00\" \/>\n<meta property=\"og:image\" content=\"https:\/\/www.josefbergs.com\/en\/wp-content\/uploads\/sites\/2\/2024\/10\/jb-blog-stamping-news-650x650.jpg\" \/>\n<meta name=\"twitter:card\" content=\"summary_large_image\" \/>\n<meta name=\"twitter:label1\" content=\"Est. reading time\" \/>\n\t<meta name=\"twitter:data1\" content=\"4 minutes\" \/>\n<script type=\"application\/ld+json\" class=\"yoast-schema-graph\">{\"@context\":\"https:\/\/schema.org\",\"@graph\":[{\"@type\":\"WebPage\",\"@id\":\"https:\/\/www.josefbergs.com\/en\/news\/\",\"url\":\"https:\/\/www.josefbergs.com\/en\/news\/\",\"name\":\"News - Josef Bergs EN\",\"isPartOf\":{\"@id\":\"https:\/\/www.josefbergs.com\/en\/#website\"},\"primaryImageOfPage\":{\"@id\":\"https:\/\/www.josefbergs.com\/en\/news\/#primaryimage\"},\"image\":{\"@id\":\"https:\/\/www.josefbergs.com\/en\/news\/#primaryimage\"},\"thumbnailUrl\":\"https:\/\/www.josefbergs.com\/en\/wp-content\/uploads\/sites\/2\/2024\/10\/jb-blog-stamping-news-650x650.jpg\",\"datePublished\":\"2025-05-30T22:01:15+00:00\",\"dateModified\":\"2025-06-04T11:54:56+00:00\",\"breadcrumb\":{\"@id\":\"https:\/\/www.josefbergs.com\/en\/news\/#breadcrumb\"},\"inLanguage\":\"en-US\",\"potentialAction\":[{\"@type\":\"ReadAction\",\"target\":[\"https:\/\/www.josefbergs.com\/en\/news\/\"]}]},{\"@type\":\"ImageObject\",\"inLanguage\":\"en-US\",\"@id\":\"https:\/\/www.josefbergs.com\/en\/news\/#primaryimage\",\"url\":\"https:\/\/www.josefbergs.com\/en\/wp-content\/uploads\/sites\/3\/2024\/10\/jb-blog-stamping-news.jpg\",\"contentUrl\":\"https:\/\/www.josefbergs.com\/en\/wp-content\/uploads\/sites\/3\/2024\/10\/jb-blog-stamping-news.jpg\",\"width\":820,\"height\":820,\"caption\":\"Stamping Innovations\"},{\"@type\":\"BreadcrumbList\",\"@id\":\"https:\/\/www.josefbergs.com\/en\/news\/#breadcrumb\",\"itemListElement\":[{\"@type\":\"ListItem\",\"position\":1,\"name\":\"Home\",\"item\":\"https:\/\/www.josefbergs.com\/en\/\"},{\"@type\":\"ListItem\",\"position\":2,\"name\":\"News\"}]},{\"@type\":\"WebSite\",\"@id\":\"https:\/\/www.josefbergs.com\/en\/#website\",\"url\":\"https:\/\/www.josefbergs.com\/en\/\",\"name\":\"Josef Bergs EN\",\"description\":\"The Original Metal Findings\",\"publisher\":{\"@id\":\"https:\/\/www.josefbergs.com\/en\/#organization\"},\"potentialAction\":[{\"@type\":\"SearchAction\",\"target\":{\"@type\":\"EntryPoint\",\"urlTemplate\":\"https:\/\/www.josefbergs.com\/en\/?s={search_term_string}\"},\"query-input\":{\"@type\":\"PropertyValueSpecification\",\"valueRequired\":true,\"valueName\":\"search_term_string\"}}],\"inLanguage\":\"en-US\"},{\"@type\":\"Organization\",\"@id\":\"https:\/\/www.josefbergs.com\/en\/#organization\",\"name\":\"Josef Bergs EN\",\"url\":\"https:\/\/www.josefbergs.com\/en\/\",\"logo\":{\"@type\":\"ImageObject\",\"inLanguage\":\"en-US\",\"@id\":\"https:\/\/www.josefbergs.com\/en\/#\/schema\/logo\/image\/\",\"url\":\"https:\/\/www.josefbergs.com\/en\/wp-content\/uploads\/sites\/3\/2025\/04\/josef-bergs-logo.png\",\"contentUrl\":\"https:\/\/www.josefbergs.com\/en\/wp-content\/uploads\/sites\/3\/2025\/04\/josef-bergs-logo.png\",\"width\":218,\"height\":82,\"caption\":\"Josef Bergs EN\"},\"image\":{\"@id\":\"https:\/\/www.josefbergs.com\/en\/#\/schema\/logo\/image\/\"}}]}<\/script>\n<!-- \/ Yoast SEO plugin. -->","yoast_head_json":{"title":"News - Josef Bergs EN","robots":{"index":"noindex","follow":"follow","max-snippet":"max-snippet:-1","max-image-preview":"max-image-preview:large","max-video-preview":"max-video-preview:-1"},"og_locale":"en_US","og_type":"article","og_title":"News - Josef Bergs EN","og_description":"Neue Vielfalt an Pr\u00e4geteilen f\u00fcr Schmuck &#038; Mode Josef Bergs bringt klassische Pr\u00e4geteile zur\u00fcck ins Programm: Vielf\u00e4ltige Neuheiten f\u00fcr Schmuckliebhaber Als renommiertes Unternehmen im Bereich der Schmuckpr\u00e4gungen und filig In guten H\u00e4nden \u2013 Bergs \u00fcbernimmt einen Gro\u00dfteil der Franz Spitschan Metallschmuckkollektion Nachfolge aus Leidenschaft &#8211; Bergs als Beh\u00fcter traditoneller gablonzer Metallwaren Die Firma Josef Bergs [&hellip;]","og_url":"https:\/\/www.josefbergs.com\/en\/news\/","og_site_name":"Josef Bergs EN","article_modified_time":"2025-06-04T11:54:56+00:00","og_image":[{"url":"https:\/\/www.josefbergs.com\/en\/wp-content\/uploads\/sites\/2\/2024\/10\/jb-blog-stamping-news-650x650.jpg","type":"","width":"","height":""}],"twitter_card":"summary_large_image","twitter_misc":{"Est. reading time":"4 minutes"},"schema":{"@context":"https:\/\/schema.org","@graph":[{"@type":"WebPage","@id":"https:\/\/www.josefbergs.com\/en\/news\/","url":"https:\/\/www.josefbergs.com\/en\/news\/","name":"News - Josef Bergs EN","isPartOf":{"@id":"https:\/\/www.josefbergs.com\/en\/#website"},"primaryImageOfPage":{"@id":"https:\/\/www.josefbergs.com\/en\/news\/#primaryimage"},"image":{"@id":"https:\/\/www.josefbergs.com\/en\/news\/#primaryimage"},"thumbnailUrl":"https:\/\/www.josefbergs.com\/en\/wp-content\/uploads\/sites\/2\/2024\/10\/jb-blog-stamping-news-650x650.jpg","datePublished":"2025-05-30T22:01:15+00:00","dateModified":"2025-06-04T11:54:56+00:00","breadcrumb":{"@id":"https:\/\/www.josefbergs.com\/en\/news\/#breadcrumb"},"inLanguage":"en-US","potentialAction":[{"@type":"ReadAction","target":["https:\/\/www.josefbergs.com\/en\/news\/"]}]},{"@type":"ImageObject","inLanguage":"en-US","@id":"https:\/\/www.josefbergs.com\/en\/news\/#primaryimage","url":"https:\/\/www.josefbergs.com\/en\/wp-content\/uploads\/sites\/3\/2024\/10\/jb-blog-stamping-news.jpg","contentUrl":"https:\/\/www.josefbergs.com\/en\/wp-content\/uploads\/sites\/3\/2024\/10\/jb-blog-stamping-news.jpg","width":820,"height":820,"caption":"Stamping Innovations"},{"@type":"BreadcrumbList","@id":"https:\/\/www.josefbergs.com\/en\/news\/#breadcrumb","itemListElement":[{"@type":"ListItem","position":1,"name":"Home","item":"https:\/\/www.josefbergs.com\/en\/"},{"@type":"ListItem","position":2,"name":"News"}]},{"@type":"WebSite","@id":"https:\/\/www.josefbergs.com\/en\/#website","url":"https:\/\/www.josefbergs.com\/en\/","name":"Josef Bergs EN","description":"The Original Metal Findings","publisher":{"@id":"https:\/\/www.josefbergs.com\/en\/#organization"},"potentialAction":[{"@type":"SearchAction","target":{"@type":"EntryPoint","urlTemplate":"https:\/\/www.josefbergs.com\/en\/?s={search_term_string}"},"query-input":{"@type":"PropertyValueSpecification","valueRequired":true,"valueName":"search_term_string"}}],"inLanguage":"en-US"},{"@type":"Organization","@id":"https:\/\/www.josefbergs.com\/en\/#organization","name":"Josef Bergs EN","url":"https:\/\/www.josefbergs.com\/en\/","logo":{"@type":"ImageObject","inLanguage":"en-US","@id":"https:\/\/www.josefbergs.com\/en\/#\/schema\/logo\/image\/","url":"https:\/\/www.josefbergs.com\/en\/wp-content\/uploads\/sites\/3\/2025\/04\/josef-bergs-logo.png","contentUrl":"https:\/\/www.josefbergs.com\/en\/wp-content\/uploads\/sites\/3\/2025\/04\/josef-bergs-logo.png","width":218,"height":82,"caption":"Josef Bergs EN"},"image":{"@id":"https:\/\/www.josefbergs.com\/en\/#\/schema\/logo\/image\/"}}]}},"_links":{"self":[{"href":"https:\/\/www.josefbergs.com\/en\/wp-json\/wp\/v2\/pages\/1022","targetHints":{"allow":["GET"]}}],"collection":[{"href":"https:\/\/www.josefbergs.com\/en\/wp-json\/wp\/v2\/pages"}],"about":[{"href":"https:\/\/www.josefbergs.com\/en\/wp-json\/wp\/v2\/types\/page"}],"author":[{"embeddable":true,"href":"https:\/\/www.josefbergs.com\/en\/wp-json\/wp\/v2\/users\/1"}],"replies":[{"embeddable":true,"href":"https:\/\/www.josefbergs.com\/en\/wp-json\/wp\/v2\/comments?post=1022"}],"version-history":[{"count":22,"href":"https:\/\/www.josefbergs.com\/en\/wp-json\/wp\/v2\/pages\/1022\/revisions"}],"predecessor-version":[{"id":1311,"href":"https:\/\/www.josefbergs.com\/en\/wp-json\/wp\/v2\/pages\/1022\/revisions\/1311"}],"wp:attachment":[{"href":"https:\/\/www.josefbergs.com\/en\/wp-json\/wp\/v2\/media?parent=1022"}],"wp:term":[{"taxonomy":"category","embeddable":true,"href":"https:\/\/www.josefbergs.com\/en\/wp-json\/wp\/v2\/categories?post=1022"},{"taxonomy":"post_tag","embeddable":true,"href":"https:\/\/www.josefbergs.com\/en\/wp-json\/wp\/v2\/tags?post=1022"}],"curies":[{"name":"wp","href":"https:\/\/api.w.org\/{rel}","templated":true}]}}