{"id":84,"date":"2025-03-08T16:55:10","date_gmt":"2025-03-08T15:55:10","guid":{"rendered":"https:\/\/www.josefbergs.com\/en\/?page_id=84"},"modified":"2025-07-05T22:11:34","modified_gmt":"2025-07-05T20:11:34","slug":"imprint","status":"publish","type":"page","link":"https:\/\/www.josefbergs.com\/en\/imprint\/","title":{"rendered":"Imprint"},"content":{"rendered":"\t\t<div data-elementor-type=\"wp-page\" data-elementor-id=\"84\" class=\"elementor elementor-84\">\n\t\t\t\t<div class=\"elementor-element elementor-element-302c337 e-flex e-con-boxed e-con e-parent\" data-id=\"302c337\" data-element_type=\"container\">\n\t\t\t\t\t<div class=\"e-con-inner\">\n\t\t\t\t<div class=\"elementor-element elementor-element-88ddaaf elementor-widget elementor-widget-heading\" data-id=\"88ddaaf\" data-element_type=\"widget\" data-widget_type=\"heading.default\">\n\t\t\t\t<div class=\"elementor-widget-container\">\n\t\t\t\t\t<h5 class=\"elementor-heading-title elementor-size-default\">Legal information<\/h5>\t\t\t\t<\/div>\n\t\t\t\t<\/div>\n\t\t\t\t<div class=\"elementor-element elementor-element-d54273c elementor-widget elementor-widget-heading\" data-id=\"d54273c\" data-element_type=\"widget\" data-widget_type=\"heading.default\">\n\t\t\t\t<div class=\"elementor-widget-container\">\n\t\t\t\t\t<h4 class=\"elementor-heading-title elementor-size-default\">IMPRINT<\/h4>\t\t\t\t<\/div>\n\t\t\t\t<\/div>\n\t\t\t\t\t<\/div>\n\t\t\t\t<\/div>\n\t\t<div class=\"elementor-element elementor-element-e9eb505 e-con-full e-flex e-con e-parent\" data-id=\"e9eb505\" data-element_type=\"container\">\n\t\t<div class=\"elementor-element elementor-element-a1eb958 e-con-full e-flex e-con e-child\" data-id=\"a1eb958\" data-element_type=\"container\">\n\t\t\t\t<div class=\"elementor-element elementor-element-7f0cdc9 elementor-widget elementor-widget-text-editor\" data-id=\"7f0cdc9\" data-element_type=\"widget\" data-widget_type=\"text-editor.default\">\n\t\t\t\t<div class=\"elementor-widget-container\">\n\t\t\t\t\t\t\t\t\t<div class=\"wpb_column vc_column_container vc_col-sm-6\"><div class=\"vc_column-inner\"><div class=\"wpb_wrapper\"><div class=\"wpb_text_column wpb_content_element \"><div class=\"wpb_wrapper\"><p><span style=\"color: #333333;\"><strong>Legal website operator identification:<\/strong><\/span><\/p><p>Josef Bergs GmbH &amp; Co. KG<br \/>diese vertreten durch den Gesch\u00e4ftsf\u00fchrer Markus Sch\u00f6ler<br \/>Sudetenstr. 86<br \/>87600 Kaufbeuren<br \/>Germany<\/p><p>Phone: +49-8341-979 70<br \/>Fax: +49-8341-666 57<br \/>E-Mail: info@josefbergs.com<\/p><p>VAT-ID: DE 128 660 577<br \/>Registry Court: Kaubeuren, Germany<br \/>Commercial Register HR A 1085<\/p><p>Responsible for the contents as per \u00a7 55 of the RStV (Interstate Broadcasting Agreement):<br \/>Martin G\u00f6tzfried<br \/>Sudetenstr. 86<br \/>87600 Kaufbeuren<\/p><\/div><\/div><\/div><\/div><\/div>\t\t\t\t\t\t\t\t<\/div>\n\t\t\t\t<\/div>\n\t\t\t\t<\/div>\n\t\t<div class=\"elementor-element elementor-element-8a782fc e-con-full e-flex e-con e-child\" data-id=\"8a782fc\" data-element_type=\"container\">\n\t\t\t\t<div class=\"elementor-element elementor-element-b2b12aa elementor-widget elementor-widget-text-editor\" data-id=\"b2b12aa\" data-element_type=\"widget\" data-widget_type=\"text-editor.default\">\n\t\t\t\t<div class=\"elementor-widget-container\">\n\t\t\t\t\t\t\t\t\t<div class=\"vc_row wpb_row vc_row-fluid\"><div class=\"wpb_column vc_column_container vc_col-sm-6\"><div class=\"vc_column-inner\"><div class=\"wpb_wrapper\"><div class=\"wpb_text_column wpb_content_element \"><div class=\"wpb_wrapper\"><p><span style=\"color: #333333;\"><strong>Legal information about website<\/strong><\/span><\/p><p>All texts, images and pieces of information published here are governed by the provider\u2019s copyright, insofar as the situation does not involve the copyrights of external parties. In any event, an operation involving duplication, distribution or public reproduction may only be carried out if revocable and untransferable authorisation has been obtained from the provider.<\/p><p>The provider assumes no responsibility for the online contents that are linked through the use of cross-references (links), since the situation in question does not involve in-house contents. The linked sites were checked for illegal contents, and no such contents were discernible when the link was set up. The operators of the linked sites are responsible for their contents. In this regard, the supplier is not subject to any general obligation to monitor or check. However, if a violation of the law becomes known, the respective link will promptly be removed.<\/p><p>\u00a9 Image video, Martin Proke\u0161 martinprokesphoto@gmail.com<\/p><\/div><\/div><\/div><\/div><\/div><\/div>\t\t\t\t\t\t\t\t<\/div>\n\t\t\t\t<\/div>\n\t\t\t\t<\/div>\n\t\t\t\t<\/div>\n\t\t\t\t<\/div>\n\t\t","protected":false},"excerpt":{"rendered":"<p>Legal information IMPRINT Legal website operator identification: Josef Bergs GmbH &amp; Co. KGdiese vertreten durch den Gesch\u00e4ftsf\u00fchrer Markus Sch\u00f6lerSudetenstr. 8687600 KaufbeurenGermany Phone: +49-8341-979 70Fax: +49-8341-666 57E-Mail: info@josefbergs.com VAT-ID: DE 128 660 577Registry Court: Kaubeuren, GermanyCommercial Register HR A 1085 Responsible for the contents as per \u00a7 55 of the RStV (Interstate Broadcasting Agreement):Martin G\u00f6tzfriedSudetenstr. 8687600 [&hellip;]<\/p>\n","protected":false},"author":1,"featured_media":0,"parent":0,"menu_order":0,"comment_status":"closed","ping_status":"closed","template":"","meta":{"footnotes":""},"categories":[],"tags":[],"class_list":["post-84","page","type-page","status-publish","hentry"],"yoast_head":"<!-- This site is optimized with the Yoast SEO plugin v24.4 - https:\/\/yoast.com\/wordpress\/plugins\/seo\/ -->\n<title>Imprint - Josef Bergs EN<\/title>\n<meta name=\"robots\" content=\"noindex, follow, max-snippet:-1, max-image-preview:large, max-video-preview:-1\" \/>\n<meta property=\"og:locale\" content=\"en_US\" \/>\n<meta property=\"og:type\" content=\"article\" \/>\n<meta property=\"og:title\" content=\"Imprint - Josef Bergs EN\" \/>\n<meta property=\"og:description\" content=\"Legal information IMPRINT Legal website operator identification: Josef Bergs GmbH &amp; Co. KGdiese vertreten durch den Gesch\u00e4ftsf\u00fchrer Markus Sch\u00f6lerSudetenstr. 8687600 KaufbeurenGermany Phone: +49-8341-979 70Fax: +49-8341-666 57E-Mail: info@josefbergs.com VAT-ID: DE 128 660 577Registry Court: Kaubeuren, GermanyCommercial Register HR A 1085 Responsible for the contents as per \u00a7 55 of the RStV (Interstate Broadcasting Agreement):Martin G\u00f6tzfriedSudetenstr. 8687600 [&hellip;]\" \/>\n<meta property=\"og:url\" content=\"https:\/\/www.josefbergs.com\/en\/imprint\/\" \/>\n<meta property=\"og:site_name\" content=\"Josef Bergs EN\" \/>\n<meta property=\"article:modified_time\" content=\"2025-07-05T20:11:34+00:00\" \/>\n<meta name=\"twitter:card\" content=\"summary_large_image\" \/>\n<meta name=\"twitter:label1\" content=\"Est. reading time\" \/>\n\t<meta name=\"twitter:data1\" content=\"2 minutes\" \/>\n<script type=\"application\/ld+json\" class=\"yoast-schema-graph\">{\"@context\":\"https:\/\/schema.org\",\"@graph\":[{\"@type\":\"WebPage\",\"@id\":\"https:\/\/www.josefbergs.com\/en\/imprint\/\",\"url\":\"https:\/\/www.josefbergs.com\/en\/imprint\/\",\"name\":\"Imprint - Josef Bergs EN\",\"isPartOf\":{\"@id\":\"https:\/\/www.josefbergs.com\/en\/#website\"},\"datePublished\":\"2025-03-08T15:55:10+00:00\",\"dateModified\":\"2025-07-05T20:11:34+00:00\",\"breadcrumb\":{\"@id\":\"https:\/\/www.josefbergs.com\/en\/imprint\/#breadcrumb\"},\"inLanguage\":\"en-US\",\"potentialAction\":[{\"@type\":\"ReadAction\",\"target\":[\"https:\/\/www.josefbergs.com\/en\/imprint\/\"]}]},{\"@type\":\"BreadcrumbList\",\"@id\":\"https:\/\/www.josefbergs.com\/en\/imprint\/#breadcrumb\",\"itemListElement\":[{\"@type\":\"ListItem\",\"position\":1,\"name\":\"Home\",\"item\":\"https:\/\/www.josefbergs.com\/en\/\"},{\"@type\":\"ListItem\",\"position\":2,\"name\":\"Imprint\"}]},{\"@type\":\"WebSite\",\"@id\":\"https:\/\/www.josefbergs.com\/en\/#website\",\"url\":\"https:\/\/www.josefbergs.com\/en\/\",\"name\":\"Josef Bergs EN\",\"description\":\"The Original Metal Findings\",\"publisher\":{\"@id\":\"https:\/\/www.josefbergs.com\/en\/#organization\"},\"potentialAction\":[{\"@type\":\"SearchAction\",\"target\":{\"@type\":\"EntryPoint\",\"urlTemplate\":\"https:\/\/www.josefbergs.com\/en\/?s={search_term_string}\"},\"query-input\":{\"@type\":\"PropertyValueSpecification\",\"valueRequired\":true,\"valueName\":\"search_term_string\"}}],\"inLanguage\":\"en-US\"},{\"@type\":\"Organization\",\"@id\":\"https:\/\/www.josefbergs.com\/en\/#organization\",\"name\":\"Josef Bergs EN\",\"url\":\"https:\/\/www.josefbergs.com\/en\/\",\"logo\":{\"@type\":\"ImageObject\",\"inLanguage\":\"en-US\",\"@id\":\"https:\/\/www.josefbergs.com\/en\/#\/schema\/logo\/image\/\",\"url\":\"https:\/\/www.josefbergs.com\/en\/wp-content\/uploads\/sites\/3\/2025\/04\/josef-bergs-logo.png\",\"contentUrl\":\"https:\/\/www.josefbergs.com\/en\/wp-content\/uploads\/sites\/3\/2025\/04\/josef-bergs-logo.png\",\"width\":218,\"height\":82,\"caption\":\"Josef Bergs EN\"},\"image\":{\"@id\":\"https:\/\/www.josefbergs.com\/en\/#\/schema\/logo\/image\/\"}}]}<\/script>\n<!-- \/ Yoast SEO plugin. -->","yoast_head_json":{"title":"Imprint - Josef Bergs EN","robots":{"index":"noindex","follow":"follow","max-snippet":"max-snippet:-1","max-image-preview":"max-image-preview:large","max-video-preview":"max-video-preview:-1"},"og_locale":"en_US","og_type":"article","og_title":"Imprint - Josef Bergs EN","og_description":"Legal information IMPRINT Legal website operator identification: Josef Bergs GmbH &amp; Co. KGdiese vertreten durch den Gesch\u00e4ftsf\u00fchrer Markus Sch\u00f6lerSudetenstr. 8687600 KaufbeurenGermany Phone: +49-8341-979 70Fax: +49-8341-666 57E-Mail: info@josefbergs.com VAT-ID: DE 128 660 577Registry Court: Kaubeuren, GermanyCommercial Register HR A 1085 Responsible for the contents as per \u00a7 55 of the RStV (Interstate Broadcasting Agreement):Martin G\u00f6tzfriedSudetenstr. 8687600 [&hellip;]","og_url":"https:\/\/www.josefbergs.com\/en\/imprint\/","og_site_name":"Josef Bergs EN","article_modified_time":"2025-07-05T20:11:34+00:00","twitter_card":"summary_large_image","twitter_misc":{"Est. reading time":"2 minutes"},"schema":{"@context":"https:\/\/schema.org","@graph":[{"@type":"WebPage","@id":"https:\/\/www.josefbergs.com\/en\/imprint\/","url":"https:\/\/www.josefbergs.com\/en\/imprint\/","name":"Imprint - Josef Bergs EN","isPartOf":{"@id":"https:\/\/www.josefbergs.com\/en\/#website"},"datePublished":"2025-03-08T15:55:10+00:00","dateModified":"2025-07-05T20:11:34+00:00","breadcrumb":{"@id":"https:\/\/www.josefbergs.com\/en\/imprint\/#breadcrumb"},"inLanguage":"en-US","potentialAction":[{"@type":"ReadAction","target":["https:\/\/www.josefbergs.com\/en\/imprint\/"]}]},{"@type":"BreadcrumbList","@id":"https:\/\/www.josefbergs.com\/en\/imprint\/#breadcrumb","itemListElement":[{"@type":"ListItem","position":1,"name":"Home","item":"https:\/\/www.josefbergs.com\/en\/"},{"@type":"ListItem","position":2,"name":"Imprint"}]},{"@type":"WebSite","@id":"https:\/\/www.josefbergs.com\/en\/#website","url":"https:\/\/www.josefbergs.com\/en\/","name":"Josef Bergs EN","description":"The Original Metal Findings","publisher":{"@id":"https:\/\/www.josefbergs.com\/en\/#organization"},"potentialAction":[{"@type":"SearchAction","target":{"@type":"EntryPoint","urlTemplate":"https:\/\/www.josefbergs.com\/en\/?s={search_term_string}"},"query-input":{"@type":"PropertyValueSpecification","valueRequired":true,"valueName":"search_term_string"}}],"inLanguage":"en-US"},{"@type":"Organization","@id":"https:\/\/www.josefbergs.com\/en\/#organization","name":"Josef Bergs EN","url":"https:\/\/www.josefbergs.com\/en\/","logo":{"@type":"ImageObject","inLanguage":"en-US","@id":"https:\/\/www.josefbergs.com\/en\/#\/schema\/logo\/image\/","url":"https:\/\/www.josefbergs.com\/en\/wp-content\/uploads\/sites\/3\/2025\/04\/josef-bergs-logo.png","contentUrl":"https:\/\/www.josefbergs.com\/en\/wp-content\/uploads\/sites\/3\/2025\/04\/josef-bergs-logo.png","width":218,"height":82,"caption":"Josef Bergs EN"},"image":{"@id":"https:\/\/www.josefbergs.com\/en\/#\/schema\/logo\/image\/"}}]}},"_links":{"self":[{"href":"https:\/\/www.josefbergs.com\/en\/wp-json\/wp\/v2\/pages\/84","targetHints":{"allow":["GET"]}}],"collection":[{"href":"https:\/\/www.josefbergs.com\/en\/wp-json\/wp\/v2\/pages"}],"about":[{"href":"https:\/\/www.josefbergs.com\/en\/wp-json\/wp\/v2\/types\/page"}],"author":[{"embeddable":true,"href":"https:\/\/www.josefbergs.com\/en\/wp-json\/wp\/v2\/users\/1"}],"replies":[{"embeddable":true,"href":"https:\/\/www.josefbergs.com\/en\/wp-json\/wp\/v2\/comments?post=84"}],"version-history":[{"count":23,"href":"https:\/\/www.josefbergs.com\/en\/wp-json\/wp\/v2\/pages\/84\/revisions"}],"predecessor-version":[{"id":1680,"href":"https:\/\/www.josefbergs.com\/en\/wp-json\/wp\/v2\/pages\/84\/revisions\/1680"}],"wp:attachment":[{"href":"https:\/\/www.josefbergs.com\/en\/wp-json\/wp\/v2\/media?parent=84"}],"wp:term":[{"taxonomy":"category","embeddable":true,"href":"https:\/\/www.josefbergs.com\/en\/wp-json\/wp\/v2\/categories?post=84"},{"taxonomy":"post_tag","embeddable":true,"href":"https:\/\/www.josefbergs.com\/en\/wp-json\/wp\/v2\/tags?post=84"}],"curies":[{"name":"wp","href":"https:\/\/api.w.org\/{rel}","templated":true}]}}